{"id":767278,"date":"2025-08-28T12:42:32","date_gmt":"2025-08-28T09:42:32","guid":{"rendered":"https:\/\/roveyayinevi.com.tr\/index.php\/urun\/uzayli-ejderhalar\/"},"modified":"2026-04-15T03:32:51","modified_gmt":"2026-04-15T00:32:51","slug":"uzayli-ejderhalar","status":"publish","type":"product","link":"https:\/\/roveyayinevi.com.tr\/index.php\/urun\/uzayli-ejderhalar\/","title":{"rendered":"Uzayl\u0131 Ejderhalar"},"content":{"rendered":"<p>Tarih milattan \u00f6nce alt\u0131nc\u0131 y\u00fczy\u0131l\u0131n eyl\u00fcl ay\u0131n\u0131 g\u00f6steriyordu\u2026 G\u00f6ky\u00fcz\u00fcnde beliren UFO s\u00fcz\u00fclerek tepenin \u00fczerine indi. Arac\u0131n i\u00e7inden y\u00fczlerce boynuzlu, ay\u0131lar gibi pen\u00e7eli ve t\u00fcyl\u00fc varl\u0131klar Harput Kalesi\u2019ne sald\u0131rd\u0131lar. K\u0131ran k\u0131rana bir sava\u015f ba\u015flad\u0131. Kaleden a\u015fa\u011f\u0131 do\u011fru oklar, kaya par\u00e7alar\u0131, ta\u015flar ya\u011fmur gibi ya\u011f\u0131yordu. Yaralanan Uzayl\u0131 Ejderhalar k\u0131sa s\u00fcrede iyile\u015fiyor, hi\u00e7bir \u015fey olmam\u0131\u015f gibi tekrar sava\u015f\u0131yorlard\u0131. Bir s\u00fcre sonra kale kap\u0131s\u0131n\u0131 k\u0131r\u0131p i\u00e7eriye girdiler. Kale halk\u0131n\u0131 boynuz darbeleriyle ve pen\u00e7eleriyle k\u0131r\u0131p ge\u00e7irdiler. Harputlular kaleden ka\u00e7\u0131p \u00e7evredeki k\u00f6ylere s\u0131\u011f\u0131nd\u0131lar. Urartu Kral\u0131 Sarduri, aylar sonra binlerce ki\u015filik ordusuyla Harput Kalesi\u2019nin kap\u0131s\u0131na dayand\u0131. Uzayl\u0131 Ejderhalarla tarihte e\u015fi benzeri g\u00f6r\u00fclmemi\u015f, deh\u015fet dolu bir sava\u015fa tutu\u015ftular.   <\/p>\n","protected":false},"excerpt":{"rendered":"<p>Tarih milattan \u00f6nce alt\u0131nc\u0131 y\u00fczy\u0131l\u0131n eyl\u00fcl ay\u0131n\u0131 g\u00f6steriyordu\u2026 G\u00f6ky\u00fcz\u00fcnde beliren UFO s\u00fcz\u00fclerek tepenin \u00fczerine indi. Arac\u0131n i\u00e7inden y\u00fczlerce boynuzlu, ay\u0131lar gibi pen\u00e7eli ve t\u00fcyl\u00fc varl\u0131klar Harput<span class=\"excerpt-hellip\"> [\u2026]<\/span><\/p>\n","protected":false},"featured_media":0,"template":"","meta":{"_monsterinsights_skip_tracking":false,"_monsterinsights_sitenote_active":false,"_monsterinsights_sitenote_note":"","_monsterinsights_sitenote_category":0},"product_brand":[],"product_cat":[12291,14777],"product_tag":[],"class_list":{"0":"post-767278","1":"product","2":"type-product","3":"status-publish","5":"product_cat-edebiyat","6":"product_cat-fantastik","7":"pa_cilt-ciltsiz","8":"pa_tur-kitap","9":"pa_yayinevi-hazer-yayinlari","10":"pa_yazar-nihat-gokmen","12":"first","13":"instock","14":"sale","15":"shipping-taxable","16":"purchasable","17":"product-type-simple"},"_links":{"self":[{"href":"https:\/\/roveyayinevi.com.tr\/index.php\/wp-json\/wp\/v2\/product\/767278","targetHints":{"allow":["GET"]}}],"collection":[{"href":"https:\/\/roveyayinevi.com.tr\/index.php\/wp-json\/wp\/v2\/product"}],"about":[{"href":"https:\/\/roveyayinevi.com.tr\/index.php\/wp-json\/wp\/v2\/types\/product"}],"wp:attachment":[{"href":"https:\/\/roveyayinevi.com.tr\/index.php\/wp-json\/wp\/v2\/media?parent=767278"}],"wp:term":[{"taxonomy":"product_brand","embeddable":true,"href":"https:\/\/roveyayinevi.com.tr\/index.php\/wp-json\/wp\/v2\/product_brand?post=767278"},{"taxonomy":"product_cat","embeddable":true,"href":"https:\/\/roveyayinevi.com.tr\/index.php\/wp-json\/wp\/v2\/product_cat?post=767278"},{"taxonomy":"product_tag","embeddable":true,"href":"https:\/\/roveyayinevi.com.tr\/index.php\/wp-json\/wp\/v2\/product_tag?post=767278"}],"curies":[{"name":"wp","href":"https:\/\/api.w.org\/{rel}","templated":true}]}}