{"id":767277,"date":"2025-08-28T12:42:30","date_gmt":"2025-08-28T09:42:30","guid":{"rendered":"https:\/\/roveyayinevi.com.tr\/index.php\/urun\/buyunun-efendisi\/"},"modified":"2026-04-15T03:32:51","modified_gmt":"2026-04-15T00:32:51","slug":"buyunun-efendisi","status":"publish","type":"product","link":"https:\/\/roveyayinevi.com.tr\/index.php\/urun\/buyunun-efendisi\/","title":{"rendered":"B\u00fcy\u00fcn\u00fcn Efendisi"},"content":{"rendered":"<p>\u0130htiyar Kurt ile G\u00f6lge Adam, binlerce ki\u015filik ordular\u0131yla Korku Kalesi\u2019nin kap\u0131lar\u0131na dayan\u0131rlar. Sihirli Asa\u2019n\u0131n b\u00fcy\u00fcl\u00fc g\u00fcc\u00fcyle onlar\u0131 a\u011f\u0131r bir yenilgiye u\u011fratan Yarasa Adam, B\u00fcy\u00fcn\u00fcn Efendisi ilan edilir.    Ye\u015fil Gezegen\u2019i cehenneme \u00e7eviren G\u00f6lge Adam ile \u0130htiyar Kurt; k\u00f6yleri basar, insanlar\u0131 \u00f6ld\u00fcr\u00fcr, korkun\u00e7 k\u00f6t\u00fcl\u00fckler yaparlar. Onlara kar\u015f\u0131 harekete ge\u00e7en B\u00fcy\u00fcn\u00fcn Efendisi, ilk\u00f6nce Karanl\u0131k Ma\u011faralar\u0131 basar ve \u0130htiyar Kurt\u2019u tutuklar. Ard\u0131ndan Zehirli Havza\u2019y\u0131 ele ge\u00e7irir ve G\u00f6lge Adam\u2019\u0131 zindana kapat\u0131r.    Deh\u015fet dolu bu olaylar devam ederken, birdenbire dev ejderhalar ortaya \u00e7\u0131karlar. A\u011f\u0131zlar\u0131yla metrelerce \u00f6telere alevler p\u00fcsk\u00fcrten bu canavarlar, \u00f6nlerine gelen her \u015feyi yakar, y\u0131kar ve yok ederler. <\/p>\n","protected":false},"excerpt":{"rendered":"<p>\u0130htiyar Kurt ile G\u00f6lge Adam, binlerce ki\u015filik ordular\u0131yla Korku Kalesi\u2019nin kap\u0131lar\u0131na dayan\u0131rlar. Sihirli Asa\u2019n\u0131n b\u00fcy\u00fcl\u00fc g\u00fcc\u00fcyle onlar\u0131 a\u011f\u0131r bir yenilgiye u\u011fratan Yarasa Adam, B\u00fcy\u00fcn\u00fcn Efendisi ilan<span class=\"excerpt-hellip\"> [\u2026]<\/span><\/p>\n","protected":false},"featured_media":0,"template":"","meta":{"_monsterinsights_skip_tracking":false,"_monsterinsights_sitenote_active":false,"_monsterinsights_sitenote_note":"","_monsterinsights_sitenote_category":0},"product_brand":[],"product_cat":[12291,14777],"product_tag":[],"class_list":{"0":"post-767277","1":"product","2":"type-product","3":"status-publish","5":"product_cat-edebiyat","6":"product_cat-fantastik","7":"pa_cilt-ciltsiz","8":"pa_tur-kitap","9":"pa_yayinevi-hazer-yayinlari","10":"pa_yazar-nihat-gokmen","12":"first","13":"instock","14":"sale","15":"shipping-taxable","16":"purchasable","17":"product-type-simple"},"_links":{"self":[{"href":"https:\/\/roveyayinevi.com.tr\/index.php\/wp-json\/wp\/v2\/product\/767277","targetHints":{"allow":["GET"]}}],"collection":[{"href":"https:\/\/roveyayinevi.com.tr\/index.php\/wp-json\/wp\/v2\/product"}],"about":[{"href":"https:\/\/roveyayinevi.com.tr\/index.php\/wp-json\/wp\/v2\/types\/product"}],"wp:attachment":[{"href":"https:\/\/roveyayinevi.com.tr\/index.php\/wp-json\/wp\/v2\/media?parent=767277"}],"wp:term":[{"taxonomy":"product_brand","embeddable":true,"href":"https:\/\/roveyayinevi.com.tr\/index.php\/wp-json\/wp\/v2\/product_brand?post=767277"},{"taxonomy":"product_cat","embeddable":true,"href":"https:\/\/roveyayinevi.com.tr\/index.php\/wp-json\/wp\/v2\/product_cat?post=767277"},{"taxonomy":"product_tag","embeddable":true,"href":"https:\/\/roveyayinevi.com.tr\/index.php\/wp-json\/wp\/v2\/product_tag?post=767277"}],"curies":[{"name":"wp","href":"https:\/\/api.w.org\/{rel}","templated":true}]}}