{"id":767276,"date":"2025-08-28T12:42:28","date_gmt":"2025-08-28T09:42:28","guid":{"rendered":"https:\/\/roveyayinevi.com.tr\/index.php\/urun\/hayalet-3\/"},"modified":"2026-04-15T03:32:51","modified_gmt":"2026-04-15T00:32:51","slug":"hayalet-3","status":"publish","type":"product","link":"https:\/\/roveyayinevi.com.tr\/index.php\/urun\/hayalet-3\/","title":{"rendered":"Hayalet"},"content":{"rendered":"<p>\u00c7ad\u0131rlar\u0131n i\u00e7inde uyuyan gen\u00e7ler, panikle g\u00f6zlerini a\u00e7t\u0131klar\u0131nda kar\u015f\u0131lar\u0131nda kara g\u00f6lgelerden ibaret, birer bez par\u00e7as\u0131 gibi dalgalanan, acayip varl\u0131klarla kar\u015f\u0131la\u015ft\u0131lar. G\u00f6zlerine inanmad\u0131lar, hayal g\u00f6rd\u00fcklerini san\u0131yorlard\u0131. Ancak kar\u015f\u0131lar\u0131nda bekleyen hayaletlerin ta kendisiydi. Ak\u0131llar\u0131 ba\u015flar\u0131ndan gitmi\u015f, olduklar\u0131 yere \u00e7ak\u0131lm\u0131\u015flard\u0131. Harekete ge\u00e7en hayaletler, her birini enselerinden kap\u0131p havaland\u0131lar. Birka\u00e7 dakika sonra kendilerini insan iskeletleriyle dolu bir ma\u011faran\u0131n i\u00e7inde buldular. Kilometrelerce uzunlu\u011fundaki ma\u011farada; y\u0131lanlarla, timsahlarla, s\u0131rtlanlarla ve et yiyen kar\u0131ncalarla kaynayan b\u00f6l\u00fcmler onlar\u0131 bekliyordu. Ac\u0131lardan ac\u0131, gerilimlerden gerilim, korkulardan korku, \u00f6l\u00fcmlerden \u00f6l\u00fcm se\u00e7mek zorundayd\u0131lar. <\/p>\n","protected":false},"excerpt":{"rendered":"<p>\u00c7ad\u0131rlar\u0131n i\u00e7inde uyuyan gen\u00e7ler, panikle g\u00f6zlerini a\u00e7t\u0131klar\u0131nda kar\u015f\u0131lar\u0131nda kara g\u00f6lgelerden ibaret, birer bez par\u00e7as\u0131 gibi dalgalanan, acayip varl\u0131klarla kar\u015f\u0131la\u015ft\u0131lar. G\u00f6zlerine inanmad\u0131lar, hayal g\u00f6rd\u00fcklerini san\u0131yorlard\u0131. Ancak kar\u015f\u0131lar\u0131nda<span class=\"excerpt-hellip\"> [\u2026]<\/span><\/p>\n","protected":false},"featured_media":0,"template":"","meta":{"_monsterinsights_skip_tracking":false,"_monsterinsights_sitenote_active":false,"_monsterinsights_sitenote_note":"","_monsterinsights_sitenote_category":0},"product_brand":[],"product_cat":[12291,14777],"product_tag":[],"class_list":{"0":"post-767276","1":"product","2":"type-product","3":"status-publish","5":"product_cat-edebiyat","6":"product_cat-fantastik","7":"pa_cilt-ciltsiz","8":"pa_tur-kitap","9":"pa_yayinevi-hazer-yayinlari","10":"pa_yazar-nihat-gokmen","12":"first","13":"instock","14":"sale","15":"shipping-taxable","16":"purchasable","17":"product-type-simple"},"_links":{"self":[{"href":"https:\/\/roveyayinevi.com.tr\/index.php\/wp-json\/wp\/v2\/product\/767276","targetHints":{"allow":["GET"]}}],"collection":[{"href":"https:\/\/roveyayinevi.com.tr\/index.php\/wp-json\/wp\/v2\/product"}],"about":[{"href":"https:\/\/roveyayinevi.com.tr\/index.php\/wp-json\/wp\/v2\/types\/product"}],"wp:attachment":[{"href":"https:\/\/roveyayinevi.com.tr\/index.php\/wp-json\/wp\/v2\/media?parent=767276"}],"wp:term":[{"taxonomy":"product_brand","embeddable":true,"href":"https:\/\/roveyayinevi.com.tr\/index.php\/wp-json\/wp\/v2\/product_brand?post=767276"},{"taxonomy":"product_cat","embeddable":true,"href":"https:\/\/roveyayinevi.com.tr\/index.php\/wp-json\/wp\/v2\/product_cat?post=767276"},{"taxonomy":"product_tag","embeddable":true,"href":"https:\/\/roveyayinevi.com.tr\/index.php\/wp-json\/wp\/v2\/product_tag?post=767276"}],"curies":[{"name":"wp","href":"https:\/\/api.w.org\/{rel}","templated":true}]}}