{"id":767275,"date":"2025-08-28T12:42:26","date_gmt":"2025-08-28T09:42:26","guid":{"rendered":"https:\/\/roveyayinevi.com.tr\/index.php\/urun\/son-dinozorlar\/"},"modified":"2026-04-15T03:32:51","modified_gmt":"2026-04-15T00:32:51","slug":"son-dinozorlar","status":"publish","type":"product","link":"https:\/\/roveyayinevi.com.tr\/index.php\/urun\/son-dinozorlar\/","title":{"rendered":"Son Dinozorlar"},"content":{"rendered":"<p>Zaman, tarih \u00f6ncesi karanl\u0131k \u00e7a\u011flar\u0131 g\u00f6steriyordu. Afrika\u2019n\u0131n vah\u015fi do\u011fas\u0131nda, her g\u00fcn deh\u015fet dolu bir\u00e7ok olaylar ya\u015fan\u0131yordu. \u0130lkel kabileler aras\u0131ndaki sava\u015flar giderek h\u0131z kazan\u0131yor, ortal\u0131k yang\u0131n yerine d\u00f6n\u00fc\u015f\u00fcyordu.    Her biri birer otob\u00fcs b\u00fcy\u00fckl\u00fc\u011f\u00fcndeki dev dinozorlar, g\u00f6ky\u00fcz\u00fcnde beliren u\u00e7an timsahlar, hayat\u0131 bir cehenneme \u00e7evirmi\u015flerdi. Bu canavarlardan birisi g\u00f6ky\u00fcz\u00fcnde, di\u011feri karadan bast\u0131r\u0131yor, her \u015feyi alt\u00fcst ediyorlard\u0131. Di\u011fer hayvan s\u00fcr\u00fclerini katlediyor, yerle\u015fim birimlerini bas\u0131yor, kul\u00fcbeleri yerle bir ediyorlard\u0131. Ele ge\u00e7irdikleri insanlar\u0131 parampar\u00e7a edip, birka\u00e7 lokmada midelerine indiriyorlard\u0131.    K\u0131z\u0131l Reis ve arkada\u015flar\u0131; zehirli oklarla onlara kar\u015f\u0131 koyuyor, b\u00fcy\u00fck tehlikelerle sars\u0131l\u0131yorlard\u0131. D\u00fcnyan\u0131n en gerilimli, en korkun\u00e7 ve aksiyon dolu maceralar\u0131n biri bitmeden, bir \u00f6tekisi ba\u015fl\u0131yordu.<\/p>\n","protected":false},"excerpt":{"rendered":"<p>Zaman, tarih \u00f6ncesi karanl\u0131k \u00e7a\u011flar\u0131 g\u00f6steriyordu. Afrika\u2019n\u0131n vah\u015fi do\u011fas\u0131nda, her g\u00fcn deh\u015fet dolu bir\u00e7ok olaylar ya\u015fan\u0131yordu. \u0130lkel kabileler aras\u0131ndaki sava\u015flar giderek h\u0131z kazan\u0131yor, ortal\u0131k yang\u0131n yerine<span class=\"excerpt-hellip\"> [\u2026]<\/span><\/p>\n","protected":false},"featured_media":0,"template":"","meta":{"_monsterinsights_skip_tracking":false,"_monsterinsights_sitenote_active":false,"_monsterinsights_sitenote_note":"","_monsterinsights_sitenote_category":0},"product_brand":[],"product_cat":[12291,14777],"product_tag":[],"class_list":{"0":"post-767275","1":"product","2":"type-product","3":"status-publish","5":"product_cat-edebiyat","6":"product_cat-fantastik","7":"pa_cilt-ciltsiz","8":"pa_tur-kitap","9":"pa_yayinevi-hazer-yayinlari","10":"pa_yazar-nihat-gokmen","12":"first","13":"instock","14":"sale","15":"shipping-taxable","16":"purchasable","17":"product-type-simple"},"_links":{"self":[{"href":"https:\/\/roveyayinevi.com.tr\/index.php\/wp-json\/wp\/v2\/product\/767275","targetHints":{"allow":["GET"]}}],"collection":[{"href":"https:\/\/roveyayinevi.com.tr\/index.php\/wp-json\/wp\/v2\/product"}],"about":[{"href":"https:\/\/roveyayinevi.com.tr\/index.php\/wp-json\/wp\/v2\/types\/product"}],"wp:attachment":[{"href":"https:\/\/roveyayinevi.com.tr\/index.php\/wp-json\/wp\/v2\/media?parent=767275"}],"wp:term":[{"taxonomy":"product_brand","embeddable":true,"href":"https:\/\/roveyayinevi.com.tr\/index.php\/wp-json\/wp\/v2\/product_brand?post=767275"},{"taxonomy":"product_cat","embeddable":true,"href":"https:\/\/roveyayinevi.com.tr\/index.php\/wp-json\/wp\/v2\/product_cat?post=767275"},{"taxonomy":"product_tag","embeddable":true,"href":"https:\/\/roveyayinevi.com.tr\/index.php\/wp-json\/wp\/v2\/product_tag?post=767275"}],"curies":[{"name":"wp","href":"https:\/\/api.w.org\/{rel}","templated":true}]}}