{"id":767274,"date":"2025-08-28T12:42:24","date_gmt":"2025-08-28T09:42:24","guid":{"rendered":"https:\/\/roveyayinevi.com.tr\/index.php\/urun\/marsli-yaratiklar\/"},"modified":"2026-04-15T03:32:51","modified_gmt":"2026-04-15T00:32:51","slug":"marsli-yaratiklar","status":"publish","type":"product","link":"https:\/\/roveyayinevi.com.tr\/index.php\/urun\/marsli-yaratiklar\/","title":{"rendered":"Marsl\u0131 Yarat\u0131klar"},"content":{"rendered":"<p>Longoz Ormanlar\u0131\u2019nda bir anda Marsl\u0131 yarat\u0131klarla kar\u015f\u0131 kar\u015f\u0131ya kalan gen\u00e7ler, hayatlar\u0131n\u0131n en b\u00fcy\u00fck \u015fokunu ya\u015farlar. Deh\u015fet dolu dakikalardan sonra onlarla arkada\u015f olurlar. Ard\u0131ndan g\u00fcnlerce K\u0131rklareli\u2019nin tarihi ve do\u011fal g\u00fczelliklerini gezerler.    Bir s\u00fcre sonra hep birlikte, birer roket gibi havalanarak uzay\u0131n sonsuz maviliklerine a\u00e7\u0131l\u0131rlar. \u0130ki y\u00fcz yirmi be\u015f milyon kilometre yol giderek, Mars\u2019a ula\u015f\u0131rlar. K\u0131z\u0131l Gezegen\u2019deki her \u015fey onlar\u0131 \u015fa\u015fk\u0131na \u00e7evirir. Aylarca gizemli ve b\u00fcy\u00fcl\u00fc bir\u00e7ok olayla ba\u015f ba\u015fa kald\u0131lar. Her \u015fey yolunda giderken, bir anda kar\u015f\u0131lar\u0131na Kara G\u00f6lgeler dikildiler.   O andan itibaren, tarihte e\u015fi benzeri g\u00f6r\u00fclmemi\u015f, deh\u015fet dolu, birbirinden korkun\u00e7 olaylar ba\u015flar. I\u015f\u0131nlanan sihirli y\u00fcz\u00fckler, her \u015feyi alt\u00fcst eder, gezegenin k\u00f6t\u00fc kaderini de\u011fi\u015ftirir. <\/p>\n","protected":false},"excerpt":{"rendered":"<p>Longoz Ormanlar\u0131\u2019nda bir anda Marsl\u0131 yarat\u0131klarla kar\u015f\u0131 kar\u015f\u0131ya kalan gen\u00e7ler, hayatlar\u0131n\u0131n en b\u00fcy\u00fck \u015fokunu ya\u015farlar. Deh\u015fet dolu dakikalardan sonra onlarla arkada\u015f olurlar. Ard\u0131ndan g\u00fcnlerce K\u0131rklareli\u2019nin tarihi<span class=\"excerpt-hellip\"> [\u2026]<\/span><\/p>\n","protected":false},"featured_media":0,"template":"","meta":{"_monsterinsights_skip_tracking":false,"_monsterinsights_sitenote_active":false,"_monsterinsights_sitenote_note":"","_monsterinsights_sitenote_category":0},"product_brand":[],"product_cat":[12291,14777],"product_tag":[],"class_list":{"0":"post-767274","1":"product","2":"type-product","3":"status-publish","5":"product_cat-edebiyat","6":"product_cat-fantastik","7":"pa_cilt-ciltsiz","8":"pa_tur-kitap","9":"pa_yayinevi-hazer-yayinlari","10":"pa_yazar-nihat-gokmen","12":"first","13":"instock","14":"sale","15":"shipping-taxable","16":"purchasable","17":"product-type-simple"},"_links":{"self":[{"href":"https:\/\/roveyayinevi.com.tr\/index.php\/wp-json\/wp\/v2\/product\/767274","targetHints":{"allow":["GET"]}}],"collection":[{"href":"https:\/\/roveyayinevi.com.tr\/index.php\/wp-json\/wp\/v2\/product"}],"about":[{"href":"https:\/\/roveyayinevi.com.tr\/index.php\/wp-json\/wp\/v2\/types\/product"}],"wp:attachment":[{"href":"https:\/\/roveyayinevi.com.tr\/index.php\/wp-json\/wp\/v2\/media?parent=767274"}],"wp:term":[{"taxonomy":"product_brand","embeddable":true,"href":"https:\/\/roveyayinevi.com.tr\/index.php\/wp-json\/wp\/v2\/product_brand?post=767274"},{"taxonomy":"product_cat","embeddable":true,"href":"https:\/\/roveyayinevi.com.tr\/index.php\/wp-json\/wp\/v2\/product_cat?post=767274"},{"taxonomy":"product_tag","embeddable":true,"href":"https:\/\/roveyayinevi.com.tr\/index.php\/wp-json\/wp\/v2\/product_tag?post=767274"}],"curies":[{"name":"wp","href":"https:\/\/api.w.org\/{rel}","templated":true}]}}