{"id":767270,"date":"2025-08-28T12:42:16","date_gmt":"2025-08-28T09:42:16","guid":{"rendered":"https:\/\/roveyayinevi.com.tr\/index.php\/urun\/kayip-kristal-sehir\/"},"modified":"2026-04-15T03:32:51","modified_gmt":"2026-04-15T00:32:51","slug":"kayip-kristal-sehir","status":"publish","type":"product","link":"https:\/\/roveyayinevi.com.tr\/index.php\/urun\/kayip-kristal-sehir\/","title":{"rendered":"Kay\u0131p Kristal \u015eehir"},"content":{"rendered":"<p>\u0130ki kanka bir ansiklopedide g\u00f6rd\u00fckleri dinozoru ara\u015ft\u0131r\u0131rken beklenmedik bir maceran\u0131n i\u00e7ine \u00e7ekilirler. Kay\u0131p Kristal \u015eehir\u2019i ancak \u00f6zel g\u00fc\u00e7leri olan biri kurtarabilecektir. Girdikleri ormandan \u00e7\u0131k\u0131\u015f\u0131n tek yolu budur.    Kahramanlar\u0131m\u0131za siz de yard\u0131m etmeye haz\u0131r m\u0131s\u0131n\u0131z? <\/p>\n","protected":false},"excerpt":{"rendered":"<p>\u0130ki kanka bir ansiklopedide g\u00f6rd\u00fckleri dinozoru ara\u015ft\u0131r\u0131rken beklenmedik bir maceran\u0131n i\u00e7ine \u00e7ekilirler. Kay\u0131p Kristal \u015eehir\u2019i ancak \u00f6zel g\u00fc\u00e7leri olan biri kurtarabilecektir. Girdikleri ormandan \u00e7\u0131k\u0131\u015f\u0131n tek yolu<span class=\"excerpt-hellip\"> [\u2026]<\/span><\/p>\n","protected":false},"featured_media":0,"template":"","meta":{"_monsterinsights_skip_tracking":false,"_monsterinsights_sitenote_active":false,"_monsterinsights_sitenote_note":"","_monsterinsights_sitenote_category":0},"product_brand":[],"product_cat":[12291,14777],"product_tag":[],"class_list":{"0":"post-767270","1":"product","2":"type-product","3":"status-publish","5":"product_cat-edebiyat","6":"product_cat-fantastik","7":"pa_cilt-ciltsiz","8":"pa_tur-kitap","9":"pa_yayinevi-hazer-yayinlari","10":"pa_yazar-nesrin-hazer","12":"first","13":"instock","14":"sale","15":"shipping-taxable","16":"purchasable","17":"product-type-simple"},"_links":{"self":[{"href":"https:\/\/roveyayinevi.com.tr\/index.php\/wp-json\/wp\/v2\/product\/767270","targetHints":{"allow":["GET"]}}],"collection":[{"href":"https:\/\/roveyayinevi.com.tr\/index.php\/wp-json\/wp\/v2\/product"}],"about":[{"href":"https:\/\/roveyayinevi.com.tr\/index.php\/wp-json\/wp\/v2\/types\/product"}],"wp:attachment":[{"href":"https:\/\/roveyayinevi.com.tr\/index.php\/wp-json\/wp\/v2\/media?parent=767270"}],"wp:term":[{"taxonomy":"product_brand","embeddable":true,"href":"https:\/\/roveyayinevi.com.tr\/index.php\/wp-json\/wp\/v2\/product_brand?post=767270"},{"taxonomy":"product_cat","embeddable":true,"href":"https:\/\/roveyayinevi.com.tr\/index.php\/wp-json\/wp\/v2\/product_cat?post=767270"},{"taxonomy":"product_tag","embeddable":true,"href":"https:\/\/roveyayinevi.com.tr\/index.php\/wp-json\/wp\/v2\/product_tag?post=767270"}],"curies":[{"name":"wp","href":"https:\/\/api.w.org\/{rel}","templated":true}]}}