{"id":767269,"date":"2025-08-28T12:42:14","date_gmt":"2025-08-28T09:42:14","guid":{"rendered":"https:\/\/roveyayinevi.com.tr\/index.php\/urun\/hey-anadolum\/"},"modified":"2026-04-15T03:32:51","modified_gmt":"2026-04-15T00:32:51","slug":"hey-anadolum","status":"publish","type":"product","link":"https:\/\/roveyayinevi.com.tr\/index.php\/urun\/hey-anadolum\/","title":{"rendered":"Hey Anadolu&#8217;m"},"content":{"rendered":"<p>\u015eair, \u015fiirlerinde tema olarak yerelden ba\u015flayarak milli olana y\u00fckseltir. Sizi oradan da Bel\u00e7ika\u2019ya kadar g\u00f6t\u00fcr\u00fcr. Bu kendine g\u00fcvenmi\u015flik ak\u0131nc\u0131 atalar\u0131n seferlerine benzemektedir. Onun \u015fiirlerini okudu\u011funuz zaman Anadolu yaylas\u0131n\u0131n kekik ve yarpuz kokusunu i\u00e7 d\u00fcnyan\u0131zda hissedersiniz. Bel\u00e7ika atmosferinde onun duru T\u00fcrk\u00e7e\u2019sinin g\u00fczelli\u011fine tan\u0131kl\u0131k edersiniz. T\u00fcrk\u2019\u00fcn milli kimli\u011fi olan aziz dilimiz, a\u011f\u0131z \u00f6zellikleriyle onun \u015fiirlerinde okuyucuyu hat\u0131ralar\u0131na al\u0131p g\u00f6t\u00fcr\u00fcr.   Hey Anadolu\u2019m, bizlere ge\u00e7mi\u015ften doyumsuz tatlar getirirken gelece\u011fi de nas\u0131l kurmam\u0131z gerekti\u011finin \u015fifrelerini vermektedir. Kitap, bir ba\u015fka y\u00f6n\u00fcyle de T\u00fcrk t\u00f6re ve \u00fclk\u00fcs\u00fcn\u00fcn ana hatlar\u0131n\u0131 bedii bir zevkle yeni nesillere aktarmaktad\u0131r. <\/p>\n","protected":false},"excerpt":{"rendered":"<p>\u015eair, \u015fiirlerinde tema olarak yerelden ba\u015flayarak milli olana y\u00fckseltir. Sizi oradan da Bel\u00e7ika\u2019ya kadar g\u00f6t\u00fcr\u00fcr. Bu kendine g\u00fcvenmi\u015flik ak\u0131nc\u0131 atalar\u0131n seferlerine benzemektedir. Onun \u015fiirlerini okudu\u011funuz zaman<span class=\"excerpt-hellip\"> [\u2026]<\/span><\/p>\n","protected":false},"featured_media":0,"template":"","meta":{"_monsterinsights_skip_tracking":false,"_monsterinsights_sitenote_active":false,"_monsterinsights_sitenote_note":"","_monsterinsights_sitenote_category":0},"product_brand":[],"product_cat":[12291,12509],"product_tag":[],"class_list":{"0":"post-767269","1":"product","2":"type-product","3":"status-publish","5":"product_cat-edebiyat","6":"product_cat-siir","7":"pa_cilt-ciltsiz","8":"pa_tur-kitap","9":"pa_yayinevi-defne-yayinevi","10":"pa_yazar-ebuzer-ozkan","12":"first","13":"instock","14":"sale","15":"shipping-taxable","16":"purchasable","17":"product-type-simple"},"_links":{"self":[{"href":"https:\/\/roveyayinevi.com.tr\/index.php\/wp-json\/wp\/v2\/product\/767269","targetHints":{"allow":["GET"]}}],"collection":[{"href":"https:\/\/roveyayinevi.com.tr\/index.php\/wp-json\/wp\/v2\/product"}],"about":[{"href":"https:\/\/roveyayinevi.com.tr\/index.php\/wp-json\/wp\/v2\/types\/product"}],"wp:attachment":[{"href":"https:\/\/roveyayinevi.com.tr\/index.php\/wp-json\/wp\/v2\/media?parent=767269"}],"wp:term":[{"taxonomy":"product_brand","embeddable":true,"href":"https:\/\/roveyayinevi.com.tr\/index.php\/wp-json\/wp\/v2\/product_brand?post=767269"},{"taxonomy":"product_cat","embeddable":true,"href":"https:\/\/roveyayinevi.com.tr\/index.php\/wp-json\/wp\/v2\/product_cat?post=767269"},{"taxonomy":"product_tag","embeddable":true,"href":"https:\/\/roveyayinevi.com.tr\/index.php\/wp-json\/wp\/v2\/product_tag?post=767269"}],"curies":[{"name":"wp","href":"https:\/\/api.w.org\/{rel}","templated":true}]}}