{"id":767268,"date":"2025-08-28T12:42:13","date_gmt":"2025-08-28T09:42:13","guid":{"rendered":"https:\/\/roveyayinevi.com.tr\/index.php\/urun\/2025-iyilik-ajandasi-kirmizi\/"},"modified":"2026-04-15T03:32:51","modified_gmt":"2026-04-15T00:32:51","slug":"2025-iyilik-ajandasi-kirmizi","status":"publish","type":"product","link":"https:\/\/roveyayinevi.com.tr\/index.php\/urun\/2025-iyilik-ajandasi-kirmizi\/","title":{"rendered":"2025 \u0130yilik Ajandas\u0131 &#8211; K\u0131rm\u0131z\u0131"},"content":{"rendered":"<p>Ben bir iyilik hareketi ba\u015flatt\u0131m. Kendi \u00e7ap\u0131mda. Minik bir iyilik hareketi. Hindistan\u2019da hobi olarak dizmeye ba\u015flad\u0131\u011f\u0131m tahta kolyelerle. K\u0131z\u0131m Alya\u2019n\u0131n \u201cSakajewa\u201d ad\u0131n\u0131 verdi\u011fi kolyelerle.2017 y\u0131l\u0131nda, \u0130yilik Kolyeleri\u2019yle \u00e7\u0131kt\u0131\u011f\u0131m\u0131z bu macerada iyilik, halka halka b\u00fcy\u00fcd\u00fc. Ve bir \u0130Y\u0130L\u0130K HAREKET\u0130\u2019ne d\u00f6n\u00fc\u015ft\u00fc. Bug\u00fcne kadar 100\u2019den fazla \u015firket \/ kurum \u00e7a\u011fr\u0131ma cevap verdi. \u015eu ana kadar 3,2 milyon lira kaynak yaratt\u0131k. \u00c7YDD, TOG, TEGV, ENCANDER, HAYTAP ba\u015fta olmak \u00fczere 65 derne\u011fe, vakfa, sivil toplum \u00f6rg\u00fct\u00fcne ve yard\u0131ma muhta\u00e7 ki\u015filere destek olduk. B\u00f6yle yapmaya da devam ediyoruz\u2026Ben, ger\u00e7ekten, hepimize iyi gelecek \u015feyin, \u0130Y\u0130L\u0130K oldu\u011funa inan\u0131yorum. Dayan\u0131\u015fma oldu\u011funa inan\u0131yorum. Sorumluluk bilinci oldu\u011funa inan\u0131yorum. Bir ba\u015fkas\u0131n\u0131 d\u00fc\u015f\u00fcnme sorumlulu\u011fu, ya\u015fad\u0131\u011f\u0131m\u0131z gezegeni d\u00fc\u015f\u00fcnme sorumlulu\u011fu, ihtiyac\u0131 olanlara el uzatma sorumlulu\u011fu. Slogan\u0131m\u0131z da: D\u00fcnyay\u0131 \u0130yilik Kurtaracak!Sakajewa \u0130yilik Ajandas\u0131 7 ya\u015f\u0131nda!Elinizde tuttu\u011funuz Sakajewa \u0130yilik Ajandas\u0131 da hayallerimizden biriydi. \u0130yilik Hareketimizin bir ba\u015fka halkas\u0131. Bu sene 7 ya\u015f\u0131nda. \u0130lk sene ajandan\u0131n sat\u0131\u015f\u0131ndan pay\u0131ma d\u00fc\u015fen gelir, \u00c7a\u011fda\u015f Ya\u015fam\u0131 Destekleme Derne\u011fi\u2019nden e\u011fitim bursu alan p\u0131r\u0131l p\u0131r\u0131l gen\u00e7lerin e\u011fitim masraflar\u0131na gitti. Son \u00fc\u00e7 senedir de Pi Kad\u0131n Kanserleri Derne\u011fi\u2019ne gidiyor. Bu sene de elinizdeki ajandayla B\u00fct\u00fcn \u00c7ocuklar Bizim Derne\u011fi\u2019ne destek oluyorsunuz. Uzun y\u0131llard\u0131r s\u00fcrd\u00fcr\u00fclebilir bir d\u00fcnya i\u00e7in e\u011fitime yapt\u0131klar\u0131 katk\u0131 \u00e7ok de\u011ferli. O y\u00fczden bu ajandadan gelecek gelirin onlara gitmesini de\u011ferli buluyorum.<\/p>\n","protected":false},"excerpt":{"rendered":"<p>Ben bir iyilik hareketi ba\u015flatt\u0131m. Kendi \u00e7ap\u0131mda. Minik bir iyilik hareketi. Hindistan\u2019da hobi olarak dizmeye ba\u015flad\u0131\u011f\u0131m tahta kolyelerle. K\u0131z\u0131m Alya\u2019n\u0131n \u201cSakajewa\u201d ad\u0131n\u0131 verdi\u011fi kolyelerle.2017 y\u0131l\u0131nda, \u0130yilik<span class=\"excerpt-hellip\"> [\u2026]<\/span><\/p>\n","protected":false},"featured_media":0,"template":"","meta":{"_monsterinsights_skip_tracking":false,"_monsterinsights_sitenote_active":false,"_monsterinsights_sitenote_note":"","_monsterinsights_sitenote_category":0},"product_brand":[],"product_cat":[12365,12364],"product_tag":[],"class_list":{"0":"post-767268","1":"product","2":"type-product","3":"status-publish","5":"product_cat-diger-genel-konular","6":"product_cat-genel-konular","7":"pa_cilt-ciltsiz","8":"pa_tur-kitap20","9":"pa_yayinevi-dogan-kitap","10":"pa_yazar-ayse-arman","12":"first","13":"instock","14":"sale","15":"shipping-taxable","16":"purchasable","17":"product-type-simple"},"_links":{"self":[{"href":"https:\/\/roveyayinevi.com.tr\/index.php\/wp-json\/wp\/v2\/product\/767268","targetHints":{"allow":["GET"]}}],"collection":[{"href":"https:\/\/roveyayinevi.com.tr\/index.php\/wp-json\/wp\/v2\/product"}],"about":[{"href":"https:\/\/roveyayinevi.com.tr\/index.php\/wp-json\/wp\/v2\/types\/product"}],"wp:attachment":[{"href":"https:\/\/roveyayinevi.com.tr\/index.php\/wp-json\/wp\/v2\/media?parent=767268"}],"wp:term":[{"taxonomy":"product_brand","embeddable":true,"href":"https:\/\/roveyayinevi.com.tr\/index.php\/wp-json\/wp\/v2\/product_brand?post=767268"},{"taxonomy":"product_cat","embeddable":true,"href":"https:\/\/roveyayinevi.com.tr\/index.php\/wp-json\/wp\/v2\/product_cat?post=767268"},{"taxonomy":"product_tag","embeddable":true,"href":"https:\/\/roveyayinevi.com.tr\/index.php\/wp-json\/wp\/v2\/product_tag?post=767268"}],"curies":[{"name":"wp","href":"https:\/\/api.w.org\/{rel}","templated":true}]}}