{"id":767264,"date":"2025-08-28T12:42:06","date_gmt":"2025-08-28T09:42:06","guid":{"rendered":"https:\/\/roveyayinevi.com.tr\/index.php\/urun\/kozmik-bir-kagan-oguz-kagan\/"},"modified":"2026-04-15T03:32:51","modified_gmt":"2026-04-15T00:32:51","slug":"kozmik-bir-kagan-oguz-kagan","status":"publish","type":"product","link":"https:\/\/roveyayinevi.com.tr\/index.php\/urun\/kozmik-bir-kagan-oguz-kagan\/","title":{"rendered":"Kozmik Bir Ka\u011fan O\u011fuz Ka\u011fan"},"content":{"rendered":"<p>T\u00fcrk mitolojisi \u00fczerine yapt\u0131\u011f\u0131 \u00e7al\u0131\u015fmalar\u0131yla tan\u0131nan Nuray Bilgili, bu kitab\u0131nda T\u00fcrk mitolojisinin kozmik kahraman\u0131 O\u011fuz Ka\u011fan hakk\u0131nda \u00e7\u00f6z\u00fcmlemelerde bulunuyor.     Kitapta O\u011fuz Ka\u011fan\u2019\u0131, O\u011fuz boylar\u0131n\u0131 ve O\u011fuz Ka\u011fan Destan\u0131\u2019n\u0131 kaynaklar e\u015fli\u011finde, kozmolojik boyutuyla irdeleyen Bilgili; arkaik insanlar\u0131n davran\u0131\u015f \u015fekillerini g\u00f6ky\u00fcz\u00fcne ba\u011fl\u0131 olarak belirlediklerini, \u00fcrettikleri her \u015feyin g\u00f6ky\u00fcz\u00fcyle bir \u015fekilde ba\u011flant\u0131l\u0131 oldu\u011funu, \u015fehirlerin, denizlerin, da\u011flar\u0131n ve yersel kahramanlar\u0131n mutlaka g\u00f6ksel bir izd\u00fc\u015f\u00fcm\u00fc oldu\u011funu belirtmektedir. D\u00fcnya mitolojilerdeki tanr\u0131 ve tanr\u0131\u00e7alar\u0131n gezegenlerle, kahramanlar\u0131n ise tak\u0131my\u0131ld\u0131zlar ile \u00f6zde\u015fle\u015fti\u011fini, bu nedenle Attis, Adonis, Dyanisos, Odin, Tammuz, Dumuzi vb. kahramanlar\u0131n g\u00f6klerdeki arketipinin Orion tak\u0131m- y\u0131ld\u0131z\u0131 oldu\u011funu, O\u011fuz Ka\u011fan\u2019\u0131n s\u0131fatlar\u0131n\u0131n da Orion tak\u0131my\u0131ld\u0131z\u0131n\u0131n izd\u00fc\u015f\u00fcm\u00fc ile benzerlik g\u00f6sterdi\u011fini, O\u011fuz\u2019un ve Orion\u2019un \u00fc\u00e7 oku, bir yay\u0131, k\u0131l\u0131c\u0131, kalkan\u0131, kurdu ya da k\u00f6pe\u011finin buna delil olan \u00e7ok \u00f6nemli ortak motifler oldu\u011funu, dolay\u0131s\u0131yla T\u00fcrk mitolojisinin kozmik kahraman\u0131n\u0131n O\u011fuz Ka\u011fan oldu\u011funu a\u00e7\u0131k\u00e7a ifade etmektedir. <\/p>\n","protected":false},"excerpt":{"rendered":"<p>T\u00fcrk mitolojisi \u00fczerine yapt\u0131\u011f\u0131 \u00e7al\u0131\u015fmalar\u0131yla tan\u0131nan Nuray Bilgili, bu kitab\u0131nda T\u00fcrk mitolojisinin kozmik kahraman\u0131 O\u011fuz Ka\u011fan hakk\u0131nda \u00e7\u00f6z\u00fcmlemelerde bulunuyor. Kitapta O\u011fuz Ka\u011fan\u2019\u0131, O\u011fuz boylar\u0131n\u0131 ve O\u011fuz<span class=\"excerpt-hellip\"> [\u2026]<\/span><\/p>\n","protected":false},"featured_media":0,"template":"","meta":{"_monsterinsights_skip_tracking":false,"_monsterinsights_sitenote_active":false,"_monsterinsights_sitenote_note":"","_monsterinsights_sitenote_category":0},"product_brand":[],"product_cat":[12718,12858],"product_tag":[],"class_list":{"0":"post-767264","1":"product","2":"type-product","3":"status-publish","5":"product_cat-din","6":"product_cat-mitolojiler","7":"pa_cilt-ciltsiz","8":"pa_tur-kitap","9":"pa_yayinevi-kripto-basim-yayin","10":"pa_yazar-nuray-bilgili","12":"first","13":"instock","14":"sale","15":"shipping-taxable","16":"purchasable","17":"product-type-simple"},"_links":{"self":[{"href":"https:\/\/roveyayinevi.com.tr\/index.php\/wp-json\/wp\/v2\/product\/767264","targetHints":{"allow":["GET"]}}],"collection":[{"href":"https:\/\/roveyayinevi.com.tr\/index.php\/wp-json\/wp\/v2\/product"}],"about":[{"href":"https:\/\/roveyayinevi.com.tr\/index.php\/wp-json\/wp\/v2\/types\/product"}],"wp:attachment":[{"href":"https:\/\/roveyayinevi.com.tr\/index.php\/wp-json\/wp\/v2\/media?parent=767264"}],"wp:term":[{"taxonomy":"product_brand","embeddable":true,"href":"https:\/\/roveyayinevi.com.tr\/index.php\/wp-json\/wp\/v2\/product_brand?post=767264"},{"taxonomy":"product_cat","embeddable":true,"href":"https:\/\/roveyayinevi.com.tr\/index.php\/wp-json\/wp\/v2\/product_cat?post=767264"},{"taxonomy":"product_tag","embeddable":true,"href":"https:\/\/roveyayinevi.com.tr\/index.php\/wp-json\/wp\/v2\/product_tag?post=767264"}],"curies":[{"name":"wp","href":"https:\/\/api.w.org\/{rel}","templated":true}]}}