{"id":767260,"date":"2025-08-28T12:41:59","date_gmt":"2025-08-28T09:41:59","guid":{"rendered":"https:\/\/roveyayinevi.com.tr\/index.php\/urun\/kuresellesme-ve-zafer-ekonomisi\/"},"modified":"2026-04-15T03:32:51","modified_gmt":"2026-04-15T00:32:51","slug":"kuresellesme-ve-zafer-ekonomisi","status":"publish","type":"product","link":"https:\/\/roveyayinevi.com.tr\/index.php\/urun\/kuresellesme-ve-zafer-ekonomisi\/","title":{"rendered":"K\u00fcreselle\u015fme ve Zafer Ekonomisi"},"content":{"rendered":"<p>\u201cSiyasi, askeri zaferler ne kadar b\u00fcy\u00fck olursa olsunlar, iktisadi zaferlerle desteklenmezsepayidar olamaz!\u201d\u2013 M. Kemal Atat\u00fcrkT\u00fcrkiye 1970\u2019lerin sonunda ba\u015flayan k\u00fcreselle\u015fme s\u00fcrecini en k\u00f6t\u00fc performansla de\u011ferlendiren\u00fclkelerin ba\u015f\u0131nda geliyor. \u00c7in, k\u00fcreselle\u015fmeyi, \u201cs\u00fcper g\u00fc\u00e7 olu\u015f\u201d i\u00e7in de\u011ferlendirirken, T\u00fcrkiye\u00f6zellikle son 20 y\u0131lda b\u00fcy\u00fck bir ekonomik gerileme ya\u015fad\u0131. \u00dcstelik muhalefet partisi olarakg\u00f6r\u00fclen partilerin ekonomi programlar\u0131n\u0131n da iktidar\u0131n 2002\u2019den bu yana uygulad\u0131\u011f\u0131programlardan bir fark\u0131 yok.B\u00f6yle bir ortamda, Birle\u015fmi\u015f Milletler Kalk\u0131nma Program\u0131 (UNDP) b\u00fcnyesindeki \u00e7al\u0131\u015fmalar\u0131 vekalk\u0131nma ekonomisi alan\u0131ndaki akademik birikimiyle uluslararas\u0131 platformlarda \u00fclkemiziba\u015far\u0131yla temsil eden Bartu Soral, son 40 y\u0131lda d\u00fcnya ekonomisindeki geli\u015fmeleri \u00f6zl\u00fc bir \u015fekildetahlil ederek, T\u00fcrkiye\u2019nin rampay\u0131 a\u015fmas\u0131 ve ekonomik bir s\u0131\u00e7rama yapmas\u0131 i\u00e7in gereken\u201cK\u00fcreselle\u015fme ve Ekonomik Zafer\u201d program\u0131n\u0131 ortaya koydu. Bu program neoliberal ekonomikprogramlardan k\u00f6kten farkl\u0131, T\u00fcrkiye\u2019nin \u00f6zg\u00fcn ko\u015fullar\u0131n\u0131 dikkate alarak tasarlanm\u0131\u015f birekonomik kalk\u0131nma program\u0131d\u0131r.Zafer Partisi iktidar\u0131nda, T\u00fcrkiye, bu modeli uygulayarak bilim ve e\u011fitimin \u0131\u015f\u0131\u011f\u0131nda, kalk\u0131nan, \u00fcreten ve \u00fcretti\u011fini adil payla\u015fan, mutlu, m\u00fcreffeh insanlar\u0131n \u00fclkesi olacak&#8230; Prof. Dr. \u00dcmit \u00d6zda\u011f Zafer Partisi Genel Ba\u015fkan\u0131<\/p>\n","protected":false},"excerpt":{"rendered":"<p>\u201cSiyasi, askeri zaferler ne kadar b\u00fcy\u00fck olursa olsunlar, iktisadi zaferlerle desteklenmezsepayidar olamaz!\u201d\u2013 M. Kemal Atat\u00fcrkT\u00fcrkiye 1970\u2019lerin sonunda ba\u015flayan k\u00fcreselle\u015fme s\u00fcrecini en k\u00f6t\u00fc performansla de\u011ferlendiren\u00fclkelerin ba\u015f\u0131nda geliyor.<span class=\"excerpt-hellip\"> [\u2026]<\/span><\/p>\n","protected":false},"featured_media":0,"template":"","meta":{"_monsterinsights_skip_tracking":false,"_monsterinsights_sitenote_active":false,"_monsterinsights_sitenote_note":"","_monsterinsights_sitenote_category":0},"product_brand":[],"product_cat":[13043],"product_tag":[],"class_list":{"0":"post-767260","1":"product","2":"type-product","3":"status-publish","5":"product_cat-ekonomi","6":"pa_cilt-ciltsiz","7":"pa_tur-kitap","8":"pa_yayinevi-destek-yayinlari","9":"pa_yazar-h-bartu-soral","11":"first","12":"instock","13":"sale","14":"shipping-taxable","15":"purchasable","16":"product-type-simple"},"_links":{"self":[{"href":"https:\/\/roveyayinevi.com.tr\/index.php\/wp-json\/wp\/v2\/product\/767260","targetHints":{"allow":["GET"]}}],"collection":[{"href":"https:\/\/roveyayinevi.com.tr\/index.php\/wp-json\/wp\/v2\/product"}],"about":[{"href":"https:\/\/roveyayinevi.com.tr\/index.php\/wp-json\/wp\/v2\/types\/product"}],"wp:attachment":[{"href":"https:\/\/roveyayinevi.com.tr\/index.php\/wp-json\/wp\/v2\/media?parent=767260"}],"wp:term":[{"taxonomy":"product_brand","embeddable":true,"href":"https:\/\/roveyayinevi.com.tr\/index.php\/wp-json\/wp\/v2\/product_brand?post=767260"},{"taxonomy":"product_cat","embeddable":true,"href":"https:\/\/roveyayinevi.com.tr\/index.php\/wp-json\/wp\/v2\/product_cat?post=767260"},{"taxonomy":"product_tag","embeddable":true,"href":"https:\/\/roveyayinevi.com.tr\/index.php\/wp-json\/wp\/v2\/product_tag?post=767260"}],"curies":[{"name":"wp","href":"https:\/\/api.w.org\/{rel}","templated":true}]}}