{"id":767259,"date":"2025-08-28T12:41:57","date_gmt":"2025-08-28T09:41:57","guid":{"rendered":"https:\/\/roveyayinevi.com.tr\/index.php\/urun\/savascinin-acligi-3\/"},"modified":"2026-04-15T03:32:51","modified_gmt":"2026-04-15T00:32:51","slug":"savascinin-acligi-3","status":"publish","type":"product","link":"https:\/\/roveyayinevi.com.tr\/index.php\/urun\/savascinin-acligi-3\/","title":{"rendered":"Sava\u015f\u00e7\u0131n\u0131n A\u00e7l\u0131\u011f\u0131 3"},"content":{"rendered":"<p>BU BEN\u0130M, SADECE BEN\u0130M \u0130NT\u0130KAMIM!   Fate, nihayet Hado Vlerick\u2019le olan ge\u00e7mi\u015fine son darbeyi vurur. A\u00e7g\u00f6zl\u00fc\u2019n\u00fcn yeni formuna ula\u015fmas\u0131yla, Fate i\u00e7in Hart ailesiyle vedala\u015fma vakti gelmi\u015ftir. Oburluk yetene\u011fini bast\u0131ramamas\u0131 ve Roxy\u2019yi tehlikeye atmak istememesi nedeniyle Fate, Galia\u2019ya do\u011fru yola koyulur. Ancak arkas\u0131nda b\u0131rakmaya \u00e7al\u0131\u015ft\u0131\u011f\u0131 ge\u00e7mi\u015fi, bu yolculukta bir kez daha Fate\u2019in kar\u015f\u0131s\u0131na \u00e7\u0131kacakt\u0131r. Ac\u0131 dolu \u00e7ocuklu\u011funun ge\u00e7ti\u011fi k\u00f6ye sald\u0131ran canavarlarla y\u00fczle\u015fir; babas\u0131n\u0131n mezar\u0131n\u0131n kar\u015f\u0131s\u0131nda y\u0131llar sonra ilk kez g\u00fcl\u00fcmser&#8230;   Sonunda ge\u00e7mi\u015finin zincirlerinden kurtulan Fate, yeniden K\u0131z\u0131l G\u00f6zl\u00fc Galial\u0131 K\u0131z ile kar\u015f\u0131la\u015f\u0131r. K\u0131z, ona borcunu \u00f6deme vaktinin geldi\u011fini s\u00f6yledi\u011finde ise Fate i\u00e7in yeni bir maceran\u0131n yolu g\u00f6r\u00fcn\u00fcr&#8230; <\/p>\n","protected":false},"excerpt":{"rendered":"<p>BU BEN\u0130M, SADECE BEN\u0130M \u0130NT\u0130KAMIM! Fate, nihayet Hado Vlerick\u2019le olan ge\u00e7mi\u015fine son darbeyi vurur. A\u00e7g\u00f6zl\u00fc\u2019n\u00fcn yeni formuna ula\u015fmas\u0131yla, Fate i\u00e7in Hart ailesiyle vedala\u015fma vakti gelmi\u015ftir. Oburluk<span class=\"excerpt-hellip\"> [\u2026]<\/span><\/p>\n","protected":false},"featured_media":0,"template":"","meta":{"_monsterinsights_skip_tracking":false,"_monsterinsights_sitenote_active":false,"_monsterinsights_sitenote_note":"","_monsterinsights_sitenote_category":0},"product_brand":[],"product_cat":[12416,12291],"product_tag":[],"class_list":{"0":"post-767259","1":"product","2":"type-product","3":"status-publish","5":"product_cat-cizgi-roman","6":"product_cat-edebiyat","7":"pa_cilt-ciltsiz","8":"pa_tur-kitap","9":"pa_yayinevi-athica-yayinlari","10":"pa_yazar-ichika-issiki-daisuke-takino","12":"first","13":"instock","14":"sale","15":"shipping-taxable","16":"purchasable","17":"product-type-simple"},"_links":{"self":[{"href":"https:\/\/roveyayinevi.com.tr\/index.php\/wp-json\/wp\/v2\/product\/767259","targetHints":{"allow":["GET"]}}],"collection":[{"href":"https:\/\/roveyayinevi.com.tr\/index.php\/wp-json\/wp\/v2\/product"}],"about":[{"href":"https:\/\/roveyayinevi.com.tr\/index.php\/wp-json\/wp\/v2\/types\/product"}],"wp:attachment":[{"href":"https:\/\/roveyayinevi.com.tr\/index.php\/wp-json\/wp\/v2\/media?parent=767259"}],"wp:term":[{"taxonomy":"product_brand","embeddable":true,"href":"https:\/\/roveyayinevi.com.tr\/index.php\/wp-json\/wp\/v2\/product_brand?post=767259"},{"taxonomy":"product_cat","embeddable":true,"href":"https:\/\/roveyayinevi.com.tr\/index.php\/wp-json\/wp\/v2\/product_cat?post=767259"},{"taxonomy":"product_tag","embeddable":true,"href":"https:\/\/roveyayinevi.com.tr\/index.php\/wp-json\/wp\/v2\/product_tag?post=767259"}],"curies":[{"name":"wp","href":"https:\/\/api.w.org\/{rel}","templated":true}]}}