{"id":767258,"date":"2025-08-28T12:41:56","date_gmt":"2025-08-28T09:41:56","guid":{"rendered":"https:\/\/roveyayinevi.com.tr\/index.php\/urun\/unicornlarin-sihri\/"},"modified":"2026-04-15T03:32:51","modified_gmt":"2026-04-15T00:32:51","slug":"unicornlarin-sihri","status":"publish","type":"product","link":"https:\/\/roveyayinevi.com.tr\/index.php\/urun\/unicornlarin-sihri\/","title":{"rendered":"Unicornlar\u0131n Sihri"},"content":{"rendered":"<p>\u0130\u00e7sel yolculuklar\u0131m\u0131z bizi evrenin sihrine ba\u011flar.   \u201cBug\u00fcn burada, yeni Alt\u0131n \u00c7a\u011f\u2019\u0131n do\u011fumuna yard\u0131mc\u0131 olmak \u00fczere bedenlenmi\u015f bulunmaktas\u0131n\u0131z; biz de D\u00fcnya\u2019n\u0131n bu zorlu do\u011fum s\u00fcrecinde sizlere yard\u0131mc\u0131 olmak \u00fczere g\u00f6nderildik ve bir umut mesaj\u0131 iletiyoruz. Sab\u0131rl\u0131 olmal\u0131s\u0131n\u0131z; \u00f6n\u00fcn\u00fczde alt\u0131ndan bir gelecek uzan\u0131yor.\u201d   Masal kahramanlar\u0131na inan\u0131r m\u0131s\u0131n\u0131z ya da onlardan ilham al\u0131r m\u0131s\u0131n\u0131z? Peki ya unicornlar\u0131n mucizelerine? Burada, bilinenin aksine, unicornlar\u0131n masals\u0131 yanlar\u0131n\u0131 de\u011fil insan hayat\u0131na olan etkilerini konu\u015faca\u011f\u0131z. \u0130lk olarak kendi unicornunuzla tan\u0131\u015facak ve ard\u0131ndan onun, aile k\u00f6kenlerinden gelen d\u00fc\u015f\u00fcnce tarzlar\u0131na ve sorunlara \u015fifa vermesini, i\u00e7inizdeki \u00e7ocu\u011fu iyile\u015ftirmesini \u015fa\u015fk\u0131nl\u0131kla izleyeceksiniz. Masal kahraman\u0131 olmaktan \u00f6te unicornlar, bu kitap arac\u0131l\u0131\u011f\u0131yla kendinizi ve ya\u015fam amac\u0131n\u0131z\u0131 ger\u00e7ekle\u015ftirme yolunda size rehberlik edecekler.    Yurtd\u0131\u015f\u0131nda g\u00f6rd\u00fc\u011f\u00fc y\u00fcksek ilgiyle binlerce bask\u0131 yapan Unicornlar\u0131n Sihri, unicorn simgelerini kullanarak insan\u0131n hem kendisi hem de di\u011ferleri i\u00e7in daha iyiyi nas\u0131l hedefleyebilece\u011fini ve onlardan nas\u0131l ilham alabilece\u011fini g\u00f6steriyor. E\u011fer bu ayd\u0131nl\u0131k yolculuk i\u00e7in haz\u0131rsan\u0131z, unicornunuz da yol arkada\u015f\u0131n\u0131z olmaya haz\u0131r. <\/p>\n","protected":false},"excerpt":{"rendered":"<p>\u0130\u00e7sel yolculuklar\u0131m\u0131z bizi evrenin sihrine ba\u011flar. \u201cBug\u00fcn burada, yeni Alt\u0131n \u00c7a\u011f\u2019\u0131n do\u011fumuna yard\u0131mc\u0131 olmak \u00fczere bedenlenmi\u015f bulunmaktas\u0131n\u0131z; biz de D\u00fcnya\u2019n\u0131n bu zorlu do\u011fum s\u00fcrecinde sizlere yard\u0131mc\u0131<span class=\"excerpt-hellip\"> [\u2026]<\/span><\/p>\n","protected":false},"featured_media":0,"template":"","meta":{"_monsterinsights_skip_tracking":false,"_monsterinsights_sitenote_active":false,"_monsterinsights_sitenote_note":"","_monsterinsights_sitenote_category":0},"product_brand":[],"product_cat":[12364,12376],"product_tag":[],"class_list":{"0":"post-767258","1":"product","2":"type-product","3":"status-publish","5":"product_cat-genel-konular","6":"product_cat-kisisel-gelisim","7":"pa_cilt-ciltsiz","8":"pa_tur-kitap","9":"pa_yayinevi-destek-yayinlari","10":"pa_yazar-diana-cooper","12":"first","13":"instock","14":"sale","15":"shipping-taxable","16":"purchasable","17":"product-type-simple"},"_links":{"self":[{"href":"https:\/\/roveyayinevi.com.tr\/index.php\/wp-json\/wp\/v2\/product\/767258","targetHints":{"allow":["GET"]}}],"collection":[{"href":"https:\/\/roveyayinevi.com.tr\/index.php\/wp-json\/wp\/v2\/product"}],"about":[{"href":"https:\/\/roveyayinevi.com.tr\/index.php\/wp-json\/wp\/v2\/types\/product"}],"wp:attachment":[{"href":"https:\/\/roveyayinevi.com.tr\/index.php\/wp-json\/wp\/v2\/media?parent=767258"}],"wp:term":[{"taxonomy":"product_brand","embeddable":true,"href":"https:\/\/roveyayinevi.com.tr\/index.php\/wp-json\/wp\/v2\/product_brand?post=767258"},{"taxonomy":"product_cat","embeddable":true,"href":"https:\/\/roveyayinevi.com.tr\/index.php\/wp-json\/wp\/v2\/product_cat?post=767258"},{"taxonomy":"product_tag","embeddable":true,"href":"https:\/\/roveyayinevi.com.tr\/index.php\/wp-json\/wp\/v2\/product_tag?post=767258"}],"curies":[{"name":"wp","href":"https:\/\/api.w.org\/{rel}","templated":true}]}}