{"id":767255,"date":"2025-08-28T12:41:50","date_gmt":"2025-08-28T09:41:50","guid":{"rendered":"https:\/\/roveyayinevi.com.tr\/index.php\/urun\/yaz-sil-elifba\/"},"modified":"2026-04-15T03:32:51","modified_gmt":"2026-04-15T00:32:51","slug":"yaz-sil-elifba","status":"publish","type":"product","link":"https:\/\/roveyayinevi.com.tr\/index.php\/urun\/yaz-sil-elifba\/","title":{"rendered":"Yaz Sil Elifba"},"content":{"rendered":"<p>Kur\u2019an-\u0131 Kerim\u2019i \u00f6\u011frenmeye yeni ba\u015flayan \u00e7ocuklar bu Elifba kitab\u0131n\u0131 \u00e7ok sevecek.   Defalarca yaz\u0131p silebilecekleri sayfalar\u0131yla hem daha kolay ve keyifle pratik yapacak hem de karekodlarla harflerin okunu\u015flar\u0131n\u0131 dinleyip do\u011fru telaffuzlar\u0131n\u0131 \u00f6\u011frenecekler. <\/p>\n","protected":false},"excerpt":{"rendered":"<p>Kur\u2019an-\u0131 Kerim\u2019i \u00f6\u011frenmeye yeni ba\u015flayan \u00e7ocuklar bu Elifba kitab\u0131n\u0131 \u00e7ok sevecek. Defalarca yaz\u0131p silebilecekleri sayfalar\u0131yla hem daha kolay ve keyifle pratik yapacak hem de karekodlarla harflerin<span class=\"excerpt-hellip\"> [\u2026]<\/span><\/p>\n","protected":false},"featured_media":0,"template":"","meta":{"_monsterinsights_skip_tracking":false,"_monsterinsights_sitenote_active":false,"_monsterinsights_sitenote_note":"","_monsterinsights_sitenote_category":0},"product_brand":[],"product_cat":[12274,18802],"product_tag":[],"class_list":{"0":"post-767255","1":"product","2":"type-product","3":"status-publish","5":"product_cat-cocuk-ve-genclik-kitaplari","6":"product_cat-din-egitimi","7":"pa_cilt-ciltsiz","8":"pa_tur-kitap","9":"pa_yayinevi-nesil-cocuk-yayinlari","10":"pa_yazar-erdi-dogan","12":"first","13":"instock","14":"sale","15":"shipping-taxable","16":"purchasable","17":"product-type-simple"},"_links":{"self":[{"href":"https:\/\/roveyayinevi.com.tr\/index.php\/wp-json\/wp\/v2\/product\/767255","targetHints":{"allow":["GET"]}}],"collection":[{"href":"https:\/\/roveyayinevi.com.tr\/index.php\/wp-json\/wp\/v2\/product"}],"about":[{"href":"https:\/\/roveyayinevi.com.tr\/index.php\/wp-json\/wp\/v2\/types\/product"}],"wp:attachment":[{"href":"https:\/\/roveyayinevi.com.tr\/index.php\/wp-json\/wp\/v2\/media?parent=767255"}],"wp:term":[{"taxonomy":"product_brand","embeddable":true,"href":"https:\/\/roveyayinevi.com.tr\/index.php\/wp-json\/wp\/v2\/product_brand?post=767255"},{"taxonomy":"product_cat","embeddable":true,"href":"https:\/\/roveyayinevi.com.tr\/index.php\/wp-json\/wp\/v2\/product_cat?post=767255"},{"taxonomy":"product_tag","embeddable":true,"href":"https:\/\/roveyayinevi.com.tr\/index.php\/wp-json\/wp\/v2\/product_tag?post=767255"}],"curies":[{"name":"wp","href":"https:\/\/api.w.org\/{rel}","templated":true}]}}