{"id":767254,"date":"2025-08-28T12:41:48","date_gmt":"2025-08-28T09:41:48","guid":{"rendered":"https:\/\/roveyayinevi.com.tr\/index.php\/urun\/kalemimle-kirk-sene-ciltli\/"},"modified":"2026-04-15T03:32:51","modified_gmt":"2026-04-15T00:32:51","slug":"kalemimle-kirk-sene-ciltli","status":"publish","type":"product","link":"https:\/\/roveyayinevi.com.tr\/index.php\/urun\/kalemimle-kirk-sene-ciltli\/","title":{"rendered":"Kalemimle K\u0131rk Sene (Ciltli)"},"content":{"rendered":"<p>Bir kalem, k\u0131rk sene&#8230; Ay\u015fe Kulin, ilk \u00f6yk\u00fc kitab\u0131 G\u00fcne\u015fe D\u00f6n Y\u00fcz\u00fcn\u00fc\u2019den bu yana, tam k\u0131rk senedir yaz\u0131yor. Kitap, gazete, dergi yazarl\u0131\u011f\u0131n\u0131n yan\u0131nda Kardelenler\u2019e umut oluyor, \u00c7a\u011fda\u015f Ya\u015fam\u0131 Destekleme Derne\u011fi ve UNICEF\u2019le birlikte hareket ediyor, \u00e7ocuklar\u0131n ilk ad\u0131mlar\u0131n\u0131 destekliyor. Onu k\u0131rk senedir tan\u0131yoruz, g\u00f6r\u00fcyoruz, okuyoruz. Kulin\u2019in ki\u015fisel ar\u015fivinden ve kendisinin 2023 y\u0131l\u0131nda TED \u0130stanbul Koleji\u2019ne ba\u011f\u0131\u015flad\u0131\u011f\u0131 \u00f6zel ar\u015fivinden toplanan belgelerle bas\u0131ndan edinilen evrak\u0131n bir araya gelmesiyle ortaya \u00e7\u0131kan Kalemimle K\u0131rk Sene\u2019de, i\u015fte bu k\u0131rk senelik birikimi okurla bulu\u015fturuyoruz. Kulin\u2019in k\u0131rk\u0131nc\u0131 sanat y\u0131l\u0131 i\u00e7in haz\u0131rlad\u0131\u011f\u0131m\u0131z bu \u00f6zel \u00e7al\u0131\u015fmada, yaln\u0131zca haber metinleri, yaz\u0131lar, r\u00f6portajlar de\u011fil, ayn\u0131 zamanda Kulin\u2019in yay\u0131mlanmam\u0131\u015f \u015fiirleri ve hik\u00e2yeleri, ald\u0131\u011f\u0131 davetler, kat\u0131ld\u0131\u011f\u0131 paneller ve \u00f6d\u00fcller, okurlar\u0131ndan gelen baz\u0131 mektuplar da yer al\u0131yor. <\/p>\n","protected":false},"excerpt":{"rendered":"<p>Bir kalem, k\u0131rk sene&#8230; Ay\u015fe Kulin, ilk \u00f6yk\u00fc kitab\u0131 G\u00fcne\u015fe D\u00f6n Y\u00fcz\u00fcn\u00fc\u2019den bu yana, tam k\u0131rk senedir yaz\u0131yor. Kitap, gazete, dergi yazarl\u0131\u011f\u0131n\u0131n yan\u0131nda Kardelenler\u2019e umut oluyor,<span class=\"excerpt-hellip\"> [\u2026]<\/span><\/p>\n","protected":false},"featured_media":0,"template":"","meta":{"_monsterinsights_skip_tracking":false,"_monsterinsights_sitenote_active":false,"_monsterinsights_sitenote_note":"","_monsterinsights_sitenote_category":0},"product_brand":[],"product_cat":[12291,12711],"product_tag":[],"class_list":{"0":"post-767254","1":"product","2":"type-product","3":"status-publish","5":"product_cat-edebiyat","6":"product_cat-roman-oyku","7":"pa_cilt-ciltli","8":"pa_tur-kitap","9":"pa_yayinevi-everest-yayinlari","10":"pa_yazar-ayse-kulin","12":"first","13":"instock","14":"sale","15":"shipping-taxable","16":"purchasable","17":"product-type-simple"},"_links":{"self":[{"href":"https:\/\/roveyayinevi.com.tr\/index.php\/wp-json\/wp\/v2\/product\/767254","targetHints":{"allow":["GET"]}}],"collection":[{"href":"https:\/\/roveyayinevi.com.tr\/index.php\/wp-json\/wp\/v2\/product"}],"about":[{"href":"https:\/\/roveyayinevi.com.tr\/index.php\/wp-json\/wp\/v2\/types\/product"}],"wp:attachment":[{"href":"https:\/\/roveyayinevi.com.tr\/index.php\/wp-json\/wp\/v2\/media?parent=767254"}],"wp:term":[{"taxonomy":"product_brand","embeddable":true,"href":"https:\/\/roveyayinevi.com.tr\/index.php\/wp-json\/wp\/v2\/product_brand?post=767254"},{"taxonomy":"product_cat","embeddable":true,"href":"https:\/\/roveyayinevi.com.tr\/index.php\/wp-json\/wp\/v2\/product_cat?post=767254"},{"taxonomy":"product_tag","embeddable":true,"href":"https:\/\/roveyayinevi.com.tr\/index.php\/wp-json\/wp\/v2\/product_tag?post=767254"}],"curies":[{"name":"wp","href":"https:\/\/api.w.org\/{rel}","templated":true}]}}