{"id":767253,"date":"2025-08-28T12:41:46","date_gmt":"2025-08-28T09:41:46","guid":{"rendered":"https:\/\/roveyayinevi.com.tr\/index.php\/urun\/trendeki-yabanci\/"},"modified":"2026-04-15T03:32:51","modified_gmt":"2026-04-15T00:32:51","slug":"trendeki-yabanci","status":"publish","type":"product","link":"https:\/\/roveyayinevi.com.tr\/index.php\/urun\/trendeki-yabanci\/","title":{"rendered":"Trendeki Yabanc\u0131"},"content":{"rendered":"<p>Trendeki Yabanc\u0131, Jenny Diski\u2019nin iki Amerika seyahatini kaps\u0131yor. \u0130ki gezi, birka\u00e7 tren, \u00e7ok\u00e7a yabanc\u0131 ve i\u00e7ilen say\u0131s\u0131z sigara. \u0130lki tesad\u00fcfi bir yolculukken, New York\u2019ta ba\u015flay\u0131p New York\u2019ta sonlanacak bir daire \u00e7izdi\u011fi ve ABD\u2019nin \u00e7evre hatt\u0131n\u0131 tamamen dola\u015ft\u0131\u011f\u0131 ikinci gezi tamamen planl\u0131d\u0131r. Diski, bir deneyimin tekrar\u0131n\u0131 d\u00fc\u015fler. Trenlerin sigara i\u00e7ilen vagonlar\u0131nda vakit ge\u00e7irir en \u00e7ok. Her trenin sigara vagonu farkl\u0131d\u0131r ve hepsinin kendi hik\u00e2yesi vard\u0131r. Birbirini tan\u0131mayan insanlar\u0131n ortak bir ama\u00e7 u\u011fruna bir araya geldi\u011fi, h\u0131zla samimi olunabilen bir acayiplikler vagonudur oras\u0131. Sert bir ergenlik ya\u015fam\u0131\u015f olan Diski, gen\u00e7li\u011finde ba\u015f\u0131ndan ge\u00e7en ak\u0131l hastanesi deneyimiyle trenlerin sigara i\u00e7me vagonundaki \u201cbiz\u201d duygusunu k\u0131yaslar. Vagonlardan, istasyonlardan ve yabanc\u0131lardan yola \u00e7\u0131karak hayat\u0131n muhasebesini yapar.   Ackerley Otobiyografi \u00d6d\u00fcl\u00fc\u2019n\u00fc ve Thomas Cook Gezi Kitab\u0131 \u00d6d\u00fcl\u00fc\u2019n\u00fc kazanm\u0131\u015f olan Trendeki Yabanc\u0131\u2019y\u0131 deneme, gezi ya da an\u0131 kitab\u0131 olarak okuyabilirsiniz. Her birinden izler ta\u015f\u0131yan bu kitap, kurmacad\u0131\u015f\u0131 t\u00fcrlerin edebi y\u00f6nden ne denli g\u00fc\u00e7l\u00fc olabilece\u011fini g\u00f6steriyor.   Dinliyorum ve dinliyorum. Ba\u015fkalar\u0131ndan art\u0131k g\u0131na gelmi\u015f olsa da dinlemeyi b\u0131rakam\u0131yorum. \u00d6ylece oturun ve konu\u015fan insanlar\u0131, \u00f6zellikle de yabanc\u0131lar\u0131 bir dinleyin: Duyulacak her \u015feyi duyars\u0131n\u0131z. Bir \u015feylerin nas\u0131l oldu\u011funa, gidi\u015fat\u0131na, neye benzedi\u011fine dair ifadeler toplars\u0131n\u0131z. Ayr\u0131nt\u0131lar biraz farkl\u0131l\u0131k g\u00f6sterse de \u00fcslup, raylar \u00fczerinde d\u00f6nen tekerleklerin sesi kadar tan\u0131d\u0131k gelmeye ba\u015flar. Her kelime s\u0131radan, kli\u015fe ve tahmin edilirdir ve her hik\u00e2ye binlerce kez anlat\u0131lm\u0131\u015ft\u0131r; yine de her kelime do\u011frudur. <\/p>\n","protected":false},"excerpt":{"rendered":"<p>Trendeki Yabanc\u0131, Jenny Diski\u2019nin iki Amerika seyahatini kaps\u0131yor. \u0130ki gezi, birka\u00e7 tren, \u00e7ok\u00e7a yabanc\u0131 ve i\u00e7ilen say\u0131s\u0131z sigara. \u0130lki tesad\u00fcfi bir yolculukken, New York\u2019ta ba\u015flay\u0131p New<span class=\"excerpt-hellip\"> [\u2026]<\/span><\/p>\n","protected":false},"featured_media":0,"template":"","meta":{"_monsterinsights_skip_tracking":false,"_monsterinsights_sitenote_active":false,"_monsterinsights_sitenote_note":"","_monsterinsights_sitenote_category":0},"product_brand":[],"product_cat":[12777,12291],"product_tag":[],"class_list":{"0":"post-767253","1":"product","2":"type-product","3":"status-publish","5":"product_cat-deneme","6":"product_cat-edebiyat","7":"pa_cilt-ciltsiz","8":"pa_tur-kitap","9":"pa_yayinevi-everest-yayinlari","10":"pa_yazar-jenny-diski","12":"first","13":"instock","14":"sale","15":"shipping-taxable","16":"purchasable","17":"product-type-simple"},"_links":{"self":[{"href":"https:\/\/roveyayinevi.com.tr\/index.php\/wp-json\/wp\/v2\/product\/767253","targetHints":{"allow":["GET"]}}],"collection":[{"href":"https:\/\/roveyayinevi.com.tr\/index.php\/wp-json\/wp\/v2\/product"}],"about":[{"href":"https:\/\/roveyayinevi.com.tr\/index.php\/wp-json\/wp\/v2\/types\/product"}],"wp:attachment":[{"href":"https:\/\/roveyayinevi.com.tr\/index.php\/wp-json\/wp\/v2\/media?parent=767253"}],"wp:term":[{"taxonomy":"product_brand","embeddable":true,"href":"https:\/\/roveyayinevi.com.tr\/index.php\/wp-json\/wp\/v2\/product_brand?post=767253"},{"taxonomy":"product_cat","embeddable":true,"href":"https:\/\/roveyayinevi.com.tr\/index.php\/wp-json\/wp\/v2\/product_cat?post=767253"},{"taxonomy":"product_tag","embeddable":true,"href":"https:\/\/roveyayinevi.com.tr\/index.php\/wp-json\/wp\/v2\/product_tag?post=767253"}],"curies":[{"name":"wp","href":"https:\/\/api.w.org\/{rel}","templated":true}]}}