{"id":767252,"date":"2025-08-28T12:41:44","date_gmt":"2025-08-28T09:41:44","guid":{"rendered":"https:\/\/roveyayinevi.com.tr\/index.php\/urun\/neoliberal-siyasetin-sekerat-hali\/"},"modified":"2026-04-15T03:32:51","modified_gmt":"2026-04-15T00:32:51","slug":"neoliberal-siyasetin-sekerat-hali","status":"publish","type":"product","link":"https:\/\/roveyayinevi.com.tr\/index.php\/urun\/neoliberal-siyasetin-sekerat-hali\/","title":{"rendered":"Neoliberal Siyasetin Sekerat Hali"},"content":{"rendered":"<p>\u201cNeoliberal zamanlarda ya\u015f\u0131yoruz. 1970 sonras\u0131 do\u011fan t\u00fcm ku\u015faklar bu ku\u015fat\u0131c\u0131 toplumsal-kapitalist model i\u00e7erisinde b\u00fcy\u00fcd\u00fc. Neoliberalizmin en \u00f6nemli \u00f6zelli\u011fi; kapitalizmin ontolojik temeli olan metala\u015fmay\u0131 en \u00fcst s\u0131n\u0131r\u0131na kadar ta\u015f\u0131makt\u0131r. Ku\u015fat\u0131c\u0131 bir ekonomik-politik-ideolojik model olarak neoliberalizm her \u015feyi, herkesi yabanc\u0131la\u015ft\u0131r\u0131yor. Mallar, hizmetler, arkada\u015fl\u0131klar, dostluklar hatta aile ili\u015fkileri bile piyasada al\u0131m sat\u0131m konusu haline geliyor. Birey i\u00e7in \u00e7\u0131ld\u0131rt\u0131c\u0131 bir insan yap\u0131m\u0131 ya\u015fam modeli bu. \u0130nsanlar bu model i\u00e7erisinde yabanc\u0131la\u015fmas\u0131n\u0131 azaltmak i\u00e7in aidiyet duygusu geli\u015ftirmeye \u00e7al\u0131\u015f\u0131yor. Toplumsal aidiyet mekanizmalar\u0131 da yetersiz kal\u0131yor. Bat\u0131 bireycili\u011fi, daha bencil bir bireycili\u011fe ilerlerken Do\u011fu toplumculu\u011fu, keskin bir \u015fekilde par\u00e7alan\u0131yor. Bencil, egoist, \u00e7\u0131karc\u0131 bir insan bu modelin do\u011fal sonucu. \u0130nsanl\u0131k bu modeli daha ne kadar ta\u015f\u0131yabilir tart\u0131\u015fmal\u0131 bir sorunsal. \u0130nsan ne kadar ta\u015f\u0131y\u0131c\u0131 bir varl\u0131k da olsa, olaylar\u0131n gidi\u015fat\u0131na bir derece m\u00fcdahale edebiliyor. \u0130nsan\u0131n m\u00fcdahale zaman\u0131 geliyor yine. Eski, \u00f6l\u00fcyor yeni, ufukta g\u00f6r\u00fcl\u00fcyor. \u00d6l\u00fcm hali sekerat hali. Zaman, neoliberalizmin sekerat hali\u2026Zaman, neoliberalizme m\u00fcdahale zaman\u0131\u2026\u201d <\/p>\n","protected":false},"excerpt":{"rendered":"<p>\u201cNeoliberal zamanlarda ya\u015f\u0131yoruz. 1970 sonras\u0131 do\u011fan t\u00fcm ku\u015faklar bu ku\u015fat\u0131c\u0131 toplumsal-kapitalist model i\u00e7erisinde b\u00fcy\u00fcd\u00fc. Neoliberalizmin en \u00f6nemli \u00f6zelli\u011fi; kapitalizmin ontolojik temeli olan metala\u015fmay\u0131 en \u00fcst s\u0131n\u0131r\u0131na<span class=\"excerpt-hellip\"> [\u2026]<\/span><\/p>\n","protected":false},"featured_media":0,"template":"","meta":{"_monsterinsights_skip_tracking":false,"_monsterinsights_sitenote_active":false,"_monsterinsights_sitenote_note":"","_monsterinsights_sitenote_category":0},"product_brand":[],"product_cat":[13590,12337],"product_tag":[],"class_list":{"0":"post-767252","1":"product","2":"type-product","3":"status-publish","5":"product_cat-arastirma-inceleme-politika-siyaset","6":"product_cat-politika-siyaset","7":"pa_cilt-ciltsiz","8":"pa_tur-kitap","9":"pa_yayinevi-soncag-akademik-kitaplar","10":"pa_yazar-inan-akdag","12":"first","13":"instock","14":"sale","15":"shipping-taxable","16":"purchasable","17":"product-type-simple"},"_links":{"self":[{"href":"https:\/\/roveyayinevi.com.tr\/index.php\/wp-json\/wp\/v2\/product\/767252","targetHints":{"allow":["GET"]}}],"collection":[{"href":"https:\/\/roveyayinevi.com.tr\/index.php\/wp-json\/wp\/v2\/product"}],"about":[{"href":"https:\/\/roveyayinevi.com.tr\/index.php\/wp-json\/wp\/v2\/types\/product"}],"wp:attachment":[{"href":"https:\/\/roveyayinevi.com.tr\/index.php\/wp-json\/wp\/v2\/media?parent=767252"}],"wp:term":[{"taxonomy":"product_brand","embeddable":true,"href":"https:\/\/roveyayinevi.com.tr\/index.php\/wp-json\/wp\/v2\/product_brand?post=767252"},{"taxonomy":"product_cat","embeddable":true,"href":"https:\/\/roveyayinevi.com.tr\/index.php\/wp-json\/wp\/v2\/product_cat?post=767252"},{"taxonomy":"product_tag","embeddable":true,"href":"https:\/\/roveyayinevi.com.tr\/index.php\/wp-json\/wp\/v2\/product_tag?post=767252"}],"curies":[{"name":"wp","href":"https:\/\/api.w.org\/{rel}","templated":true}]}}