{"id":767250,"date":"2025-08-28T12:41:41","date_gmt":"2025-08-28T09:41:41","guid":{"rendered":"https:\/\/roveyayinevi.com.tr\/index.php\/urun\/anlam-arayisinin-evrensel-oykuleri-mitoloji\/"},"modified":"2026-04-15T03:32:51","modified_gmt":"2026-04-15T00:32:51","slug":"anlam-arayisinin-evrensel-oykuleri-mitoloji","status":"publish","type":"product","link":"https:\/\/roveyayinevi.com.tr\/index.php\/urun\/anlam-arayisinin-evrensel-oykuleri-mitoloji\/","title":{"rendered":"Anlam Aray\u0131\u015f\u0131n\u0131n Evrensel \u00d6yk\u00fcleri Mitoloji"},"content":{"rendered":"<p>Ba\u015flang\u0131\u00e7 zamanlar\u0131ndan beri insanl\u0131\u011f\u0131n anlam aray\u0131\u015f\u0131n\u0131n e\u015flik\u00e7ileri, \u00f6yk\u00fcler olmu\u015ftur. Do\u011fum, ya\u015fam, \u00f6l\u00fcm ve \u00f6l\u00fcm \u00f6tesine dair sorular\u0131n\u0131 mitos ad\u0131 verilen anlat\u0131larla cevaplamaya \u00e7al\u0131\u015f\u0131r. Mitos, zaman ve mek\u00e2n\u0131 a\u015farak insana ve insan\u0131n do\u011fas\u0131na ait ger\u00e7ekli\u011fi simgeler vas\u0131tas\u0131yla ortaya koyar. Bilinenlerle bilinmeyenler aras\u0131ndaki u\u00e7urum mitlerle a\u015f\u0131l\u0131r. Daima \u201cbir yarat\u0131l\u0131\u015f hik\u00e2yesi olan mit\u201d, eski bir ger\u00e7ekli\u011fi simgelerle anlatarak toplumlar\u0131n kutsalla dayan\u0131\u015fmas\u0131n\u0131 s\u00fcrd\u00fcr\u00fcr. \u0130nsan, anlamland\u0131rmaya \u00e7al\u0131\u015ft\u0131\u011f\u0131 pek \u00e7ok durum i\u00e7in bir mit kurgulayarak anla\u015f\u0131l\u0131r h\u00e2le getirmeye \u00e7al\u0131\u015f\u0131r.<\/p>\n","protected":false},"excerpt":{"rendered":"<p>Ba\u015flang\u0131\u00e7 zamanlar\u0131ndan beri insanl\u0131\u011f\u0131n anlam aray\u0131\u015f\u0131n\u0131n e\u015flik\u00e7ileri, \u00f6yk\u00fcler olmu\u015ftur. Do\u011fum, ya\u015fam, \u00f6l\u00fcm ve \u00f6l\u00fcm \u00f6tesine dair sorular\u0131n\u0131 mitos ad\u0131 verilen anlat\u0131larla cevaplamaya \u00e7al\u0131\u015f\u0131r. Mitos, zaman ve<span class=\"excerpt-hellip\"> [\u2026]<\/span><\/p>\n","protected":false},"featured_media":0,"template":"","meta":{"_monsterinsights_skip_tracking":false,"_monsterinsights_sitenote_active":false,"_monsterinsights_sitenote_note":"","_monsterinsights_sitenote_category":0},"product_brand":[],"product_cat":[12718,12858],"product_tag":[],"class_list":{"0":"post-767250","1":"product","2":"type-product","3":"status-publish","5":"product_cat-din","6":"product_cat-mitolojiler","7":"pa_cilt-ciltsiz","8":"pa_tur-kitap","9":"pa_yayinevi-alfa-akademi","10":"pa_yazar-kolektif","12":"first","13":"instock","14":"sale","15":"shipping-taxable","16":"purchasable","17":"product-type-simple"},"_links":{"self":[{"href":"https:\/\/roveyayinevi.com.tr\/index.php\/wp-json\/wp\/v2\/product\/767250","targetHints":{"allow":["GET"]}}],"collection":[{"href":"https:\/\/roveyayinevi.com.tr\/index.php\/wp-json\/wp\/v2\/product"}],"about":[{"href":"https:\/\/roveyayinevi.com.tr\/index.php\/wp-json\/wp\/v2\/types\/product"}],"wp:attachment":[{"href":"https:\/\/roveyayinevi.com.tr\/index.php\/wp-json\/wp\/v2\/media?parent=767250"}],"wp:term":[{"taxonomy":"product_brand","embeddable":true,"href":"https:\/\/roveyayinevi.com.tr\/index.php\/wp-json\/wp\/v2\/product_brand?post=767250"},{"taxonomy":"product_cat","embeddable":true,"href":"https:\/\/roveyayinevi.com.tr\/index.php\/wp-json\/wp\/v2\/product_cat?post=767250"},{"taxonomy":"product_tag","embeddable":true,"href":"https:\/\/roveyayinevi.com.tr\/index.php\/wp-json\/wp\/v2\/product_tag?post=767250"}],"curies":[{"name":"wp","href":"https:\/\/api.w.org\/{rel}","templated":true}]}}