{"id":767249,"date":"2025-08-28T12:41:39","date_gmt":"2025-08-28T09:41:39","guid":{"rendered":"https:\/\/roveyayinevi.com.tr\/index.php\/urun\/karanlik-sular-zastrozzi-bir-romans\/"},"modified":"2026-04-15T03:32:51","modified_gmt":"2026-04-15T00:32:51","slug":"karanlik-sular-zastrozzi-bir-romans","status":"publish","type":"product","link":"https:\/\/roveyayinevi.com.tr\/index.php\/urun\/karanlik-sular-zastrozzi-bir-romans\/","title":{"rendered":"Karanl\u0131k Sular &#8211; Zastrozzi Bir Romans"},"content":{"rendered":"<p>Percy Bysshe Shelley\u2019nin (1792-1822) on yedi ya\u015f\u0131nda yazd\u0131\u011f\u0131 ve 1810 y\u0131l\u0131nda P. B. S. imzas\u0131yla yay\u0131mlad\u0131\u011f\u0131 ilk roman\u0131 Zastrozzi: Bir Romans, kendisinden \u00f6nceki gotik kurmacalara duydu\u011fu minnet borcunu yans\u0131t\u0131r. \u0130ntikam, tutku ve g\u00fcc\u00fcn y\u0131k\u0131c\u0131 do\u011fas\u0131n\u0131 i\u015fleyen kitab\u0131n merkezinde \u201cLa Contessa di Laurentini\u201d Matilda, Verezzi ve Zastrozzi yer al\u0131r. Verezzi\u2019ye duydu\u011fu \u00e7\u0131lg\u0131nca a\u015fk\u0131n kar\u015f\u0131l\u0131\u011f\u0131n\u0131 alamayan Matilda, Zastrozzi\u2019den Verezzi\u2019nin sevdi\u011fi Julia\u2019y\u0131 \u00f6ld\u00fcrmesini ister. Zastrozzi\u2019ninse Verezzi\u2019den intikam almak i\u00e7in kendince sebepleri vard\u0131r.   Karma\u015f\u0131k karakterleri ve karanl\u0131k temas\u0131yla y\u00fczy\u0131llar sonra bile okuru b\u00fcy\u00fclemeyi ba\u015faran Zastrozzi: Bir Romans, 1977\u2019de oyun yazar\u0131 George F. Walker taraf\u0131ndan tiyatro sahnesine, 1986 y\u0131l\u0131nda ise David G. Hopkins taraf\u0131ndan d\u00f6rt b\u00f6l\u00fcml\u00fck bir televizyon dizisine uyarlanm\u0131\u015ft\u0131r.<\/p>\n","protected":false},"excerpt":{"rendered":"<p>Percy Bysshe Shelley\u2019nin (1792-1822) on yedi ya\u015f\u0131nda yazd\u0131\u011f\u0131 ve 1810 y\u0131l\u0131nda P. B. S. imzas\u0131yla yay\u0131mlad\u0131\u011f\u0131 ilk roman\u0131 Zastrozzi: Bir Romans, kendisinden \u00f6nceki gotik kurmacalara duydu\u011fu<span class=\"excerpt-hellip\"> [\u2026]<\/span><\/p>\n","protected":false},"featured_media":0,"template":"","meta":{"_monsterinsights_skip_tracking":false,"_monsterinsights_sitenote_active":false,"_monsterinsights_sitenote_note":"","_monsterinsights_sitenote_category":0},"product_brand":[],"product_cat":[12291,12711],"product_tag":[],"class_list":{"0":"post-767249","1":"product","2":"type-product","3":"status-publish","5":"product_cat-edebiyat","6":"product_cat-roman-oyku","7":"pa_cilt-ciltsiz","8":"pa_tur-kitap","9":"pa_yayinevi-everest-yayinlari","10":"pa_yazar-percy-bysshe-shelley","12":"first","13":"instock","14":"sale","15":"shipping-taxable","16":"purchasable","17":"product-type-simple"},"_links":{"self":[{"href":"https:\/\/roveyayinevi.com.tr\/index.php\/wp-json\/wp\/v2\/product\/767249","targetHints":{"allow":["GET"]}}],"collection":[{"href":"https:\/\/roveyayinevi.com.tr\/index.php\/wp-json\/wp\/v2\/product"}],"about":[{"href":"https:\/\/roveyayinevi.com.tr\/index.php\/wp-json\/wp\/v2\/types\/product"}],"wp:attachment":[{"href":"https:\/\/roveyayinevi.com.tr\/index.php\/wp-json\/wp\/v2\/media?parent=767249"}],"wp:term":[{"taxonomy":"product_brand","embeddable":true,"href":"https:\/\/roveyayinevi.com.tr\/index.php\/wp-json\/wp\/v2\/product_brand?post=767249"},{"taxonomy":"product_cat","embeddable":true,"href":"https:\/\/roveyayinevi.com.tr\/index.php\/wp-json\/wp\/v2\/product_cat?post=767249"},{"taxonomy":"product_tag","embeddable":true,"href":"https:\/\/roveyayinevi.com.tr\/index.php\/wp-json\/wp\/v2\/product_tag?post=767249"}],"curies":[{"name":"wp","href":"https:\/\/api.w.org\/{rel}","templated":true}]}}