{"id":767245,"date":"2025-08-28T12:41:31","date_gmt":"2025-08-28T09:41:31","guid":{"rendered":"https:\/\/roveyayinevi.com.tr\/index.php\/urun\/ne-para-ne-saat-ne-kasket\/"},"modified":"2026-04-15T03:32:50","modified_gmt":"2026-04-15T00:32:50","slug":"ne-para-ne-saat-ne-kasket","status":"publish","type":"product","link":"https:\/\/roveyayinevi.com.tr\/index.php\/urun\/ne-para-ne-saat-ne-kasket\/","title":{"rendered":"Ne Para Ne Saat Ne Kasket"},"content":{"rendered":"<p>\u00c7ocuklu bir anne g\u00f6rd\u00fcm, durdum. Ani bir \u015fekilde uyanan bir duyguyla \u00e7ocu\u011fa annesinden, anneye ise \u00e7ocu\u011fundan dolay\u0131 g\u0131pta ettim. Bundan ba\u015fka, gen\u00e7li\u011fi, g\u00fczelli\u011fi, kolyesi ve sa\u00e7 \u015feklinden dolay\u0131 da anneye g\u0131pta ediyordum. Ayr\u0131ca, kaba saba k\u00fcstahl\u0131\u011f\u0131ndan ve t\u00fck\u00fcr\u00fckler savurarak konu\u015fmas\u0131ndan dolay\u0131 da \u00e7ocu\u011fa g\u0131pta ediyordum. Beni \u015fa\u015f\u0131rtan yorgunlu\u011fum oldu; ya\u015flanman\u0131n bir \u00f6d\u00fcllendirilme oldu\u011funu tasavvur ederdim hep; \u00f6d\u00fclse bir eksiklik olamazd\u0131, rencide edici bir \u015fey de de\u011fildi. Oysa eksiklik ve a\u015fa\u011f\u0131lanma her metroda a\u00e7\u0131k a\u00e7\u0131k yaz\u0131l\u0131yd\u0131. Her vagonda \u015f\u00f6yle deniyordu: Ya\u015fl\u0131lara bo\u015f yer b\u0131rak\u0131lmas\u0131 rica olunur. Yorgunlu\u011fuma sahip \u00e7\u0131kabilirdim, ama cesaret edemedim.   Tipik bir Genazino karakteri olarak tan\u0131mlayabilece\u011fimiz anlat\u0131c\u0131m\u0131z, bir sokak festivali s\u0131ras\u0131nda eski kar\u0131s\u0131yla kar\u015f\u0131la\u015f\u0131r. Kendisi, her ne kadar yeni ili\u015fkiler ya\u015famaya ba\u015flasa da eski kar\u0131s\u0131na, evlili\u011fine, dahas\u0131 evlili\u011fe dair d\u00fc\u015f\u00fcncelerden bir t\u00fcrl\u00fc kurtulamam\u0131\u015ft\u0131r. Her \u2018e\u015f\u2019in gelecekteki \u2018eski\u2019li\u011fini i\u00e7inde bar\u0131nd\u0131rd\u0131\u011f\u0131n\u0131 fark eden kahraman\u0131m\u0131z sadece evlili\u011fin de\u011fil, ya\u015fam, anne-baba, \u00e7ocukluk, ya\u015fl\u0131l\u0131k, \u00f6l\u00fcm gibi konular\u0131n da gittik\u00e7e \u00e7etrefille\u015fti\u011fini g\u00f6r\u00fcr. Halbuki bir zamanlar, ya\u015fland\u0131k\u00e7a t\u00fcm bunlar\u0131n biraz daha a\u00e7\u0131klanabilir olaca\u011f\u0131n\u0131 d\u00fc\u015f\u00fcnm\u00fc\u015ft\u00fcr. Yine keskin g\u00f6zlemler, derin d\u00fc\u015f\u00fcnceler ve kendine has bir yaln\u0131zl\u0131k \u00f6yk\u00fcs\u00fc. Wilhelm Genazino\u2019nun \u00f6l\u00fcm\u00fcnden \u00f6nce yay\u0131mlanan son roman\u0131 olan ve \u00f6nceki romanlar\u0131na g\u00f6re yo\u011funla\u015fan melankolisiyle, s\u0131kla\u015fan geriye d\u00f6n\u00fc\u015fleriyle okurunu insan ruhunda uzun bir gezintiye \u00e7\u0131karan Ne Para Ne Saat Ne Kasket, Tevfik Turan\u2019\u0131n Almanca asl\u0131ndan \u00e7evirisiyle. <\/p>\n","protected":false},"excerpt":{"rendered":"<p>\u00c7ocuklu bir anne g\u00f6rd\u00fcm, durdum. Ani bir \u015fekilde uyanan bir duyguyla \u00e7ocu\u011fa annesinden, anneye ise \u00e7ocu\u011fundan dolay\u0131 g\u0131pta ettim. Bundan ba\u015fka, gen\u00e7li\u011fi, g\u00fczelli\u011fi, kolyesi ve sa\u00e7<span class=\"excerpt-hellip\"> [\u2026]<\/span><\/p>\n","protected":false},"featured_media":0,"template":"","meta":{"_monsterinsights_skip_tracking":false,"_monsterinsights_sitenote_active":false,"_monsterinsights_sitenote_note":"","_monsterinsights_sitenote_category":0},"product_brand":[],"product_cat":[12291,12711],"product_tag":[],"class_list":{"0":"post-767245","1":"product","2":"type-product","3":"status-publish","5":"product_cat-edebiyat","6":"product_cat-roman-oyku","7":"pa_cilt-ciltsiz","8":"pa_tur-kitap","9":"pa_yayinevi-jaguar-kitap","10":"pa_yazar-wilhelm-genazino","12":"first","13":"instock","14":"sale","15":"shipping-taxable","16":"purchasable","17":"product-type-simple"},"_links":{"self":[{"href":"https:\/\/roveyayinevi.com.tr\/index.php\/wp-json\/wp\/v2\/product\/767245","targetHints":{"allow":["GET"]}}],"collection":[{"href":"https:\/\/roveyayinevi.com.tr\/index.php\/wp-json\/wp\/v2\/product"}],"about":[{"href":"https:\/\/roveyayinevi.com.tr\/index.php\/wp-json\/wp\/v2\/types\/product"}],"wp:attachment":[{"href":"https:\/\/roveyayinevi.com.tr\/index.php\/wp-json\/wp\/v2\/media?parent=767245"}],"wp:term":[{"taxonomy":"product_brand","embeddable":true,"href":"https:\/\/roveyayinevi.com.tr\/index.php\/wp-json\/wp\/v2\/product_brand?post=767245"},{"taxonomy":"product_cat","embeddable":true,"href":"https:\/\/roveyayinevi.com.tr\/index.php\/wp-json\/wp\/v2\/product_cat?post=767245"},{"taxonomy":"product_tag","embeddable":true,"href":"https:\/\/roveyayinevi.com.tr\/index.php\/wp-json\/wp\/v2\/product_tag?post=767245"}],"curies":[{"name":"wp","href":"https:\/\/api.w.org\/{rel}","templated":true}]}}