{"id":767242,"date":"2025-08-28T12:41:27","date_gmt":"2025-08-28T09:41:27","guid":{"rendered":"https:\/\/roveyayinevi.com.tr\/index.php\/urun\/disiplinlerarasi-perspektiften-surdurulebilirlik\/"},"modified":"2026-04-15T03:32:50","modified_gmt":"2026-04-15T00:32:50","slug":"disiplinlerarasi-perspektiften-surdurulebilirlik","status":"publish","type":"product","link":"https:\/\/roveyayinevi.com.tr\/index.php\/urun\/disiplinlerarasi-perspektiften-surdurulebilirlik\/","title":{"rendered":"Disiplinleraras\u0131 Perspektiften \u201cS\u00fcrd\u00fcr\u00fclebilirlik\u201d"},"content":{"rendered":"<p>B\u0130R\u0130NC\u0130 B\u00d6L\u00dcM Teredd\u00fctl\u00fc Bulan\u0131k Swara Y\u00f6ntemiyle Do\u011frusal Ekonomi ve D\u00f6ng\u00fcsel Ekonomi Modellerinin Kar\u015f\u0131la\u015ft\u0131r\u0131lmas\u0131   \u0130K\u0130NC\u0130 B\u00d6L\u00dcM Enflasyonist Ortamda S\u00fcrd\u00fcr\u00fclebilir Bir Pazarlaman\u0131n G\u00fc\u00e7l\u00fckleri ve \u00c7\u00f6z\u00fcm \u00d6nerileri   \u00dc\u00c7\u00dcNC\u00dc B\u00d6L\u00dcM \u0130kinci El K\u0131yafet Sat\u0131lan Platformlar ve S\u00fcrd\u00fcr\u00fclebilir T\u00fcketim   D\u00d6RD\u00dcNC\u00dc B\u00d6L\u00dcM S\u00fcrd\u00fcr\u00fclebilirlik ve End\u00fcstriyel Simbiyoz   BE\u015e\u0130NC\u0130 B\u00d6L\u00dcM S\u00fcrd\u00fcr\u00fclebilirlik Raporlamas\u0131   ALTINCI B\u00d6L\u00dcM T\u00fcrkiye Y\u00fczy\u0131l Maarif Modeli Tasla\u011f\u0131na G\u00f6re Fen Bilimleri Dersinde S\u00fcrd\u00fcr\u00fclebilirli\u011fin Yeri     YED\u0130NC\u0130 B\u00d6L\u00dcM Pazarlama Disiplini \u00c7er\u00e7evesinde S\u00fcrd\u00fcr\u00fclebilirlik   SEK\u0130C\u0130NC\u0130 B\u00d6L\u00dcM S\u00fcrd\u00fcr\u00fclebilir Turizm Pazarlamas\u0131   DOKUZUNCU B\u00d6L\u00dcM S\u00fcrd\u00fcr\u00fclebilirlik Perspektifinden Toplum 5.0 ve Pazarlama   ONUNCU B\u00d6L\u00dcM S\u00fcrd\u00fcr\u00fclebilirlik Ba\u011flam\u0131nda Yenilenebilir Enerji   ONB\u0130R\u0130NC\u0130 B\u00d6L\u00dcM S\u00fcrd\u00fcr\u00fclebilir Ambalaj Tasar\u0131m\u0131   ON\u0130K\u0130NC\u0130 B\u00d6L\u00dcM S\u00fcrd\u00fcr\u00fclebilirlik A\u00e7\u0131s\u0131ndan Karbon Muhasebesi   ON\u00dc\u00c7\u00dcNC\u00dc B\u00d6L\u00dcM S\u00fcrd\u00fcr\u00fclebilir Liderlik \u00dczerine Kavramsal Bir \u00c7al\u0131\u015fma .   OND\u00d6RD\u00dcNC\u00dc B\u00d6L\u00dcM Kurumsal S\u00fcrd\u00fcr\u00fclebilirli\u011fin \u00c7al\u0131\u015fan Verimlili\u011fi ve \u00c7al\u0131\u015fanlar \u00dczerine Etkisi <\/p>\n","protected":false},"excerpt":{"rendered":"<p>B\u0130R\u0130NC\u0130 B\u00d6L\u00dcM Teredd\u00fctl\u00fc Bulan\u0131k Swara Y\u00f6ntemiyle Do\u011frusal Ekonomi ve D\u00f6ng\u00fcsel Ekonomi Modellerinin Kar\u015f\u0131la\u015ft\u0131r\u0131lmas\u0131 \u0130K\u0130NC\u0130 B\u00d6L\u00dcM Enflasyonist Ortamda S\u00fcrd\u00fcr\u00fclebilir Bir Pazarlaman\u0131n G\u00fc\u00e7l\u00fckleri ve \u00c7\u00f6z\u00fcm \u00d6nerileri \u00dc\u00c7\u00dcNC\u00dc B\u00d6L\u00dcM<span class=\"excerpt-hellip\"> [\u2026]<\/span><\/p>\n","protected":false},"featured_media":0,"template":"","meta":{"_monsterinsights_skip_tracking":false,"_monsterinsights_sitenote_active":false,"_monsterinsights_sitenote_note":"","_monsterinsights_sitenote_category":0},"product_brand":[],"product_cat":[12573,12566],"product_tag":[],"class_list":{"0":"post-767242","1":"product","2":"type-product","3":"status-publish","5":"product_cat-akademik-kitaplar","6":"product_cat-egitim","7":"pa_cilt-ciltsiz","8":"pa_tur-kitap","9":"pa_yayinevi-gazi-kitabevi","10":"pa_yazar-kolektif","12":"first","13":"instock","14":"sale","15":"shipping-taxable","16":"purchasable","17":"product-type-simple"},"_links":{"self":[{"href":"https:\/\/roveyayinevi.com.tr\/index.php\/wp-json\/wp\/v2\/product\/767242","targetHints":{"allow":["GET"]}}],"collection":[{"href":"https:\/\/roveyayinevi.com.tr\/index.php\/wp-json\/wp\/v2\/product"}],"about":[{"href":"https:\/\/roveyayinevi.com.tr\/index.php\/wp-json\/wp\/v2\/types\/product"}],"wp:attachment":[{"href":"https:\/\/roveyayinevi.com.tr\/index.php\/wp-json\/wp\/v2\/media?parent=767242"}],"wp:term":[{"taxonomy":"product_brand","embeddable":true,"href":"https:\/\/roveyayinevi.com.tr\/index.php\/wp-json\/wp\/v2\/product_brand?post=767242"},{"taxonomy":"product_cat","embeddable":true,"href":"https:\/\/roveyayinevi.com.tr\/index.php\/wp-json\/wp\/v2\/product_cat?post=767242"},{"taxonomy":"product_tag","embeddable":true,"href":"https:\/\/roveyayinevi.com.tr\/index.php\/wp-json\/wp\/v2\/product_tag?post=767242"}],"curies":[{"name":"wp","href":"https:\/\/api.w.org\/{rel}","templated":true}]}}