{"id":767240,"date":"2025-08-28T12:41:24","date_gmt":"2025-08-28T09:41:24","guid":{"rendered":"https:\/\/roveyayinevi.com.tr\/index.php\/urun\/pazarlamada-guncel-yaklasimlar-3\/"},"modified":"2026-04-15T03:32:50","modified_gmt":"2026-04-15T00:32:50","slug":"pazarlamada-guncel-yaklasimlar-3","status":"publish","type":"product","link":"https:\/\/roveyayinevi.com.tr\/index.php\/urun\/pazarlamada-guncel-yaklasimlar-3\/","title":{"rendered":"Pazarlamada G\u00fcncel Yakla\u015f\u0131mlar 3"},"content":{"rendered":"<p>B\u0130R\u0130NC\u0130 B\u00d6L\u00dcM       SPOR PAZARLAMASI         \u0130K\u0130NC\u0130 B\u00d6L\u00dcM       D\u0130J\u0130TAL N\u00d6ROPAZARLAMA         \u00dc\u00c7\u00dcNC\u00dc B\u00d6L\u00dcM       MARKA SULANDIRMASI         D\u00d6RD\u00dcNC\u00dc B\u00d6L\u00dcM       TUR\u0130ZM PAZARLAMASI         BE\u015e\u0130NC\u0130 B\u00d6L\u00dcM       B\u0130REB\u0130R PAZARLAMA         ALTINCI B\u00d6L\u00dcM       M\u0130M (M\u0130ZAH \u0130\u00c7ER\u0130KL\u0130) PAZARLAMA           YED\u0130NC\u0130 B\u00d6L\u00dcM       DEST\u0130NASYON PAZARLAMASI         SEK\u0130C\u0130NC\u0130 B\u00d6L\u00dcM       PAZARLAMA \u0130NOVASYONU         DOKUZUNCU B\u00d6L\u00dcM       GER\u00c7EK ZAMANLI PAZARLAMA         ONUNCU B\u00d6L\u00dcM       M\u0130ST\u0130K PAZARLAMA         ONB\u0130R\u0130NC\u0130 B\u00d6L\u00dcM       S\u00dcRD\u00dcR\u00dcLEB\u0130L\u0130R PAZARLAMA         ON\u0130K\u0130NC\u0130 B\u00d6L\u00dcM       GENOPAZARLAMA <\/p>\n","protected":false},"excerpt":{"rendered":"<p>B\u0130R\u0130NC\u0130 B\u00d6L\u00dcM SPOR PAZARLAMASI \u0130K\u0130NC\u0130 B\u00d6L\u00dcM D\u0130J\u0130TAL N\u00d6ROPAZARLAMA \u00dc\u00c7\u00dcNC\u00dc B\u00d6L\u00dcM MARKA SULANDIRMASI D\u00d6RD\u00dcNC\u00dc B\u00d6L\u00dcM TUR\u0130ZM PAZARLAMASI BE\u015e\u0130NC\u0130 B\u00d6L\u00dcM B\u0130REB\u0130R PAZARLAMA ALTINCI B\u00d6L\u00dcM M\u0130M (M\u0130ZAH \u0130\u00c7ER\u0130KL\u0130) PAZARLAMA<span class=\"excerpt-hellip\"> [\u2026]<\/span><\/p>\n","protected":false},"featured_media":0,"template":"","meta":{"_monsterinsights_skip_tracking":false,"_monsterinsights_sitenote_active":false,"_monsterinsights_sitenote_note":"","_monsterinsights_sitenote_category":0},"product_brand":[],"product_cat":[13043,17647],"product_tag":[],"class_list":{"0":"post-767240","1":"product","2":"type-product","3":"status-publish","5":"product_cat-ekonomi","6":"product_cat-is-dunyasi","7":"pa_cilt-ciltsiz","8":"pa_tur-kitap","9":"pa_yayinevi-gazi-kitabevi","10":"pa_yazar-kolektif","12":"first","13":"instock","14":"sale","15":"shipping-taxable","16":"purchasable","17":"product-type-simple"},"_links":{"self":[{"href":"https:\/\/roveyayinevi.com.tr\/index.php\/wp-json\/wp\/v2\/product\/767240","targetHints":{"allow":["GET"]}}],"collection":[{"href":"https:\/\/roveyayinevi.com.tr\/index.php\/wp-json\/wp\/v2\/product"}],"about":[{"href":"https:\/\/roveyayinevi.com.tr\/index.php\/wp-json\/wp\/v2\/types\/product"}],"wp:attachment":[{"href":"https:\/\/roveyayinevi.com.tr\/index.php\/wp-json\/wp\/v2\/media?parent=767240"}],"wp:term":[{"taxonomy":"product_brand","embeddable":true,"href":"https:\/\/roveyayinevi.com.tr\/index.php\/wp-json\/wp\/v2\/product_brand?post=767240"},{"taxonomy":"product_cat","embeddable":true,"href":"https:\/\/roveyayinevi.com.tr\/index.php\/wp-json\/wp\/v2\/product_cat?post=767240"},{"taxonomy":"product_tag","embeddable":true,"href":"https:\/\/roveyayinevi.com.tr\/index.php\/wp-json\/wp\/v2\/product_tag?post=767240"}],"curies":[{"name":"wp","href":"https:\/\/api.w.org\/{rel}","templated":true}]}}