{"id":767237,"date":"2025-08-28T12:41:18","date_gmt":"2025-08-28T09:41:18","guid":{"rendered":"https:\/\/roveyayinevi.com.tr\/index.php\/urun\/sen-miydin-sevgilimi-calan\/"},"modified":"2026-04-15T03:32:50","modified_gmt":"2026-04-15T00:32:50","slug":"sen-miydin-sevgilimi-calan","status":"publish","type":"product","link":"https:\/\/roveyayinevi.com.tr\/index.php\/urun\/sen-miydin-sevgilimi-calan\/","title":{"rendered":"Sen Miydin Sevgilimi \u00c7alan?"},"content":{"rendered":"<p>Sen miydin sevgilimi \u00e7alan?&#8221;Tolga \u00c7imener&#8217;in Derin Yolculu\u011fu Tolga \u00c7imener\u2019in hik\u00e2yesi uzun ve derin. &#8220;Sen miydin sevgilimi \u00e7alan? &#8221; sadece bir \u015fark\u0131 s\u00f6z\u00fcnden fazlas\u0131yd\u0131, bir ba\u015flang\u0131\u00e7t\u0131. \u201cO gece, beni uykumdan uyand\u0131rarak \u015fark\u0131s\u0131n\u0131n s\u00f6zlerini yazd\u0131rd\u0131\u011f\u0131 an h\u00e2l\u00e2 akl\u0131mda. Bu kitap, onun hayat\u0131na, benim hayat\u0131ma ve hepimizin hayat\u0131na dair bir yolculuk. Hepimiz birer \u015fark\u0131, birer \u015fiir, birer hik\u00e2yeyiz.\u201d Ozan Beyda\u011f\u0131 (Piyanist arkada\u015f\u0131 Ozan) Bu eser, Nejat Alp ve Ozan Beyda\u011f\u0131\u2019n\u0131n d\u00fcetiyle k\u00fcltle\u015fti ve  Ajda Pekkan,  Cem Y\u0131lmaz,  Ata Demirer,  Beyaz\u0131t \u00d6zt\u00fcrk, Semicenk gibi bir\u00e7ok sanat\u00e7\u0131 taraf\u0131ndan sahne ve alb\u00fcm \u00e7al\u0131\u015famalar\u0131nda da seslendirildi. &#8220;Sen miydin sevgilimi \u00e7alan?&#8221; ad\u0131n\u0131 ta\u015f\u0131yan bu kitap, bu e\u015fsiz eserin arkas\u0131ndaki derin hik\u00e2yeyi anlat\u0131yor. Yeti Kitap olarak, keyifle okuman\u0131z\u0131 diliyor ve bu duygusal yolculu\u011fa kat\u0131lman\u0131z\u0131 bekliyoruz. <\/p>\n","protected":false},"excerpt":{"rendered":"<p>Sen miydin sevgilimi \u00e7alan?&#8221;Tolga \u00c7imener&#8217;in Derin Yolculu\u011fu Tolga \u00c7imener\u2019in hik\u00e2yesi uzun ve derin. &#8220;Sen miydin sevgilimi \u00e7alan? &#8221; sadece bir \u015fark\u0131 s\u00f6z\u00fcnden fazlas\u0131yd\u0131, bir ba\u015flang\u0131\u00e7t\u0131. \u201cO<span class=\"excerpt-hellip\"> [\u2026]<\/span><\/p>\n","protected":false},"featured_media":0,"template":"","meta":{"_monsterinsights_skip_tracking":false,"_monsterinsights_sitenote_active":false,"_monsterinsights_sitenote_note":"","_monsterinsights_sitenote_category":0},"product_brand":[],"product_cat":[12291,12509],"product_tag":[],"class_list":{"0":"post-767237","1":"product","2":"type-product","3":"status-publish","5":"product_cat-edebiyat","6":"product_cat-siir","7":"pa_cilt-ciltsiz","8":"pa_tur-kitap","9":"pa_yayinevi-yeti-kitap","10":"pa_yazar-tolga-cimener","12":"first","13":"instock","14":"sale","15":"shipping-taxable","16":"purchasable","17":"product-type-simple"},"_links":{"self":[{"href":"https:\/\/roveyayinevi.com.tr\/index.php\/wp-json\/wp\/v2\/product\/767237","targetHints":{"allow":["GET"]}}],"collection":[{"href":"https:\/\/roveyayinevi.com.tr\/index.php\/wp-json\/wp\/v2\/product"}],"about":[{"href":"https:\/\/roveyayinevi.com.tr\/index.php\/wp-json\/wp\/v2\/types\/product"}],"wp:attachment":[{"href":"https:\/\/roveyayinevi.com.tr\/index.php\/wp-json\/wp\/v2\/media?parent=767237"}],"wp:term":[{"taxonomy":"product_brand","embeddable":true,"href":"https:\/\/roveyayinevi.com.tr\/index.php\/wp-json\/wp\/v2\/product_brand?post=767237"},{"taxonomy":"product_cat","embeddable":true,"href":"https:\/\/roveyayinevi.com.tr\/index.php\/wp-json\/wp\/v2\/product_cat?post=767237"},{"taxonomy":"product_tag","embeddable":true,"href":"https:\/\/roveyayinevi.com.tr\/index.php\/wp-json\/wp\/v2\/product_tag?post=767237"}],"curies":[{"name":"wp","href":"https:\/\/api.w.org\/{rel}","templated":true}]}}