{"id":767235,"date":"2025-08-28T12:41:14","date_gmt":"2025-08-28T09:41:14","guid":{"rendered":"https:\/\/roveyayinevi.com.tr\/index.php\/urun\/eglenceli-piyano-metodum\/"},"modified":"2026-04-15T03:32:50","modified_gmt":"2026-04-15T00:32:50","slug":"eglenceli-piyano-metodum","status":"publish","type":"product","link":"https:\/\/roveyayinevi.com.tr\/index.php\/urun\/eglenceli-piyano-metodum\/","title":{"rendered":"E\u011flenceli Piyano Metodum"},"content":{"rendered":"<p>E\u011flenceli Piyano Metodum, Gamze \u00c7al\u0131k \u00c7etin\u2019in uzun y\u0131llar E\u011fitim Fak\u00fcltesinde y\u00fcr\u00fctt\u00fc\u011f\u00fc akademik \u00e7al\u0131\u015fmalar, \u00e7ocuklarla yapt\u0131\u011f\u0131 uygulamalar ve otuz y\u0131ll\u0131k mesleki deneyiminde edindi\u011fi birikimlerle olu\u015fturuldu. Yazar\u0131n, \u00f6\u011frencilerin \u00f6\u011frenmekte g\u00fc\u00e7l\u00fck \u00e7ektikleri ya da daha kolay \u00f6\u011frendikleri durumlar\u0131 dikkate alarak geli\u015ftirdi\u011fi y\u00f6ntemlerle haz\u0131rlad\u0131\u011f\u0131 bu metotla, \u00e7ocuklar\u0131n piyano \u00e7almay\u0131 kolayl\u0131kla \u00f6\u011frenmesi ama\u00e7land\u0131. Sistematik nota e\u011fitimini \u00f6\u011frencilerin keyif alaca\u011f\u0131 hale getirebilmek i\u00e7in kitapta yer alan her bir eser titizlikle se\u00e7ildi. Say\u0131\u015fmaca, tekerleme ve t\u00fcrk\u00fclerden yazar\u0131n kendi bestelerine; duayen m\u00fczik e\u011fitimcilerimizin bestelerinden d\u00fcnya m\u00fcziklerine kadar geni\u015f bir yelpaze sunularak \u00e7ocuklar\u0131n m\u00fczi\u011fin evrensel dilini hissetmeleri hedeflendi. 264 sayfadan olu\u015fan bu kitapla, \u00e7ocuklar\u0131n uzun bir d\u00f6nem ba\u015fka bir kayna\u011fa gereksinim duymadan kendilerini geli\u015ftirebilmeleri ama\u00e7land\u0131. Kitab\u0131n sizlere yol g\u00f6sterici olmas\u0131 ve ya\u015fam boyu m\u00fczik yolculu\u011funuza katk\u0131 sa\u011flamas\u0131 dile\u011fiyle&#8230; <\/p>\n","protected":false},"excerpt":{"rendered":"<p>E\u011flenceli Piyano Metodum, Gamze \u00c7al\u0131k \u00c7etin\u2019in uzun y\u0131llar E\u011fitim Fak\u00fcltesinde y\u00fcr\u00fctt\u00fc\u011f\u00fc akademik \u00e7al\u0131\u015fmalar, \u00e7ocuklarla yapt\u0131\u011f\u0131 uygulamalar ve otuz y\u0131ll\u0131k mesleki deneyiminde edindi\u011fi birikimlerle olu\u015fturuldu. Yazar\u0131n, \u00f6\u011frencilerin<span class=\"excerpt-hellip\"> [\u2026]<\/span><\/p>\n","protected":false},"featured_media":0,"template":"","meta":{"_monsterinsights_skip_tracking":false,"_monsterinsights_sitenote_active":false,"_monsterinsights_sitenote_note":"","_monsterinsights_sitenote_category":0},"product_brand":[],"product_cat":[14556,20810],"product_tag":[],"class_list":{"0":"post-767235","1":"product","2":"type-product","3":"status-publish","5":"product_cat-muzik","6":"product_cat-ogrenim-kitaplari","7":"pa_cilt-ciltsiz","8":"pa_tur-kitap","9":"pa_yayinevi-kok-yayinevi","10":"pa_yazar-gamze-calik-cetin","12":"first","13":"instock","14":"sale","15":"shipping-taxable","16":"purchasable","17":"product-type-simple"},"_links":{"self":[{"href":"https:\/\/roveyayinevi.com.tr\/index.php\/wp-json\/wp\/v2\/product\/767235","targetHints":{"allow":["GET"]}}],"collection":[{"href":"https:\/\/roveyayinevi.com.tr\/index.php\/wp-json\/wp\/v2\/product"}],"about":[{"href":"https:\/\/roveyayinevi.com.tr\/index.php\/wp-json\/wp\/v2\/types\/product"}],"wp:attachment":[{"href":"https:\/\/roveyayinevi.com.tr\/index.php\/wp-json\/wp\/v2\/media?parent=767235"}],"wp:term":[{"taxonomy":"product_brand","embeddable":true,"href":"https:\/\/roveyayinevi.com.tr\/index.php\/wp-json\/wp\/v2\/product_brand?post=767235"},{"taxonomy":"product_cat","embeddable":true,"href":"https:\/\/roveyayinevi.com.tr\/index.php\/wp-json\/wp\/v2\/product_cat?post=767235"},{"taxonomy":"product_tag","embeddable":true,"href":"https:\/\/roveyayinevi.com.tr\/index.php\/wp-json\/wp\/v2\/product_tag?post=767235"}],"curies":[{"name":"wp","href":"https:\/\/api.w.org\/{rel}","templated":true}]}}