{"id":767234,"date":"2025-08-28T12:41:13","date_gmt":"2025-08-28T09:41:13","guid":{"rendered":"https:\/\/roveyayinevi.com.tr\/index.php\/urun\/kardes-kardes-gecinen-cocuklar-yetistirmek\/"},"modified":"2026-01-28T03:55:30","modified_gmt":"2026-01-28T00:55:30","slug":"kardes-kardes-gecinen-cocuklar-yetistirmek","status":"publish","type":"product","link":"https:\/\/roveyayinevi.com.tr\/index.php\/urun\/kardes-kardes-gecinen-cocuklar-yetistirmek\/","title":{"rendered":"Karde\u015f Karde\u015f Ge\u00e7inen \u00c7ocuklar Yeti\u015ftirmek"},"content":{"rendered":"<p>\u201cKarde\u015f k\u0131skan\u00e7l\u0131\u011f\u0131 neden olur?\u201d \u201cKarde\u015fler nas\u0131l \u2018karde\u015f karde\u015f\u2019 ge\u00e7inir?\u201d \u201cBiz ebeveynlerin i\u015fini kolayla\u015ft\u0131racak y\u00f6ntemler nelerdir?\u201d Bu kitap, hem kendi \u00e7ocukluk \u00f6yk\u00fcm\u00fcze hem de bug\u00fcn sat\u0131r sat\u0131r yaz\u0131lan evlatlar\u0131m\u0131z\u0131n karde\u015flik ili\u015fkisine do\u011fru bir yolculu\u011fa \u00e7\u0131karacak bizleri&#8230; \u00d6nce kendi sebeplerimizi, sonra \u00e7ocuklar\u0131m\u0131z\u0131n sebeplerini anlamay\u0131 ve kabul etmeyi anlatacak. Her bir ba\u015fl\u0131k, y\u00f6ntem ve teknikler kullanarak \u201ckarde\u015f k\u0131skan\u00e7l\u0131\u011f\u0131\u201d meselesini y\u00f6netebilmenin ve en aza indirebilmenin kilit noktalar\u0131n\u0131 sunacak. Y\u00fcz binlerce anneye rehber olan \u201cF\u0131trat Pedagojisi\u201d ve \u201cBa\u011f\u0131rmayan Anneler\u201d kitaplar\u0131n\u0131n yazar\u0131 Hatice K\u00fcbra Tongar, \u00fc\u00e7 \u00e7ocuklu bir hayat\u0131n serencam\u0131n\u0131, zorluklar\u0131n\u0131 ve karde\u015fler aras\u0131ndaki dengenin s\u0131rlar\u0131n\u0131 deneyimler ve pedagojik y\u00f6ntemlerle birlikte kaleme ald\u0131. Evini, \u00e7ocuk \u201cba\u011f\u0131rt\u0131lar\u0131\u201d yerine \u00e7ocuk \u201cc\u0131v\u0131lt\u0131lar\u0131\u201d sars\u0131n isteyen t\u00fcm anneleri bu keyifli yolculu\u011fa bekleriz. \u00c7\u00fcnk\u00fc karde\u015f k\u0131skan\u00e7l\u0131\u011f\u0131 \u201cy\u00f6netilebilir\u201d bir s\u00fcre\u00e7tir. Yeter ki y\u00f6netmeyi bilelim&#8230; <\/p>\n","protected":false},"excerpt":{"rendered":"<p>\u201cKarde\u015f k\u0131skan\u00e7l\u0131\u011f\u0131 neden olur?\u201d \u201cKarde\u015fler nas\u0131l \u2018karde\u015f karde\u015f\u2019 ge\u00e7inir?\u201d \u201cBiz ebeveynlerin i\u015fini kolayla\u015ft\u0131racak y\u00f6ntemler nelerdir?\u201d Bu kitap, hem kendi \u00e7ocukluk \u00f6yk\u00fcm\u00fcze hem de bug\u00fcn sat\u0131r sat\u0131r<span class=\"excerpt-hellip\"> [\u2026]<\/span><\/p>\n","protected":false},"featured_media":0,"template":"","meta":{"_monsterinsights_skip_tracking":false,"_monsterinsights_sitenote_active":false,"_monsterinsights_sitenote_note":"","_monsterinsights_sitenote_category":0},"product_brand":[],"product_cat":[12679,12357],"product_tag":[],"class_list":{"0":"post-767234","1":"product","2":"type-product","3":"status-publish","5":"product_cat-cocuk-psikolojisi","6":"product_cat-psikoloji","7":"pa_cilt-ciltsiz","8":"pa_tur-kitap","9":"pa_yayinevi-aile-yayinlari","10":"pa_yazar-hatice-kubra-tongar","12":"first","13":"instock","14":"sale","15":"shipping-taxable","16":"purchasable","17":"product-type-simple"},"_links":{"self":[{"href":"https:\/\/roveyayinevi.com.tr\/index.php\/wp-json\/wp\/v2\/product\/767234","targetHints":{"allow":["GET"]}}],"collection":[{"href":"https:\/\/roveyayinevi.com.tr\/index.php\/wp-json\/wp\/v2\/product"}],"about":[{"href":"https:\/\/roveyayinevi.com.tr\/index.php\/wp-json\/wp\/v2\/types\/product"}],"wp:attachment":[{"href":"https:\/\/roveyayinevi.com.tr\/index.php\/wp-json\/wp\/v2\/media?parent=767234"}],"wp:term":[{"taxonomy":"product_brand","embeddable":true,"href":"https:\/\/roveyayinevi.com.tr\/index.php\/wp-json\/wp\/v2\/product_brand?post=767234"},{"taxonomy":"product_cat","embeddable":true,"href":"https:\/\/roveyayinevi.com.tr\/index.php\/wp-json\/wp\/v2\/product_cat?post=767234"},{"taxonomy":"product_tag","embeddable":true,"href":"https:\/\/roveyayinevi.com.tr\/index.php\/wp-json\/wp\/v2\/product_tag?post=767234"}],"curies":[{"name":"wp","href":"https:\/\/api.w.org\/{rel}","templated":true}]}}