{"id":767233,"date":"2025-08-28T12:41:11","date_gmt":"2025-08-28T09:41:11","guid":{"rendered":"https:\/\/roveyayinevi.com.tr\/index.php\/urun\/bezelye-sevmeyen-prenses\/"},"modified":"2026-04-15T03:32:50","modified_gmt":"2026-04-15T00:32:50","slug":"bezelye-sevmeyen-prenses","status":"publish","type":"product","link":"https:\/\/roveyayinevi.com.tr\/index.php\/urun\/bezelye-sevmeyen-prenses\/","title":{"rendered":"Bezelye Sevmeyen Prenses"},"content":{"rendered":"<p>Prenses Bezella ile Bezelye Krall\u0131\u011f\u0131ndaE\u011flenceli bir maceraya haz\u0131r m\u0131s\u0131n\u0131z?Amerikan Psikoloji Derne\u011fi Psikolojik Hikayeler Serisi\u2019nin yeni kitab\u0131 Bezelye Sevmeyen Prenses, yemek se\u00e7en t\u00fcm \u00e7ocuklar\u0131n al\u0131\u015fkanl\u0131klar\u0131n\u0131 yeniden d\u00fczenlemeye haz\u0131rlan\u0131yor ve t\u00fcm okuyucular\u0131n hayal g\u00fcc\u00fcn\u00fc harekete ge\u00e7irerek i\u015ftah kabartan bir maceran\u0131n da kap\u0131lar\u0131n\u0131 aral\u0131yor. Bezelye Sevmeyen Prenses\u2019in esin kayna\u011f\u0131 olan Prenses ve Bezelye Tanesi adl\u0131 hik\u00e2ye, Hans Christian Andersen taraf\u0131ndan yaz\u0131lm\u0131\u015f klasik peri masallar\u0131ndan biridir.  Kitab\u0131n yazarlar\u0131 Sweet ve Miles Andersen\u2019in hikayesinde i\u015fledi\u011fi, prens ve prensesler i\u00e7in atfedilen se\u00e7icilik ve fazla duyarl\u0131 olma gibi, temalardan esinlenerek Bezella ad\u0131nda yepyeni bir anti karakter ortaya koymu\u015flard\u0131r. Bezelye krall\u0131\u011f\u0131nda ya\u015fayan ve bezelyelerden nefret eden -hatta isminin i\u00e7indeki bezelden bile- Bezella krall\u0131ktaki t\u00fcm bezelyelerden kurtulmaya \u00e7al\u0131\u015f\u0131rken ortaya \u201cbe-zelaket\u201d bir durum \u00e7\u0131kar. Krizin \u00e7\u00f6z\u00fclmesiyle Bezella, bezelye yemekten keyif almaya ba\u015flasa da bu a\u015famaya gelmek pek de kolay olmam\u0131\u015ft\u0131r. Ancak bir dizi ka\u00e7\u0131nma giri\u015fiminin sonucunda kazara bezelyelerin tad\u0131na bakan prenses, onlar\u0131n asl\u0131nda ne kadar \u201cbe-zzetli\u201d oldu\u011funu fark eder. \u00c7ocuklar\u0131 yeni tatlar denemek i\u00e7in cesaretlendiren bu hik\u00e2ye ayn\u0131 zamanda \u00e7ocuklar\u0131n\u0131n zorlay\u0131c\u0131 al\u0131\u015fkanl\u0131klar\u0131 sebebiyle yemek saatlerinden ka\u00e7\u0131nan anne babalar\u0131 da rahatlatmay\u0131 ama\u00e7l\u0131yor. Kitab\u0131n sonunda yer alan ebeveynler i\u00e7in not b\u00f6l\u00fcm\u00fcndeyse, se\u00e7ici yemenin sebepleri ve bu durumla ba\u015f etmek \u00fczerine etkili stratejiler sunuyor. Sonu\u00e7 olarak Bezelye Sevmeyen Prenses \u00e7ocuklar\u0131n yemekle ilgili \u00f6n yarg\u0131lar\u0131n\u0131 k\u0131rmay\u0131 ama\u00e7layan, mizah dolu bir ba\u015fucu kitab\u0131 olmay\u0131 vaat ediyor. Kitap, hem ailelerin hem de \u00e7ocuklar\u0131n keyifle okuyaca\u011f\u0131 bir eser!&#8221;\u015eiirsel ve renkli ill\u00fcstrasyonlar\u0131yla e\u011flenceli bir yemek temal\u0131 okuma deneyimi sunan bu ayn\u0131 zamanda ebeveynler i\u00e7in not b\u00f6l\u00fcm\u00fcyle de m\u00fckemmel bir kaynak haline geliyor.&#8221; School Library Journal&#8221;Se\u00e7ici yiyiciler bu hik\u00e2yede kendilerini bulacak\u2026 Kitab\u0131n sonunda yer alan ebeveynlere not b\u00f6l\u00fcm\u00fc \u00e7ocuklar\u0131n yemek yelpazesini geni\u015fletmek i\u00e7in harika tavsiyeler sunuyor.&#8221;Mom\u2019s Radius&#8221;Sevimli, kavisli ve renkli ill\u00fcstrasyonlar, Bezelye Sevmeyen Prenses\u2019in e\u011flenceli ve kelime oyunlar\u0131yla dolu anlat\u0131m tarz\u0131n\u0131 m\u00fckemmel \u015fekilde tamaml\u0131yor.\u0130\u00e7indeki her bir detay: kelime oyunlar\u0131, komik bezelyeler, bezelye kar\u015f\u0131t\u0131 tarifler ve birbirinden ilgin\u00e7 karakterler bu ilham verici sayfalar\u0131 s\u00fcsl\u00fcyor.&#8221;Midwest Book Review<\/p>\n","protected":false},"excerpt":{"rendered":"<p>Prenses Bezella ile Bezelye Krall\u0131\u011f\u0131ndaE\u011flenceli bir maceraya haz\u0131r m\u0131s\u0131n\u0131z?Amerikan Psikoloji Derne\u011fi Psikolojik Hikayeler Serisi\u2019nin yeni kitab\u0131 Bezelye Sevmeyen Prenses, yemek se\u00e7en t\u00fcm \u00e7ocuklar\u0131n al\u0131\u015fkanl\u0131klar\u0131n\u0131 yeniden d\u00fczenlemeye<span class=\"excerpt-hellip\"> [\u2026]<\/span><\/p>\n","protected":false},"featured_media":0,"template":"","meta":{"_monsterinsights_skip_tracking":false,"_monsterinsights_sitenote_active":false,"_monsterinsights_sitenote_note":"","_monsterinsights_sitenote_category":0},"product_brand":[],"product_cat":[12274,12284],"product_tag":[],"class_list":{"0":"post-767233","1":"product","2":"type-product","3":"status-publish","5":"product_cat-cocuk-ve-genclik-kitaplari","6":"product_cat-hikayeler","7":"pa_cilt-ciltsiz","8":"pa_tur-kitap","9":"pa_yayinevi-okuyan-koala","10":"pa_yazar-susan-d-sweet-brenda-s-miles","12":"first","13":"instock","14":"sale","15":"shipping-taxable","16":"purchasable","17":"product-type-simple"},"_links":{"self":[{"href":"https:\/\/roveyayinevi.com.tr\/index.php\/wp-json\/wp\/v2\/product\/767233","targetHints":{"allow":["GET"]}}],"collection":[{"href":"https:\/\/roveyayinevi.com.tr\/index.php\/wp-json\/wp\/v2\/product"}],"about":[{"href":"https:\/\/roveyayinevi.com.tr\/index.php\/wp-json\/wp\/v2\/types\/product"}],"wp:attachment":[{"href":"https:\/\/roveyayinevi.com.tr\/index.php\/wp-json\/wp\/v2\/media?parent=767233"}],"wp:term":[{"taxonomy":"product_brand","embeddable":true,"href":"https:\/\/roveyayinevi.com.tr\/index.php\/wp-json\/wp\/v2\/product_brand?post=767233"},{"taxonomy":"product_cat","embeddable":true,"href":"https:\/\/roveyayinevi.com.tr\/index.php\/wp-json\/wp\/v2\/product_cat?post=767233"},{"taxonomy":"product_tag","embeddable":true,"href":"https:\/\/roveyayinevi.com.tr\/index.php\/wp-json\/wp\/v2\/product_tag?post=767233"}],"curies":[{"name":"wp","href":"https:\/\/api.w.org\/{rel}","templated":true}]}}