{"id":767230,"date":"2025-08-28T12:41:05","date_gmt":"2025-08-28T09:41:05","guid":{"rendered":"https:\/\/roveyayinevi.com.tr\/index.php\/urun\/doktor-glas\/"},"modified":"2026-04-11T14:35:57","modified_gmt":"2026-04-11T11:35:57","slug":"doktor-glas","status":"publish","type":"product","link":"https:\/\/roveyayinevi.com.tr\/index.php\/urun\/doktor-glas\/","title":{"rendered":"Doktor Glas"},"content":{"rendered":"<p>\u201cBen, zaman zaman ba\u015fkalar\u0131na yard\u0131m etse de kendine hi\u00e7bir zaman yard\u0131m edememi\u015f, otuz \u00fc\u00e7 ya\u015f\u0131n\u0131 doldurmas\u0131na ra\u011fmen hen\u00fcz bir kad\u0131n\u0131n yan\u0131na yakla\u015famam\u0131\u015f t\u0131p doktoru Tyko Gabriel Glas.\u201d   Kendine faydas\u0131 olmayan, ancak her hastan\u0131n kurtulu\u015fu i\u00e7in bir hekime ba\u015fvuraca\u011f\u0131na inanan Doktor Glas\u2026 Hayat\u0131n onu \u0131skalad\u0131\u011f\u0131ndan emin, i\u00e7ine kapan\u0131k bir doktor. Derken, ya\u015flanan kocas\u0131yla ili\u015fkisinden rahats\u0131z gen\u00e7 ve g\u00fczel bir kad\u0131n olan Helga Gregorius, Doktor Glas\u2019\u0131n yaln\u0131z hayat\u0131na ad\u0131m atar. Doktor Glas, Helga\u2019y\u0131 ve belki de kendisini \u00f6zg\u00fcrle\u015ftirecek bir eylemi sorgularken, S\u00f6derberg\u2019in en \u00fcnl\u00fc roman\u0131n\u0131n kurgusuna y\u00f6n veren d\u00fc\u015f\u00fcnce ve pratik aras\u0131ndaki m\u00fccadele de ba\u015flam\u0131\u015f olur. Doktor Glas, \u0130sve\u00e7 dilinin en b\u00fcy\u00fck yazarlar\u0131ndan biri olarak kabul edilen Hjalmar S\u00f6derberg\u2019in \u00fc\u00e7\u00fcnc\u00fc ve insan ruhunun karma\u015fas\u0131na \u0131\u015f\u0131k tutan en iddial\u0131 roman\u0131d\u0131r. \u00d6lme hakk\u0131n\u0131n sand\u0131\u011fa bir k\u00e2\u011f\u0131t par\u00e7as\u0131 atma hakk\u0131ndan daha \u00f6nemli ve devredilemez bir insan hakk\u0131 olarak tan\u0131naca\u011f\u0131 o g\u00fcn gelecektir ve gelmelidir. O g\u00fcn geldi\u011finde, tedavisi m\u00fcmk\u00fcn olmayan her hasta \u2013 ayn\u0131 zamanda her su\u00e7lu \u2013 kurtulu\u015fu talep etmesi halinde bir doktorun yard\u0131m\u0131na ba\u015fvurma hakk\u0131na sahip olacakt\u0131r.<\/p>\n","protected":false},"excerpt":{"rendered":"<p>\u201cBen, zaman zaman ba\u015fkalar\u0131na yard\u0131m etse de kendine hi\u00e7bir zaman yard\u0131m edememi\u015f, otuz \u00fc\u00e7 ya\u015f\u0131n\u0131 doldurmas\u0131na ra\u011fmen hen\u00fcz bir kad\u0131n\u0131n yan\u0131na yakla\u015famam\u0131\u015f t\u0131p doktoru Tyko Gabriel<span class=\"excerpt-hellip\"> [\u2026]<\/span><\/p>\n","protected":false},"featured_media":0,"template":"","meta":{"_monsterinsights_skip_tracking":false,"_monsterinsights_sitenote_active":false,"_monsterinsights_sitenote_note":"","_monsterinsights_sitenote_category":0},"product_brand":[],"product_cat":[12291,12711],"product_tag":[],"class_list":{"0":"post-767230","1":"product","2":"type-product","3":"status-publish","5":"product_cat-edebiyat","6":"product_cat-roman-oyku","7":"pa_cilt-ciltsiz","8":"pa_tur-kitap","9":"pa_yayinevi-everest-yayinlari","10":"pa_yazar-hjalmar-soderberg","12":"first","13":"instock","14":"sale","15":"shipping-taxable","16":"purchasable","17":"product-type-simple"},"_links":{"self":[{"href":"https:\/\/roveyayinevi.com.tr\/index.php\/wp-json\/wp\/v2\/product\/767230","targetHints":{"allow":["GET"]}}],"collection":[{"href":"https:\/\/roveyayinevi.com.tr\/index.php\/wp-json\/wp\/v2\/product"}],"about":[{"href":"https:\/\/roveyayinevi.com.tr\/index.php\/wp-json\/wp\/v2\/types\/product"}],"wp:attachment":[{"href":"https:\/\/roveyayinevi.com.tr\/index.php\/wp-json\/wp\/v2\/media?parent=767230"}],"wp:term":[{"taxonomy":"product_brand","embeddable":true,"href":"https:\/\/roveyayinevi.com.tr\/index.php\/wp-json\/wp\/v2\/product_brand?post=767230"},{"taxonomy":"product_cat","embeddable":true,"href":"https:\/\/roveyayinevi.com.tr\/index.php\/wp-json\/wp\/v2\/product_cat?post=767230"},{"taxonomy":"product_tag","embeddable":true,"href":"https:\/\/roveyayinevi.com.tr\/index.php\/wp-json\/wp\/v2\/product_tag?post=767230"}],"curies":[{"name":"wp","href":"https:\/\/api.w.org\/{rel}","templated":true}]}}