{"id":767223,"date":"2025-08-28T12:40:22","date_gmt":"2025-08-28T09:40:22","guid":{"rendered":"https:\/\/roveyayinevi.com.tr\/index.php\/urun\/ispanya-cep-rehberi\/"},"modified":"2026-04-15T03:32:50","modified_gmt":"2026-04-15T00:32:50","slug":"ispanya-cep-rehberi","status":"publish","type":"product","link":"https:\/\/roveyayinevi.com.tr\/index.php\/urun\/ispanya-cep-rehberi\/","title":{"rendered":"\u0130spanya Cep Rehberi"},"content":{"rendered":"<p>M\u00fckemmel foto\u011fraflar, kolay anla\u015f\u0131l\u0131r haritalar ve \u00fclkeyi keyifle gezmenize yard\u0131mc\u0131 olacak her t\u00fcrl\u00fc bilgi\u2026 Nereye Gidilir? \u0130spanya\u2019da g\u00f6r\u00fclmeye de\u011fer yerler, tarihi kentler, g\u00f6z al\u0131c\u0131 plajlar, ilgi \u00e7ekici mimari ve adalar\u2026 Ne Yap\u0131l\u0131r? Su sporlar\u0131, bo\u011fa g\u00fcre\u015fi ve gece hayat\u0131na kadar uzanan geni\u015f bir yelpazede belli ba\u015fl\u0131 kentleri ya\u015faman\u0131n en g\u00fczel yollar\u0131\u2026 K\u00fclt\u00fcrel \u0130pu\u00e7lar\u0131: Ma\u011fribiler\u2019den kalma saraylar ve modern yap\u0131lar, \u00fclkeyi ge\u00e7mi\u015fi ve gelece\u011fi ile birlikte tan\u0131ma f\u0131rsat\u0131 sunuyor\u2026 Pratik Bilgiler: Konaklama olanaklar\u0131, kafeler ve restoranlar; toplu ula\u015f\u0131mdan nas\u0131l yararlan\u0131l\u0131r, g\u00fcvenilir ve ayr\u0131nt\u0131l\u0131 \u00f6neriler\u2026 <\/p>\n","protected":false},"excerpt":{"rendered":"<p>M\u00fckemmel foto\u011fraflar, kolay anla\u015f\u0131l\u0131r haritalar ve \u00fclkeyi keyifle gezmenize yard\u0131mc\u0131 olacak her t\u00fcrl\u00fc bilgi\u2026 Nereye Gidilir? \u0130spanya\u2019da g\u00f6r\u00fclmeye de\u011fer yerler, tarihi kentler, g\u00f6z al\u0131c\u0131 plajlar, ilgi<span class=\"excerpt-hellip\"> [\u2026]<\/span><\/p>\n","protected":false},"featured_media":0,"template":"","meta":{"_monsterinsights_skip_tracking":false,"_monsterinsights_sitenote_active":false,"_monsterinsights_sitenote_note":"","_monsterinsights_sitenote_category":0},"product_brand":[],"product_cat":[13054,45811],"product_tag":[],"class_list":{"0":"post-767223","1":"product","2":"type-product","3":"status-publish","5":"product_cat-gezi-ve-rehber-kitaplari","6":"product_cat-ulke-rehberleri","7":"pa_cilt-ciltsiz","8":"pa_tur-kitap","9":"pa_yayinevi-dost-kitabevi-yayinlari","10":"pa_yazar-emma-stanford","12":"first","13":"instock","14":"sale","15":"shipping-taxable","16":"purchasable","17":"product-type-simple"},"_links":{"self":[{"href":"https:\/\/roveyayinevi.com.tr\/index.php\/wp-json\/wp\/v2\/product\/767223","targetHints":{"allow":["GET"]}}],"collection":[{"href":"https:\/\/roveyayinevi.com.tr\/index.php\/wp-json\/wp\/v2\/product"}],"about":[{"href":"https:\/\/roveyayinevi.com.tr\/index.php\/wp-json\/wp\/v2\/types\/product"}],"wp:attachment":[{"href":"https:\/\/roveyayinevi.com.tr\/index.php\/wp-json\/wp\/v2\/media?parent=767223"}],"wp:term":[{"taxonomy":"product_brand","embeddable":true,"href":"https:\/\/roveyayinevi.com.tr\/index.php\/wp-json\/wp\/v2\/product_brand?post=767223"},{"taxonomy":"product_cat","embeddable":true,"href":"https:\/\/roveyayinevi.com.tr\/index.php\/wp-json\/wp\/v2\/product_cat?post=767223"},{"taxonomy":"product_tag","embeddable":true,"href":"https:\/\/roveyayinevi.com.tr\/index.php\/wp-json\/wp\/v2\/product_tag?post=767223"}],"curies":[{"name":"wp","href":"https:\/\/api.w.org\/{rel}","templated":true}]}}