{"id":767222,"date":"2025-08-28T12:40:21","date_gmt":"2025-08-28T09:40:21","guid":{"rendered":"https:\/\/roveyayinevi.com.tr\/index.php\/urun\/psikopatoloji\/"},"modified":"2026-04-15T03:32:50","modified_gmt":"2026-04-15T00:32:50","slug":"psikopatoloji","status":"publish","type":"product","link":"https:\/\/roveyayinevi.com.tr\/index.php\/urun\/psikopatoloji\/","title":{"rendered":"Psikopatoloji"},"content":{"rendered":"<p>Ruh sa\u011fl\u0131\u011f\u0131 konusunun b\u00fct\u00fcnsel de\u011ferlendirilmesi ve ruhsal hastal\u0131\u011fa sahip bireylerin desteklenmesi, etkili sosyal hizmet m\u00fcdahalelerinin temelini olu\u015fturmaktad\u0131r. Bu nedenle, sosyal hizmet uzmanlar\u0131n\u0131n, dan\u0131\u015fanlar\u0131n duygu, d\u00fc\u015f\u00fcnce ve davran\u0131\u015flar\u0131n\u0131 anlamalar\u0131na ve bu sorunlar\u0131 profesyonel bir bak\u0131\u015f a\u00e7\u0131s\u0131yla ele almalar\u0131na olanak tan\u0131yan psikopatoloji bilgisine sahip olmas\u0131 b\u00fcy\u00fck \u00f6nem ta\u015f\u0131maktad\u0131r. Psikopatoloji hakk\u0131nda bilgi sahibi olan sosyal hizmet uzmanlar\u0131, hastal\u0131klar\u0131n etkilerini ve bunlarla ba\u015fa \u00e7\u0131kma stratejilerini anlayarak dan\u0131\u015fanlara daha etkili m\u00fcdahalelerde bulunabilir; dan\u0131\u015fanlar\u0131n bireysel ihtiya\u00e7lar\u0131na uygun destek vererek onlar\u0131n g\u00fc\u00e7lendirilmesinde etkili olabilir; disiplinler aras\u0131 ekiple uyumlu \u00e7al\u0131\u015fma ve dan\u0131\u015fan\u0131n ihtiya\u00e7lar\u0131na uygun bir \u015fekilde i\u015f birli\u011fi yapma konusunda yetkin olabilir. Psikopatolojiyi, dan\u0131\u015fan\u0131n te\u015fhis etiketinden \u00f6te, kimli\u011fini olu\u015fturan di\u011fer y\u00f6nlerini dikkate alan \u201cyetkinlik temelli de\u011ferlendirme modeli\u201d \u00e7er\u00e7evesinde sunan bu kitap, ruhsal bozukluklar\u0131n tan\u0131, s\u0131n\u0131fland\u0131rma ve de\u011ferlendirme s\u00fcre\u00e7lerini g\u00fc\u00e7lendirici bir yakla\u015f\u0131mla ele almaktad\u0131r. Sosyal Hizmet E\u011fitimi Konseyi&#8217;nin (CSWE) yeni standartlar\u0131na entegre edilerek, \u00f6\u011frenciler ve profesyoneller i\u00e7in kapsaml\u0131 bir referans sunan kitap, ayn\u0131 zamanda DSM-5&#8217;in sosyal hizmet prati\u011findeki rol\u00fcn\u00fc de incelemekte ve sosyal hizmet uzmanlar\u0131n\u0131n vaka \u00e7al\u0131\u015fmalar\u0131na dayal\u0131 olarak te\u015fhis kriterlerini daha iyi anlamalar\u0131na yard\u0131mc\u0131 olmaktad\u0131r. T\u00fcrkiye\u2019de filizlenmekte olan klinik sosyal hizmet alan\u0131nda de\u011ferli bir rehber olan bu kitab\u0131n, alan\u0131n k\u00f6kle\u015fmesine ve bilimsel bir temele dayal\u0131 olarak geli\u015fmesine katk\u0131 sunmas\u0131 umut edilmektedir. <\/p>\n","protected":false},"excerpt":{"rendered":"<p>Ruh sa\u011fl\u0131\u011f\u0131 konusunun b\u00fct\u00fcnsel de\u011ferlendirilmesi ve ruhsal hastal\u0131\u011fa sahip bireylerin desteklenmesi, etkili sosyal hizmet m\u00fcdahalelerinin temelini olu\u015fturmaktad\u0131r. Bu nedenle, sosyal hizmet uzmanlar\u0131n\u0131n, dan\u0131\u015fanlar\u0131n duygu, d\u00fc\u015f\u00fcnce ve<span class=\"excerpt-hellip\"> [\u2026]<\/span><\/p>\n","protected":false},"featured_media":0,"template":"","meta":{"_monsterinsights_skip_tracking":false,"_monsterinsights_sitenote_active":false,"_monsterinsights_sitenote_note":"","_monsterinsights_sitenote_category":0},"product_brand":[],"product_cat":[20502,12357],"product_tag":[],"class_list":{"0":"post-767222","1":"product","2":"type-product","3":"status-publish","5":"product_cat-basvuru-kitaplari-psikoloji","6":"product_cat-psikoloji","7":"pa_cilt-ciltsiz","8":"pa_tur-kitap","9":"pa_yayinevi-nika-yayinevi","10":"pa_yazar-susan-w-gray","12":"first","13":"instock","14":"sale","15":"shipping-taxable","16":"purchasable","17":"product-type-simple"},"_links":{"self":[{"href":"https:\/\/roveyayinevi.com.tr\/index.php\/wp-json\/wp\/v2\/product\/767222","targetHints":{"allow":["GET"]}}],"collection":[{"href":"https:\/\/roveyayinevi.com.tr\/index.php\/wp-json\/wp\/v2\/product"}],"about":[{"href":"https:\/\/roveyayinevi.com.tr\/index.php\/wp-json\/wp\/v2\/types\/product"}],"wp:attachment":[{"href":"https:\/\/roveyayinevi.com.tr\/index.php\/wp-json\/wp\/v2\/media?parent=767222"}],"wp:term":[{"taxonomy":"product_brand","embeddable":true,"href":"https:\/\/roveyayinevi.com.tr\/index.php\/wp-json\/wp\/v2\/product_brand?post=767222"},{"taxonomy":"product_cat","embeddable":true,"href":"https:\/\/roveyayinevi.com.tr\/index.php\/wp-json\/wp\/v2\/product_cat?post=767222"},{"taxonomy":"product_tag","embeddable":true,"href":"https:\/\/roveyayinevi.com.tr\/index.php\/wp-json\/wp\/v2\/product_tag?post=767222"}],"curies":[{"name":"wp","href":"https:\/\/api.w.org\/{rel}","templated":true}]}}