{"id":767221,"date":"2025-08-28T12:40:20","date_gmt":"2025-08-28T09:40:20","guid":{"rendered":"https:\/\/roveyayinevi.com.tr\/index.php\/urun\/jane-addams-eylemci-bir-ruh\/"},"modified":"2026-04-15T03:32:50","modified_gmt":"2026-04-15T00:32:50","slug":"jane-addams-eylemci-bir-ruh","status":"publish","type":"product","link":"https:\/\/roveyayinevi.com.tr\/index.php\/urun\/jane-addams-eylemci-bir-ruh\/","title":{"rendered":"Jane Addams: Eylemci Bir Ruh"},"content":{"rendered":"<p>Sosyal hizmet disiplini ve mesle\u011finin kurucu annelerindenJane Addams\u2019\u0131n (1860-1935) ya\u015fam\u0131n\u0131 anlatan bu kitap 19. y\u00fczy\u0131l\u0131n sonu ve 20. y\u00fczy\u0131l\u0131n ba\u015flar\u0131nda,  Addams\u2019\u0131n yoksulluk, \u0131rk\u00e7\u0131l\u0131k ve cinsiyet ayr\u0131mc\u0131l\u0131\u011f\u0131 ile nas\u0131l m\u00fccadele etti\u011fini g\u00f6steriyor.  Jane Addams \u00e7o\u011funlukla, Chicago&#8217;nun yoksullar\u0131 i\u00e7in e\u011fitim, bar\u0131nma ve k\u00fclt\u00fcr sunan \u00f6rnek bir yerle\u015fim evi olan Hull House&#8217;un kurucusu olarak bilinir. Addams, ayn\u0131 zamanda, hem bir konu\u015fmac\u0131 hem de yazar kimli\u011fiyle, sivil haklar, kad\u0131nlara oy hakk\u0131 ve i\u015f\u00e7i haklar\u0131 destek\u00e7isi olarak uluslararas\u0131 alanda tan\u0131nd\u0131. Knight, \u00f6nemli bir hak m\u00fccadelecisi olan bir Amerikal\u0131n\u0131n \u00f6nemli kaynaklarla desteklenmi\u015f bu biyografisinde, Addams&#8217;\u0131n kad\u0131nlar\u0131n oy hakk\u0131n\u0131 elde etme, \u201ckamusal alanda otoriteye sahip olma\u201d ve \u201cotoriteyi kullanma\u201d hakk\u0131n\u0131 talep etme m\u00fccadelesini vurguluyor.Jane Addams&#8217;\u0131n ya\u015fam \u00f6yk\u00fcs\u00fc hi\u00e7bir zaman \u00f6nemsiz hale gelmedi. Zaman ge\u00e7tik\u00e7e \u00fcn\u00fc ve ola\u011fan\u00fcst\u00fc ba\u015far\u0131lar\u0131 daha da artt\u0131. Amerika\u2019daki ilk yerle\u015fim evi olan Hull House&#8217;un kurucu orta\u011f\u0131 olarak 19.y\u00fczy\u0131l\u0131n sonlar\u0131nda bir kad\u0131n\u0131n nadiren elde etti\u011fi bir ba\u011f\u0131ms\u0131zl\u0131k, etki ve sayg\u0131 d\u00fczeyi kazand\u0131. 20. y\u00fczy\u0131la girerken Addams, kendi i\u00e7ten demokrasi ruhunu hem sosyal hem de siyasi eyleme d\u00f6n\u00fc\u015ft\u00fcrmeye ba\u015flad\u0131. Chicago&#8217;daki i\u015f\u00e7i s\u0131n\u0131f\u0131 mahallesinin g\u00f6\u00e7men sakinlerine yard\u0131m etmenin yan\u0131 s\u0131ra, i\u015f\u00e7i sendikalar\u0131n\u0131n, ifade \u00f6zg\u00fcrl\u00fc\u011f\u00fcn\u00fcn, medeni haklar\u0131n, kad\u0131nlar\u0131n oy hakk\u0131n\u0131n ve d\u00fcnya bar\u0131\u015f\u0131n\u0131n yorulmak bilmeyen bir savunucusu oldu. Jane Addams&#8217;\u0131n ilk uzun biyografisini sunan Knight, Addams&#8217;\u0131n pasif bir reformcudan, yeni bir demokrasi ve sosyal adalet \u00e7a\u011f\u0131n\u0131 ba\u015flatmak i\u00e7in ba\u015fkalar\u0131 i\u00e7in de\u011fil, ba\u015fkalar\u0131yla birlikte yorulmadan \u00e7al\u0131\u015fan bir eylemciye d\u00f6n\u00fc\u015f\u00fcrken ge\u00e7irdi\u011fi d\u00fc\u015f\u00fcnsel geli\u015fimi dikkatli bir bi\u00e7imde izliyor. <\/p>\n","protected":false},"excerpt":{"rendered":"<p>Sosyal hizmet disiplini ve mesle\u011finin kurucu annelerindenJane Addams\u2019\u0131n (1860-1935) ya\u015fam\u0131n\u0131 anlatan bu kitap 19. y\u00fczy\u0131l\u0131n sonu ve 20. y\u00fczy\u0131l\u0131n ba\u015flar\u0131nda, Addams\u2019\u0131n yoksulluk, \u0131rk\u00e7\u0131l\u0131k ve cinsiyet ayr\u0131mc\u0131l\u0131\u011f\u0131<span class=\"excerpt-hellip\"> [\u2026]<\/span><\/p>\n","protected":false},"featured_media":0,"template":"","meta":{"_monsterinsights_skip_tracking":false,"_monsterinsights_sitenote_active":false,"_monsterinsights_sitenote_note":"","_monsterinsights_sitenote_category":0},"product_brand":[],"product_cat":[14741,13488],"product_tag":[],"class_list":{"0":"post-767221","1":"product","2":"type-product","3":"status-publish","5":"product_cat-kadin-sorunlari-feminizm","6":"product_cat-toplum-ve-insan","7":"pa_cilt-ciltsiz","8":"pa_tur-kitap","9":"pa_yayinevi-nika-yayinevi","10":"pa_yazar-louise-w-knight","12":"first","13":"instock","14":"sale","15":"shipping-taxable","16":"purchasable","17":"product-type-simple"},"_links":{"self":[{"href":"https:\/\/roveyayinevi.com.tr\/index.php\/wp-json\/wp\/v2\/product\/767221","targetHints":{"allow":["GET"]}}],"collection":[{"href":"https:\/\/roveyayinevi.com.tr\/index.php\/wp-json\/wp\/v2\/product"}],"about":[{"href":"https:\/\/roveyayinevi.com.tr\/index.php\/wp-json\/wp\/v2\/types\/product"}],"wp:attachment":[{"href":"https:\/\/roveyayinevi.com.tr\/index.php\/wp-json\/wp\/v2\/media?parent=767221"}],"wp:term":[{"taxonomy":"product_brand","embeddable":true,"href":"https:\/\/roveyayinevi.com.tr\/index.php\/wp-json\/wp\/v2\/product_brand?post=767221"},{"taxonomy":"product_cat","embeddable":true,"href":"https:\/\/roveyayinevi.com.tr\/index.php\/wp-json\/wp\/v2\/product_cat?post=767221"},{"taxonomy":"product_tag","embeddable":true,"href":"https:\/\/roveyayinevi.com.tr\/index.php\/wp-json\/wp\/v2\/product_tag?post=767221"}],"curies":[{"name":"wp","href":"https:\/\/api.w.org\/{rel}","templated":true}]}}