{"id":767220,"date":"2025-08-28T12:40:19","date_gmt":"2025-08-28T09:40:19","guid":{"rendered":"https:\/\/roveyayinevi.com.tr\/index.php\/urun\/5-sinif-tum-dersler-soru-bankasi\/"},"modified":"2026-04-15T03:32:50","modified_gmt":"2026-04-15T00:32:50","slug":"5-sinif-tum-dersler-soru-bankasi","status":"publish","type":"product","link":"https:\/\/roveyayinevi.com.tr\/index.php\/urun\/5-sinif-tum-dersler-soru-bankasi\/","title":{"rendered":"5. S\u0131n\u0131f T\u00fcm Dersler Soru Bankas\u0131"},"content":{"rendered":"<p>Yeni m\u00fcfredata g\u00f6re haz\u0131rlanm\u0131\u015f ve tamam\u0131 video \u00e7\u00f6z\u00fcml\u00fc olan 5. S\u0131n\u0131f T\u00fcm Dersler Soru Bankas\u0131&#8217;nda yer alan,A\u00e7\u0131k U\u00e7lu Sorular ile s\u00fcre\u00e7 odakl\u0131 \u00f6\u011frenmeleri hat\u0131rlayacak,Konu Kavrama Testleri ile edindi\u011finiz \u00f6\u011frenme \u00e7\u0131kt\u0131lar\u0131n\u0131 peki\u015ftirecek,Beceri Temelli Tekrar Testleri ile \u00f6\u011frenme \u00e7\u0131kt\u0131lar\u0131n\u0131 beceriye d\u00f6n\u00fc\u015ft\u00fcrecek ve tekrar etti\u011finiz bilgilerle tam \u00f6\u011frenme sa\u011flayacaks\u0131n\u0131z.Bu kitapta yer alan sorularla,Okudu\u011funuzu anlama ve yorumlama becerilerinizi geli\u015ftirecek,Yarat\u0131c\u0131 ve ele\u015ftirel d\u00fc\u015f\u00fcnme yete\u011finizi g\u00fc\u00e7lendirecek,Problem \u00e7\u00f6zme ve ak\u0131l y\u00fcr\u00fctme becerileriizi kullanarak mant\u0131\u011f\u0131n\u0131z\u0131 geli\u015ftirecek,Analiz ve sentez yapabilme yeteneklerinizi ke\u015ffedecek,G\u00f6rsel okuma ve yorumlama becerilerinizi art\u0131racaks\u0131n\u0131z.<\/p>\n","protected":false},"excerpt":{"rendered":"<p>Yeni m\u00fcfredata g\u00f6re haz\u0131rlanm\u0131\u015f ve tamam\u0131 video \u00e7\u00f6z\u00fcml\u00fc olan 5. S\u0131n\u0131f T\u00fcm Dersler Soru Bankas\u0131&#8217;nda yer alan,A\u00e7\u0131k U\u00e7lu Sorular ile s\u00fcre\u00e7 odakl\u0131 \u00f6\u011frenmeleri hat\u0131rlayacak,Konu Kavrama Testleri<span class=\"excerpt-hellip\"> [\u2026]<\/span><\/p>\n","protected":false},"featured_media":0,"template":"","meta":{"_monsterinsights_skip_tracking":false,"_monsterinsights_sitenote_active":false,"_monsterinsights_sitenote_note":"","_monsterinsights_sitenote_category":0},"product_brand":[],"product_cat":[12566],"product_tag":[],"class_list":{"0":"post-767220","1":"product","2":"type-product","3":"status-publish","5":"product_cat-egitim","6":"pa_cilt-ciltsiz","7":"pa_tur-kitap","8":"pa_yayinevi-tudem-egitim-yayinlari","9":"pa_yazar-kolektif","11":"first","12":"instock","13":"sale","14":"shipping-taxable","15":"purchasable","16":"product-type-simple"},"_links":{"self":[{"href":"https:\/\/roveyayinevi.com.tr\/index.php\/wp-json\/wp\/v2\/product\/767220","targetHints":{"allow":["GET"]}}],"collection":[{"href":"https:\/\/roveyayinevi.com.tr\/index.php\/wp-json\/wp\/v2\/product"}],"about":[{"href":"https:\/\/roveyayinevi.com.tr\/index.php\/wp-json\/wp\/v2\/types\/product"}],"wp:attachment":[{"href":"https:\/\/roveyayinevi.com.tr\/index.php\/wp-json\/wp\/v2\/media?parent=767220"}],"wp:term":[{"taxonomy":"product_brand","embeddable":true,"href":"https:\/\/roveyayinevi.com.tr\/index.php\/wp-json\/wp\/v2\/product_brand?post=767220"},{"taxonomy":"product_cat","embeddable":true,"href":"https:\/\/roveyayinevi.com.tr\/index.php\/wp-json\/wp\/v2\/product_cat?post=767220"},{"taxonomy":"product_tag","embeddable":true,"href":"https:\/\/roveyayinevi.com.tr\/index.php\/wp-json\/wp\/v2\/product_tag?post=767220"}],"curies":[{"name":"wp","href":"https:\/\/api.w.org\/{rel}","templated":true}]}}