{"id":767219,"date":"2025-08-28T12:40:17","date_gmt":"2025-08-28T09:40:17","guid":{"rendered":"https:\/\/roveyayinevi.com.tr\/index.php\/urun\/gec-osmanli-doneminde-yahudiler-ve-filistinliler-1908-1914\/"},"modified":"2026-04-15T03:32:49","modified_gmt":"2026-04-15T00:32:49","slug":"gec-osmanli-doneminde-yahudiler-ve-filistinliler-1908-1914","status":"publish","type":"product","link":"https:\/\/roveyayinevi.com.tr\/index.php\/urun\/gec-osmanli-doneminde-yahudiler-ve-filistinliler-1908-1914\/","title":{"rendered":"Ge\u00e7 Osmanl\u0131 D\u00f6neminde Yahudiler ve Filistinliler 1908-1914"},"content":{"rendered":"<p>Bug\u00fcn \u0130srail\u2019in Gazze\u2019deki katliamlar\u0131yla \u015fekillenen \u0130srail-Filistin \u00e7at\u0131\u015fmas\u0131n\u0131, dar ve k\u0131s\u0131r bir pop\u00fcler tarih\u00e7i bak\u0131\u015ftan ay\u0131klay\u0131p k\u00f6kleri Osmanl\u0131\u2019n\u0131n son d\u00f6nemlerine kadar giden toplumsal temellerine bakarak anlamak m\u00fcmk\u00fcn m\u00fc? Louis A. Fishman, Ge\u00e7 Osmanl\u0131 D\u00f6neminde Yahudiler ve Filistinliler (1908-1914): Anavatanda Hak \u0130ddias\u0131 kitab\u0131nda bu sorunun pe\u015fine d\u00fc\u015f\u00fcyor. \u0130srail-Filistin \u00e7at\u0131\u015fmas\u0131n\u0131 imparatorlu\u011fun son d\u00f6neminde ba\u011flamla\u015ft\u0131rmay\u0131 \u00f6neriyor. Yahudi n\u00fcfusun Balfour Deklarasyonu\u2019ndan da \u00f6nce Filistin\u2019de h\u00e2kim g\u00fc\u00e7 olmaya ba\u015flad\u0131\u011f\u0131n\u0131 \u00f6ne s\u00fcrerken Filistinlilik kimli\u011finin olu\u015fum alanlar\u0131na dikkat \u00e7ekiyor. Bug\u00fcn \u015fiddetin her \u00e7e\u015fidinin devreye sokuldu\u011fu bir \u00e7at\u0131\u015fman\u0131n tarihsel ve toplumsal temellerini merak eden okura seslenen bir kitap. \u201cGe\u00e7 Osmanl\u0131 d\u00f6nemi, y\u00fczy\u0131ldan uzun s\u00fcrecek bir \u00e7at\u0131\u015fmaya zemin haz\u0131rlam\u0131\u015ft\u0131r ve iki cemaatin ihtilaf s\u00fcrecine \u00e7ekilmelerinin anla\u015f\u0131lmas\u0131nda \u00e7ok \u00f6nemli bir bile\u015fendir. 1908 J\u00f6n T\u00fcrk Devrimi\u2019nin ard\u0131ndan her iki cemaat de \u2018anavatan iddias\u0131\u2019 ile ortaya \u00e7\u0131km\u0131\u015f, Filistinliler kendilerini giderek b\u00fcy\u00fcyen Yahudi hegemonik siyasi g\u00fcc\u00fcne kar\u015f\u0131 \u00e7\u0131kma pozisyonunda bulmu\u015flard\u0131r. Bu genel gidi\u015f, 1917 Balfour Deklarasyonu, Britanya i\u015fgali ve mandas\u0131 sonras\u0131nda da devam etmi\u015f ve nihayet bug\u00fcne ula\u015fm\u0131\u015ft\u0131r.\u201d LOUIS A. FISHMAN<\/p>\n","protected":false},"excerpt":{"rendered":"<p>Bug\u00fcn \u0130srail\u2019in Gazze\u2019deki katliamlar\u0131yla \u015fekillenen \u0130srail-Filistin \u00e7at\u0131\u015fmas\u0131n\u0131, dar ve k\u0131s\u0131r bir pop\u00fcler tarih\u00e7i bak\u0131\u015ftan ay\u0131klay\u0131p k\u00f6kleri Osmanl\u0131\u2019n\u0131n son d\u00f6nemlerine kadar giden toplumsal temellerine bakarak anlamak m\u00fcmk\u00fcn<span class=\"excerpt-hellip\"> [\u2026]<\/span><\/p>\n","protected":false},"featured_media":0,"template":"","meta":{"_monsterinsights_skip_tracking":false,"_monsterinsights_sitenote_active":false,"_monsterinsights_sitenote_note":"","_monsterinsights_sitenote_category":0},"product_brand":[],"product_cat":[12370,12304],"product_tag":[],"class_list":{"0":"post-767219","1":"product","2":"type-product","3":"status-publish","5":"product_cat-arastirma-inceleme","6":"product_cat-tarih","7":"pa_cilt-ciltsiz","8":"pa_tur-kitap","9":"pa_yayinevi-iletisim-yayinlari","10":"pa_yazar-louis-a-fishman","12":"first","13":"instock","14":"sale","15":"shipping-taxable","16":"purchasable","17":"product-type-simple"},"_links":{"self":[{"href":"https:\/\/roveyayinevi.com.tr\/index.php\/wp-json\/wp\/v2\/product\/767219","targetHints":{"allow":["GET"]}}],"collection":[{"href":"https:\/\/roveyayinevi.com.tr\/index.php\/wp-json\/wp\/v2\/product"}],"about":[{"href":"https:\/\/roveyayinevi.com.tr\/index.php\/wp-json\/wp\/v2\/types\/product"}],"wp:attachment":[{"href":"https:\/\/roveyayinevi.com.tr\/index.php\/wp-json\/wp\/v2\/media?parent=767219"}],"wp:term":[{"taxonomy":"product_brand","embeddable":true,"href":"https:\/\/roveyayinevi.com.tr\/index.php\/wp-json\/wp\/v2\/product_brand?post=767219"},{"taxonomy":"product_cat","embeddable":true,"href":"https:\/\/roveyayinevi.com.tr\/index.php\/wp-json\/wp\/v2\/product_cat?post=767219"},{"taxonomy":"product_tag","embeddable":true,"href":"https:\/\/roveyayinevi.com.tr\/index.php\/wp-json\/wp\/v2\/product_tag?post=767219"}],"curies":[{"name":"wp","href":"https:\/\/api.w.org\/{rel}","templated":true}]}}