{"id":767218,"date":"2025-08-28T12:40:15","date_gmt":"2025-08-28T09:40:15","guid":{"rendered":"https:\/\/roveyayinevi.com.tr\/index.php\/urun\/kucuk-prenses-5\/"},"modified":"2026-04-15T03:32:49","modified_gmt":"2026-04-15T00:32:49","slug":"kucuk-prenses-5","status":"publish","type":"product","link":"https:\/\/roveyayinevi.com.tr\/index.php\/urun\/kucuk-prenses-5\/","title":{"rendered":"K\u00fc\u00e7\u00fck Prenses"},"content":{"rendered":"<p>Frances Hodgson Burnett, yat\u0131l\u0131 okulda okumak i\u00e7in Hindistan\u2019dan \u0130ngiltere\u2019ye ta\u015f\u0131nan Sara\u2019n\u0131n kar\u015f\u0131la\u015ft\u0131\u011f\u0131 talihsiz olaylar\u0131 anlat\u0131yor. Sara Crewe, Hindistan\u2019da babas\u0131yla birlikte ya\u015farken, e\u011fitimine iyi bir okulda ba\u015flamas\u0131 i\u00e7in memleketi \u0130ngiltere\u2019ye g\u00f6nderilir. Tek ba\u015f\u0131na kalm\u0131\u015ft\u0131r ama Miss Minchin\u2019in okuluna kaydolmas\u0131n\u0131n ard\u0131ndan ge\u00e7en birka\u00e7 ayda her \u015fey yolundad\u0131r. Babas\u0131n\u0131n zenginli\u011fi sayesinde bir dedi\u011fi iki edilmez. Fakat ya\u015fanan \u00fcz\u00fcc\u00fc bir olay, Sara\u2019n\u0131n mutlu ya\u015fam\u0131n\u0131 b\u00fct\u00fcn\u00fcyle de\u011fi\u015ftirir. \u0130yi g\u00fcnler geride kalm\u0131\u015ft\u0131r. Sara buna ra\u011fmen y\u0131lmaz, daha iyi bir ya\u015fam i\u00e7in didinmeyi s\u00fcrd\u00fcr\u00fcr. K\u00fc\u00e7\u00fck Prenses\u2019te, Sara\u2019n\u0131n zorluklarla nas\u0131l m\u00fccadele etti\u011fini, en k\u00f6t\u00fc durumlarda bile \u00fcmidini nas\u0131l korudu\u011funu merakla takip edeceksiniz.<\/p>\n","protected":false},"excerpt":{"rendered":"<p>Frances Hodgson Burnett, yat\u0131l\u0131 okulda okumak i\u00e7in Hindistan\u2019dan \u0130ngiltere\u2019ye ta\u015f\u0131nan Sara\u2019n\u0131n kar\u015f\u0131la\u015ft\u0131\u011f\u0131 talihsiz olaylar\u0131 anlat\u0131yor. Sara Crewe, Hindistan\u2019da babas\u0131yla birlikte ya\u015farken, e\u011fitimine iyi bir okulda ba\u015flamas\u0131<span class=\"excerpt-hellip\"> [\u2026]<\/span><\/p>\n","protected":false},"featured_media":0,"template":"","meta":{"_monsterinsights_skip_tracking":false,"_monsterinsights_sitenote_active":false,"_monsterinsights_sitenote_note":"","_monsterinsights_sitenote_category":0},"product_brand":[],"product_cat":[12274,12467],"product_tag":[],"class_list":{"0":"post-767218","1":"product","2":"type-product","3":"status-publish","5":"product_cat-cocuk-ve-genclik-kitaplari","6":"product_cat-dunya-klasikleri","7":"pa_cilt-ciltsiz","8":"pa_tur-kitap","9":"pa_yayinevi-iletisim-yayinlari","10":"pa_yazar-frances-hodgson-burnett","12":"first","13":"instock","14":"sale","15":"shipping-taxable","16":"purchasable","17":"product-type-simple"},"_links":{"self":[{"href":"https:\/\/roveyayinevi.com.tr\/index.php\/wp-json\/wp\/v2\/product\/767218","targetHints":{"allow":["GET"]}}],"collection":[{"href":"https:\/\/roveyayinevi.com.tr\/index.php\/wp-json\/wp\/v2\/product"}],"about":[{"href":"https:\/\/roveyayinevi.com.tr\/index.php\/wp-json\/wp\/v2\/types\/product"}],"wp:attachment":[{"href":"https:\/\/roveyayinevi.com.tr\/index.php\/wp-json\/wp\/v2\/media?parent=767218"}],"wp:term":[{"taxonomy":"product_brand","embeddable":true,"href":"https:\/\/roveyayinevi.com.tr\/index.php\/wp-json\/wp\/v2\/product_brand?post=767218"},{"taxonomy":"product_cat","embeddable":true,"href":"https:\/\/roveyayinevi.com.tr\/index.php\/wp-json\/wp\/v2\/product_cat?post=767218"},{"taxonomy":"product_tag","embeddable":true,"href":"https:\/\/roveyayinevi.com.tr\/index.php\/wp-json\/wp\/v2\/product_tag?post=767218"}],"curies":[{"name":"wp","href":"https:\/\/api.w.org\/{rel}","templated":true}]}}