{"id":767214,"date":"2025-08-28T12:40:08","date_gmt":"2025-08-28T09:40:08","guid":{"rendered":"https:\/\/roveyayinevi.com.tr\/index.php\/urun\/yalansiz-dunya-blockchain\/"},"modified":"2026-04-15T03:32:49","modified_gmt":"2026-04-15T00:32:49","slug":"yalansiz-dunya-blockchain","status":"publish","type":"product","link":"https:\/\/roveyayinevi.com.tr\/index.php\/urun\/yalansiz-dunya-blockchain\/","title":{"rendered":"Yalans\u0131z D\u00fcnya Blockchain"},"content":{"rendered":"<p>\u201cBlockchain bize d\u00fcnyan\u0131n \u00f6n\u00fcne ge\u00e7me f\u0131rsat\u0131 veriyor.  El ele verirsek bizim co\u011frafyalar\u0131m\u0131z t\u00fcm d\u00fcnyaya bu konuda \u00f6nc\u00fc ve \u00f6rnek olabilir.\u201d Fatih EKE (D-8 \u0130novasyon Zirvesi Konu\u015fmas\u0131ndan)   D\u00fcnyaya biraz d\u00fcr\u00fcstl\u00fck laz\u0131m. \u00d6zellikle de s\u0131n\u0131rlar\u0131n ortadan kalkt\u0131\u011f\u0131, internetin k\u00fcresel bir toplum yap\u0131s\u0131 ortaya \u00e7\u0131kard\u0131\u011f\u0131 b\u00f6yle bir \u00e7a\u011fda&#8230; G\u00fcn\u00fcm\u00fczde insanlar s\u00fcrekli t\u00fcketime y\u00f6nlendirilirken, g\u00fcvenlikle ilgili endi\u015feler de ayn\u0131 h\u0131zla art\u0131yor. Hem riskler b\u00fcy\u00fcyor hem de buna kar\u015f\u0131 \u00f6nlem almak isteyenler \u00e7o\u011fal\u0131yor. S\u00fcrekli yeni \u00f6nlemler d\u00fc\u015f\u00fcn\u00fcl\u00fcyor. Blockchain, arad\u0131\u011f\u0131m\u0131z \u00e7\u00f6z\u00fcm olabilir. Olduk\u00e7a g\u00fc\u00e7l\u00fc bir \u015fifreleme yap\u0131s\u0131 olmas\u0131 ve m\u00fcdahale edilememesi nedeniyle, arzu edilen g\u00fcvenli ticareti sa\u011flayabilir. Merkeziyetsiz yap\u0131s\u0131 sayesinde daha demokratik bir d\u00fcnya olu\u015fmas\u0131na katk\u0131da bulunabilir. Fatih Eke, Yalans\u0131z D\u00fcnya \u2013 Blockchain kitab\u0131nda, Blockchain altyap\u0131s\u0131 ile olu\u015fturduklar\u0131 Nwork International ve Nigella World\u2019\u00fcn hik\u00e2yesini anlat\u0131yor ve t\u00fcm insanlar i\u00e7in yeni bir model sunuyor. \u201cD\u00fcnyan\u0131n en \u015fifal\u0131 bitkisi\u201d olarak niteledi\u011fi \u201c\u00e7\u00f6rekotu\u201dnu t\u00fcm d\u00fcnyaya, neden ve nas\u0131l Blockchain altyap\u0131s\u0131 ile ula\u015ft\u0131rd\u0131\u011f\u0131n\u0131 anlat\u0131rken, b\u00fcy\u00fck d\u00fc\u015f\u00fcn\u00fcp, d\u00fcr\u00fcst ve verimli \u00e7al\u0131\u015fmak isteyenlere ilham veriyor. <\/p>\n","protected":false},"excerpt":{"rendered":"<p>\u201cBlockchain bize d\u00fcnyan\u0131n \u00f6n\u00fcne ge\u00e7me f\u0131rsat\u0131 veriyor. El ele verirsek bizim co\u011frafyalar\u0131m\u0131z t\u00fcm d\u00fcnyaya bu konuda \u00f6nc\u00fc ve \u00f6rnek olabilir.\u201d Fatih EKE (D-8 \u0130novasyon Zirvesi Konu\u015fmas\u0131ndan)<span class=\"excerpt-hellip\"> [\u2026]<\/span><\/p>\n","protected":false},"featured_media":0,"template":"","meta":{"_monsterinsights_skip_tracking":false,"_monsterinsights_sitenote_active":false,"_monsterinsights_sitenote_note":"","_monsterinsights_sitenote_category":0},"product_brand":[],"product_cat":[13043,17647],"product_tag":[],"class_list":{"0":"post-767214","1":"product","2":"type-product","3":"status-publish","5":"product_cat-ekonomi","6":"product_cat-is-dunyasi","7":"pa_cilt-ciltsiz","8":"pa_tur-kitap","9":"pa_yayinevi-destek-yayinlari","10":"pa_yazar-fatih-eke","12":"first","13":"instock","14":"sale","15":"shipping-taxable","16":"purchasable","17":"product-type-simple"},"_links":{"self":[{"href":"https:\/\/roveyayinevi.com.tr\/index.php\/wp-json\/wp\/v2\/product\/767214","targetHints":{"allow":["GET"]}}],"collection":[{"href":"https:\/\/roveyayinevi.com.tr\/index.php\/wp-json\/wp\/v2\/product"}],"about":[{"href":"https:\/\/roveyayinevi.com.tr\/index.php\/wp-json\/wp\/v2\/types\/product"}],"wp:attachment":[{"href":"https:\/\/roveyayinevi.com.tr\/index.php\/wp-json\/wp\/v2\/media?parent=767214"}],"wp:term":[{"taxonomy":"product_brand","embeddable":true,"href":"https:\/\/roveyayinevi.com.tr\/index.php\/wp-json\/wp\/v2\/product_brand?post=767214"},{"taxonomy":"product_cat","embeddable":true,"href":"https:\/\/roveyayinevi.com.tr\/index.php\/wp-json\/wp\/v2\/product_cat?post=767214"},{"taxonomy":"product_tag","embeddable":true,"href":"https:\/\/roveyayinevi.com.tr\/index.php\/wp-json\/wp\/v2\/product_tag?post=767214"}],"curies":[{"name":"wp","href":"https:\/\/api.w.org\/{rel}","templated":true}]}}