{"id":767211,"date":"2025-08-28T12:40:02","date_gmt":"2025-08-28T09:40:02","guid":{"rendered":"https:\/\/roveyayinevi.com.tr\/index.php\/urun\/41-kere-istanbul\/"},"modified":"2026-04-15T03:32:49","modified_gmt":"2026-04-15T00:32:49","slug":"41-kere-istanbul","status":"publish","type":"product","link":"https:\/\/roveyayinevi.com.tr\/index.php\/urun\/41-kere-istanbul\/","title":{"rendered":"41 Kere \u0130stanbul"},"content":{"rendered":"<p>Bu kitap, d\u00fcnyan\u0131n en g\u00fczel \u015fehirlerinden biri olan \u0130stanbul\u2019u gezerken, \u00f6n\u00fcnden ge\u00e7ip gitti\u011fimiz yap\u0131lar\u0131n sadece kimli\u011fini de\u011fil, \u015fehrin tarihi ve insan\u0131 ile olan ili\u015fkisini de ortaya koyma amac\u0131yla yaz\u0131ld\u0131. Bir \u015fehri o \u015fehir yapan, \u015fehrin kimli\u011fini olu\u015fturan en \u00f6nemli etken yap\u0131lar\u0131 ve insanlar\u0131n o yap\u0131larla kurdu\u011fu ili\u015fkidir. Yap\u0131lar sadece mimari \u00f6zellikleri ile \u00f6n plana \u00e7\u0131kmazlar, i\u00e7lerinde ya\u015fayan insanlar\u0131n hik\u00e2yeleri ve en sonunda da toplumun o yap\u0131lara verdikleri de\u011fer ayn\u0131 zamanda bir k\u00fclt\u00fcr meselesidir de. Mimari d\u00f6n\u00fc\u015f\u00fcmse kentin belle\u011fine b\u0131rakt\u0131\u011f\u0131 izle, bu k\u00fclt\u00fcr\u00fcn nereden nereye geldi\u011fini g\u00f6sterir bize. Zira yap\u0131lar sadece mimarlar\u0131na ve o yap\u0131lar\u0131n sakinlerine de\u011fil, toplumun kent k\u00fclt\u00fcr\u00fcne de aittir. Bizans d\u00f6neminde soylular\u0131n s\u00fcrg\u00fcne g\u00f6nderildi\u011fi yer olmas\u0131ndan \u00f6t\u00fcr\u00fc ismi Prens Adalar\u0131 olarak an\u0131lan Adalar\u2019daki muhte\u015fem k\u00f6\u015fklerden deniz taban\u0131na \u00e7ak\u0131lan s\u00fctunlar \u00fczerine kurulan Florya\u2019daki Atat\u00fcrk Deniz K\u00f6\u015fk\u00fc\u2019ne; Mimar Sarkis Balyan\u2019\u0131n yapt\u0131\u011f\u0131, \u0130talyan Ressam Fausto Zonaro\u2019ya da ev sahipli\u011fi yapan Akaretler\u2019deki s\u0131raevlerden Barok ve Rokoko tarzlar\u0131n\u0131 bir araya getiren tek \u015ferefeli iki minaresi olan Ortak\u00f6y Camii\u2019ne; Art Nouveau ak\u0131m\u0131n\u0131n \u0130stanbul\u2019daki ilk \u00f6rneklerinden biri olan, Mimar Raimondo D\u2019aronco\u2019nun in\u015fa etti\u011fi Casa Botter\u2019den Mimar Vedat Tek\u2019in kendi evine, kentin zarif \u00e7i\u00e7ekleri Y. Mimar Serkan Enna\u00e7\u2019\u0131n kalemi ile bug\u00fcn kendini yeniden anlat\u0131yor.<\/p>\n","protected":false},"excerpt":{"rendered":"<p>Bu kitap, d\u00fcnyan\u0131n en g\u00fczel \u015fehirlerinden biri olan \u0130stanbul\u2019u gezerken, \u00f6n\u00fcnden ge\u00e7ip gitti\u011fimiz yap\u0131lar\u0131n sadece kimli\u011fini de\u011fil, \u015fehrin tarihi ve insan\u0131 ile olan ili\u015fkisini de ortaya<span class=\"excerpt-hellip\"> [\u2026]<\/span><\/p>\n","protected":false},"featured_media":0,"template":"","meta":{"_monsterinsights_skip_tracking":false,"_monsterinsights_sitenote_active":false,"_monsterinsights_sitenote_note":"","_monsterinsights_sitenote_category":0},"product_brand":[],"product_cat":[13512,12408],"product_tag":[],"class_list":{"0":"post-767211","1":"product","2":"type-product","3":"status-publish","5":"product_cat-mimarlik","6":"product_cat-sanat","7":"pa_cilt-ciltsiz","8":"pa_tur-kitap","9":"pa_yayinevi-literatur-yayinevi","10":"pa_yazar-y-mimar-serkan-ennac","12":"first","13":"instock","14":"sale","15":"shipping-taxable","16":"purchasable","17":"product-type-simple"},"_links":{"self":[{"href":"https:\/\/roveyayinevi.com.tr\/index.php\/wp-json\/wp\/v2\/product\/767211","targetHints":{"allow":["GET"]}}],"collection":[{"href":"https:\/\/roveyayinevi.com.tr\/index.php\/wp-json\/wp\/v2\/product"}],"about":[{"href":"https:\/\/roveyayinevi.com.tr\/index.php\/wp-json\/wp\/v2\/types\/product"}],"wp:attachment":[{"href":"https:\/\/roveyayinevi.com.tr\/index.php\/wp-json\/wp\/v2\/media?parent=767211"}],"wp:term":[{"taxonomy":"product_brand","embeddable":true,"href":"https:\/\/roveyayinevi.com.tr\/index.php\/wp-json\/wp\/v2\/product_brand?post=767211"},{"taxonomy":"product_cat","embeddable":true,"href":"https:\/\/roveyayinevi.com.tr\/index.php\/wp-json\/wp\/v2\/product_cat?post=767211"},{"taxonomy":"product_tag","embeddable":true,"href":"https:\/\/roveyayinevi.com.tr\/index.php\/wp-json\/wp\/v2\/product_tag?post=767211"}],"curies":[{"name":"wp","href":"https:\/\/api.w.org\/{rel}","templated":true}]}}