{"id":767209,"date":"2025-08-28T12:39:59","date_gmt":"2025-08-28T09:39:59","guid":{"rendered":"https:\/\/roveyayinevi.com.tr\/index.php\/urun\/yeni-despotizm-2\/"},"modified":"2026-04-15T03:32:49","modified_gmt":"2026-04-15T00:32:49","slug":"yeni-despotizm-2","status":"publish","type":"product","link":"https:\/\/roveyayinevi.com.tr\/index.php\/urun\/yeni-despotizm-2\/","title":{"rendered":"Yeni Despotizm"},"content":{"rendered":"<p>Siyasal d\u00fc\u015f\u00fcncedeki merkezi \u00f6nemine kar\u015f\u0131n g\u00fcn\u00fcm\u00fczde \u201cdespotizm\u201d kavram\u0131 eskide kalm\u0131\u015f istisnai bir y\u00f6netim bi\u00e7imine i\u015faret ediyor gibi. Oysa paradoksal bir \u015fekilde g\u00fcn\u00fcm\u00fczde gitgide ekonomiye ve g\u00fcvenli\u011fe indirgenen bir d\u00fcnyada, s\u0131kl\u0131kla yasa ile yasas\u0131zl\u0131k aras\u0131ndaki ayr\u0131m\u0131 a\u015fan ve b\u00f6ylelikle bulan\u0131kla\u015ft\u0131ran despotik emirler verildi\u011fine tan\u0131k oluyoruz. Kitleler de bu s\u0131rada piyasan\u0131n dayatmalar\u0131na ve resmi makamlara itiyadi bir itaatk\u00e2rl\u0131\u011f\u0131 benimsemi\u015f g\u00f6r\u00fcn\u00fcyor. \u00d6yle bir d\u00fcnyada ya\u015f\u0131yoruz ki, kimi \u00fclkeyi \u015firket gibi, kimi \u00f6m\u00fcr boyu diktat\u00f6rl\u00fckle y\u00f6netmeye hevesli, kimi de bu iki yolu birden kullanmak isteyen birtak\u0131m \u201cg\u00fc\u00e7l\u00fc\u201d liderlere tahamm\u00fcl ediliyor, bununla da kalmay\u0131p onlara a\u00e7\u0131k\u00e7a davetiye \u00e7\u0131kar\u0131l\u0131yor. G\u00f6r\u00fcn\u00fcrdeki farkl\u0131l\u0131klar\u0131na ra\u011fmen bu otoriter liderlerin hepsi demokrasiye kar\u015f\u0131 tutkulu bir d\u00fc\u015fmanl\u0131k besliyorlar ve insanlar\u0131 demokrasinin her t\u00fcrl\u00fc tezah\u00fcr\u00fc aleyhinde k\u0131\u015fk\u0131rtmakta \u00e7ok azimliler. \u00c7o\u011funluklar\u0131n onlar\u0131n pe\u015finden g\u00f6n\u00fcll\u00fc olarak gitti\u011fi, demokrasinin hemen her yerde ask\u0131ya al\u0131nd\u0131\u011f\u0131, k\u00fcresel \u00e7apta bir istisna siyasetinin koyu g\u00f6lgesi alt\u0131nda ya\u015f\u0131yoruz. Despotlar\u0131n y\u00f6netti\u011fi bu d\u00fcnyada despotizm sadece bir siyaset \u201csanat\u0131\u201d olarak me\u015frula\u015ft\u0131r\u0131l\u0131p benimsenmekle kalm\u0131yor, bir k\u00fclt(\u00fcr) olarak da normalle\u015ftiriliyor. Despotizm bug\u00fcn yeniden canland\u0131r\u0131l\u0131rken, kendisini ink\u00e2r eden, antidespotik, hatta demokratik olarak g\u00f6ren ve g\u00f6steren bir yap\u0131 sergiliyor. Ama unutmamal\u0131: Baudelaire\u2019in vaktiyle yazd\u0131\u011f\u0131 gibi, \u201c\u015feytan\u0131n en b\u00fcy\u00fck kurnazl\u0131\u011f\u0131, insanlar\u0131 \u015feytan\u0131n var olmad\u0131\u011f\u0131na inand\u0131rmas\u0131d\u0131r.\u201d E\u011fer kand\u0131rma despotizmin tan\u0131mlay\u0131c\u0131 \u00f6zelli\u011fiyse, despotik y\u00f6netimlerin en b\u00fcy\u00fck kand\u0131rmacas\u0131 insanlar\u0131 despotik olmad\u0131klar\u0131na ikna etmeleridir. \u2014 B\u00fclent Diken <\/p>\n","protected":false},"excerpt":{"rendered":"<p>Siyasal d\u00fc\u015f\u00fcncedeki merkezi \u00f6nemine kar\u015f\u0131n g\u00fcn\u00fcm\u00fczde \u201cdespotizm\u201d kavram\u0131 eskide kalm\u0131\u015f istisnai bir y\u00f6netim bi\u00e7imine i\u015faret ediyor gibi. Oysa paradoksal bir \u015fekilde g\u00fcn\u00fcm\u00fczde gitgide ekonomiye ve g\u00fcvenli\u011fe<span class=\"excerpt-hellip\"> [\u2026]<\/span><\/p>\n","protected":false},"featured_media":0,"template":"","meta":{"_monsterinsights_skip_tracking":false,"_monsterinsights_sitenote_active":false,"_monsterinsights_sitenote_note":"","_monsterinsights_sitenote_category":0},"product_brand":[],"product_cat":[12337,14706],"product_tag":[],"class_list":{"0":"post-767209","1":"product","2":"type-product","3":"status-publish","5":"product_cat-politika-siyaset","6":"product_cat-siyaset-bilimi","7":"pa_cilt-ciltsiz","8":"pa_tur-kitap","9":"pa_yayinevi-metis-yayinlari","10":"pa_yazar-bulent-diken","12":"first","13":"instock","14":"sale","15":"shipping-taxable","16":"purchasable","17":"product-type-simple"},"_links":{"self":[{"href":"https:\/\/roveyayinevi.com.tr\/index.php\/wp-json\/wp\/v2\/product\/767209","targetHints":{"allow":["GET"]}}],"collection":[{"href":"https:\/\/roveyayinevi.com.tr\/index.php\/wp-json\/wp\/v2\/product"}],"about":[{"href":"https:\/\/roveyayinevi.com.tr\/index.php\/wp-json\/wp\/v2\/types\/product"}],"wp:attachment":[{"href":"https:\/\/roveyayinevi.com.tr\/index.php\/wp-json\/wp\/v2\/media?parent=767209"}],"wp:term":[{"taxonomy":"product_brand","embeddable":true,"href":"https:\/\/roveyayinevi.com.tr\/index.php\/wp-json\/wp\/v2\/product_brand?post=767209"},{"taxonomy":"product_cat","embeddable":true,"href":"https:\/\/roveyayinevi.com.tr\/index.php\/wp-json\/wp\/v2\/product_cat?post=767209"},{"taxonomy":"product_tag","embeddable":true,"href":"https:\/\/roveyayinevi.com.tr\/index.php\/wp-json\/wp\/v2\/product_tag?post=767209"}],"curies":[{"name":"wp","href":"https:\/\/api.w.org\/{rel}","templated":true}]}}