{"id":767205,"date":"2025-08-28T12:39:51","date_gmt":"2025-08-28T09:39:51","guid":{"rendered":"https:\/\/roveyayinevi.com.tr\/index.php\/urun\/kizlar\/"},"modified":"2026-04-15T03:32:49","modified_gmt":"2026-04-15T00:32:49","slug":"kizlar","status":"publish","type":"product","link":"https:\/\/roveyayinevi.com.tr\/index.php\/urun\/kizlar\/","title":{"rendered":"K\u0131zlar"},"content":{"rendered":"<p>1960\u2019lar\u0131n sonlar\u0131, gen\u00e7li\u011fin \u00e7\u0131\u011f\u0131r\u0131ndan \u00e7\u0131kt\u0131\u011f\u0131, \u00f6zgu\u0308rlu\u0308\u011fu\u0308n ve anar\u015finin tu\u0308m eyaleti kaplad\u0131\u011f\u0131 California. Mu\u0308zi\u011fin ve sineman\u0131n y\u0131ld\u0131zlar\u0131, a\u015fk\u0131n ve a\u015fk\u0131nl\u0131\u011f\u0131n aray\u0131\u015f\u0131 her yerde. Ailesinden ve ku\u0308\u00e7u\u0308k dertlerinden ka\u00e7maya \u00e7al\u0131\u015fan gen\u00e7 Evie, yaz ba\u015f\u0131nda rast geldi\u011fi haval\u0131 Suzanne ve arkada\u015flar\u0131na kap\u0131l\u0131r. Gen\u00e7li\u011fin cu\u0308retk\u00e2rl\u0131\u011f\u0131 ve merak\u0131yla, gu\u0308zelli\u011fin ve rahatl\u0131\u011f\u0131n pe\u015fine tak\u0131l\u0131nca yolu karizmatik bir adam\u0131n olu\u015fturdu\u011fu bir ku\u0308lte \u00e7\u0131kar. Tepelerin aras\u0131nda bir \u00e7iftlikteki komu\u0308nde kurulmu\u015f deneysel ya\u015fam, gittik\u00e7e s\u0131n\u0131rlar\u0131 zorlayan bir ivme kazan\u0131rken Evie, bu\u0308yu\u0308lenmi\u015f gibi ak\u0131l almayacak olaylar\u0131n e\u015fi\u011fine geldi\u011finin fark\u0131na bile varamaz.   Amerikan tarihinin en vah\u015fi hik\u00e2yelerinin birinden, Charles Manson ku\u0308ltu\u0308nden esinlenen K\u0131zlar, g\u00f6steri\u015fli ve tutkulu hayatlar\u0131n bar\u0131nd\u0131rd\u0131\u011f\u0131 sapk\u0131nl\u0131klar\u0131, \u00f6zgu\u0308rlu\u0308\u011fu\u0308n arkas\u0131nda saklanabilen anar\u015fiyi gen\u00e7 bir bak\u0131\u015f a\u00e7\u0131s\u0131yla anlat\u0131yor.   Granta dergisinin en iyi gen\u00e7 Amerikan yazarlar\u0131 aras\u0131nda g\u00f6sterdi\u011fi Emma Cline, daha ilk roman\u0131 K\u0131zlar\u2019la bu\u0308yu\u0308k bir ba\u015far\u0131 kazand\u0131, 2016\u2019da Shirley Jackson En \u0130yi Roman \u00d6du\u0308lu\u0308\u2019ne lay\u0131k g\u00f6ru\u0308ldu\u0308, yay\u0131mland\u0131\u011f\u0131 y\u0131l\u0131n en iyi romanlar\u0131ndan birini yazd\u0131.   \u201cHeyecan verici.\u201d \u2013Jennifer Egan   \u201c\u0130ncelikli bir zek\u00e2yla, genellikle u\u0308stu\u0308n bir yaz\u0131m, g\u00f6z al\u0131c\u0131 parlakl\u0131kta cu\u0308mlelerle&#8230; Cline\u2019\u0131n ilk roman\u0131 K\u0131zlar bir masumiyet ve deneyim \u015fark\u0131s\u0131&#8230;\u201d \u2013James Wood, The New Yorker <\/p>\n","protected":false},"excerpt":{"rendered":"<p>1960\u2019lar\u0131n sonlar\u0131, gen\u00e7li\u011fin \u00e7\u0131\u011f\u0131r\u0131ndan \u00e7\u0131kt\u0131\u011f\u0131, \u00f6zgu\u0308rlu\u0308\u011fu\u0308n ve anar\u015finin tu\u0308m eyaleti kaplad\u0131\u011f\u0131 California. Mu\u0308zi\u011fin ve sineman\u0131n y\u0131ld\u0131zlar\u0131, a\u015fk\u0131n ve a\u015fk\u0131nl\u0131\u011f\u0131n aray\u0131\u015f\u0131 her yerde. Ailesinden ve ku\u0308\u00e7u\u0308k dertlerinden<span class=\"excerpt-hellip\"> [\u2026]<\/span><\/p>\n","protected":false},"featured_media":0,"template":"","meta":{"_monsterinsights_skip_tracking":false,"_monsterinsights_sitenote_active":false,"_monsterinsights_sitenote_note":"","_monsterinsights_sitenote_category":0},"product_brand":[],"product_cat":[12291,12711],"product_tag":[],"class_list":{"0":"post-767205","1":"product","2":"type-product","3":"status-publish","5":"product_cat-edebiyat","6":"product_cat-roman-oyku","7":"pa_cilt-ciltsiz","8":"pa_tur-kitap","9":"pa_yayinevi-ithaki-yayinlari","10":"pa_yazar-emma-cline","12":"first","13":"instock","14":"sale","15":"shipping-taxable","16":"purchasable","17":"product-type-simple"},"_links":{"self":[{"href":"https:\/\/roveyayinevi.com.tr\/index.php\/wp-json\/wp\/v2\/product\/767205","targetHints":{"allow":["GET"]}}],"collection":[{"href":"https:\/\/roveyayinevi.com.tr\/index.php\/wp-json\/wp\/v2\/product"}],"about":[{"href":"https:\/\/roveyayinevi.com.tr\/index.php\/wp-json\/wp\/v2\/types\/product"}],"wp:attachment":[{"href":"https:\/\/roveyayinevi.com.tr\/index.php\/wp-json\/wp\/v2\/media?parent=767205"}],"wp:term":[{"taxonomy":"product_brand","embeddable":true,"href":"https:\/\/roveyayinevi.com.tr\/index.php\/wp-json\/wp\/v2\/product_brand?post=767205"},{"taxonomy":"product_cat","embeddable":true,"href":"https:\/\/roveyayinevi.com.tr\/index.php\/wp-json\/wp\/v2\/product_cat?post=767205"},{"taxonomy":"product_tag","embeddable":true,"href":"https:\/\/roveyayinevi.com.tr\/index.php\/wp-json\/wp\/v2\/product_tag?post=767205"}],"curies":[{"name":"wp","href":"https:\/\/api.w.org\/{rel}","templated":true}]}}