{"id":767204,"date":"2025-08-28T12:39:50","date_gmt":"2025-08-28T09:39:50","guid":{"rendered":"https:\/\/roveyayinevi.com.tr\/index.php\/urun\/yeni-tanrilar-kotu-demiurgos\/"},"modified":"2026-04-15T03:32:49","modified_gmt":"2026-04-15T00:32:49","slug":"yeni-tanrilar-kotu-demiurgos","status":"publish","type":"product","link":"https:\/\/roveyayinevi.com.tr\/index.php\/urun\/yeni-tanrilar-kotu-demiurgos\/","title":{"rendered":"Yeni Tanr\u0131lar: K\u00f6t\u00fc Demiurgos"},"content":{"rendered":"<p>\u201cAc\u0131 \u00e7ekmemi\u015f biriyle yap\u0131lan her sohbet gevezeliktir.\u201d   Bi\u00e7im ve yakla\u015f\u0131m a\u00e7\u0131s\u0131ndan b\u00fcy\u00fck farkl\u0131l\u0131klar g\u00f6steren bu kitab\u0131nda Cioran, insanl\u0131\u011f\u0131n tanr\u0131lara, \u00f6l\u00fcme, ya\u015fama, korkuya ve g\u00fc\u00e7s\u00fczl\u00fc\u011fe olan ba\u011fl\u0131l\u0131\u011f\u0131n\u0131 ara\u015ft\u0131r\u0131yor. Yeni Tanr\u0131lar, Cioran\u2019\u0131n insan\u0131n iyi bir \u015fey yapma kapasitesi konusunda giderek derinle\u015fen k\u00f6t\u00fcmserli\u011fini yans\u0131t\u0131yor. \u201cHer varl\u0131k mahvolmu\u015f bir ilahidir.\u201d   Cioran, Yeni Tanr\u0131lar\u2019da tek tek fikirleri yap\u0131bozuma u\u011fratmaktan ziyade Avrupa d\u00fc\u015f\u00fcncesinin t\u00fcm yap\u0131s\u0131n\u0131, k\u00fclt\u00fcrel olarak \u00fczerine y\u00fckleyegeldi\u011fimiz a\u011f\u0131rl\u0131\u011f\u0131 art\u0131k ta\u015f\u0131yamaz hale gelmi\u015f, oldu\u011fu yerde \u00e7\u00fcr\u00fcyen ve b\u00fcy\u00fck k\u0131sm\u0131 dinsel olan temel varsay\u0131mlar\u0131n\u0131 if\u015fa edip sorguluyor. Edebiyat ve felsefenin nadide bir birle\u015fimi olan bu lirik aforizmalar\u0131n\u0131n \u00e7o\u011fu, t\u0131pk\u0131 mezar ta\u015flar\u0131 gibi, zamans\u0131zl\u0131\u011f\u0131 hedeflerken, Cioran, s\u00f6zc\u00fckleri yumruk gibi \u00e7eneyi da\u011f\u0131tacak bir dil hayaliyle, nesnellik pe\u015finde ko\u015fan <\/p>\n","protected":false},"excerpt":{"rendered":"<p>\u201cAc\u0131 \u00e7ekmemi\u015f biriyle yap\u0131lan her sohbet gevezeliktir.\u201d Bi\u00e7im ve yakla\u015f\u0131m a\u00e7\u0131s\u0131ndan b\u00fcy\u00fck farkl\u0131l\u0131klar g\u00f6steren bu kitab\u0131nda Cioran, insanl\u0131\u011f\u0131n tanr\u0131lara, \u00f6l\u00fcme, ya\u015fama, korkuya ve g\u00fc\u00e7s\u00fczl\u00fc\u011fe olan ba\u011fl\u0131l\u0131\u011f\u0131n\u0131<span class=\"excerpt-hellip\"> [\u2026]<\/span><\/p>\n","protected":false},"featured_media":0,"template":"","meta":{"_monsterinsights_skip_tracking":false,"_monsterinsights_sitenote_active":false,"_monsterinsights_sitenote_note":"","_monsterinsights_sitenote_category":0},"product_brand":[],"product_cat":[16038,12388],"product_tag":[],"class_list":{"0":"post-767204","1":"product","2":"type-product","3":"status-publish","5":"product_cat-arastirma-inceleme-referans-felsefe","6":"product_cat-felsefe","7":"pa_cilt-ciltsiz","8":"pa_tur-kitap","9":"pa_yayinevi-inka-yayinlari","10":"pa_yazar-emil-michel-cioran","12":"first","13":"instock","14":"sale","15":"shipping-taxable","16":"purchasable","17":"product-type-simple"},"_links":{"self":[{"href":"https:\/\/roveyayinevi.com.tr\/index.php\/wp-json\/wp\/v2\/product\/767204","targetHints":{"allow":["GET"]}}],"collection":[{"href":"https:\/\/roveyayinevi.com.tr\/index.php\/wp-json\/wp\/v2\/product"}],"about":[{"href":"https:\/\/roveyayinevi.com.tr\/index.php\/wp-json\/wp\/v2\/types\/product"}],"wp:attachment":[{"href":"https:\/\/roveyayinevi.com.tr\/index.php\/wp-json\/wp\/v2\/media?parent=767204"}],"wp:term":[{"taxonomy":"product_brand","embeddable":true,"href":"https:\/\/roveyayinevi.com.tr\/index.php\/wp-json\/wp\/v2\/product_brand?post=767204"},{"taxonomy":"product_cat","embeddable":true,"href":"https:\/\/roveyayinevi.com.tr\/index.php\/wp-json\/wp\/v2\/product_cat?post=767204"},{"taxonomy":"product_tag","embeddable":true,"href":"https:\/\/roveyayinevi.com.tr\/index.php\/wp-json\/wp\/v2\/product_tag?post=767204"}],"curies":[{"name":"wp","href":"https:\/\/api.w.org\/{rel}","templated":true}]}}