{"id":767201,"date":"2025-08-28T12:39:44","date_gmt":"2025-08-28T09:39:44","guid":{"rendered":"https:\/\/roveyayinevi.com.tr\/index.php\/urun\/arkeoloji-macerasi\/"},"modified":"2026-04-15T03:32:49","modified_gmt":"2026-04-15T00:32:49","slug":"arkeoloji-macerasi","status":"publish","type":"product","link":"https:\/\/roveyayinevi.com.tr\/index.php\/urun\/arkeoloji-macerasi\/","title":{"rendered":"Arkeoloji Maceras\u0131"},"content":{"rendered":"<p>Anadolu\u2019nun bereketli topraklar\u0131ndaki binlerce y\u0131ll\u0131k e\u015fsiz tarihimizi ve k\u00fclt\u00fcrel zenginli\u011fimizi Arkeoloji Maceras\u0131 ile ke\u015ffedelim! Arkeoloji Kamp\u0131\u2019n\u0131n gen\u00e7 konuklar\u0131 \u015eahin, Barbaros, Defne, \u0130nci, Orhan ve G\u00fclseren\u2019i Gaziantep Zeugma M\u00fczesi\u2019nde e\u011flenceli bir zaman yolcu\u011fu bekliyor. Bu kampta \u00fclkemizdeki 50 m\u00fczede yer alan d\u00fcnyan\u0131n en \u00f6nemli eserlerini tan\u0131yacak; Ta\u015f Devri\u2019nden Hititlere, Hunlardan Abbasilere, Sel\u00e7uklulardan Osmanl\u0131 \u0130mparatorlu\u011fu\u2019na bu topraklarda ya\u015fam\u0131\u015f atalar\u0131m\u0131z\u0131n bizlere emanet etti\u011fi k\u00fclt\u00fcr miraslar\u0131m\u0131z\u0131 \u00f6\u011frenecekler. Arkeologlar gibi kaz\u0131lar yapacak, Antik \u00c7a\u011flar\u0131n giysilerini ku\u015fan\u0131p o d\u00f6nemin yemeklerini tadacaklar. Bazen bir \u00f6ren yerini ke\u015ffederken, bazen de m\u00fczelerde dola\u015f\u0131p tarihin izlerini s\u00fcrecek, hatta bir hologram\u0131n ge\u00e7mi\u015ften f\u0131s\u0131ldad\u0131\u011f\u0131 hik\u00e2yeleri dinleyecekler. Gelece\u011fin arkeologlar\u0131, tarih\u00e7ileri, bilim insanlar\u0131 ve yazarlar\u0131; Arkeoloji Maceras\u0131 sizi bekliyor! <\/p>\n","protected":false},"excerpt":{"rendered":"<p>Anadolu\u2019nun bereketli topraklar\u0131ndaki binlerce y\u0131ll\u0131k e\u015fsiz tarihimizi ve k\u00fclt\u00fcrel zenginli\u011fimizi Arkeoloji Maceras\u0131 ile ke\u015ffedelim! Arkeoloji Kamp\u0131\u2019n\u0131n gen\u00e7 konuklar\u0131 \u015eahin, Barbaros, Defne, \u0130nci, Orhan ve G\u00fclseren\u2019i Gaziantep<span class=\"excerpt-hellip\"> [\u2026]<\/span><\/p>\n","protected":false},"featured_media":0,"template":"","meta":{"_monsterinsights_skip_tracking":false,"_monsterinsights_sitenote_active":false,"_monsterinsights_sitenote_note":"","_monsterinsights_sitenote_category":0},"product_brand":[],"product_cat":[12274,15842],"product_tag":[],"class_list":{"0":"post-767201","1":"product","2":"type-product","3":"status-publish","5":"product_cat-cocuk-ve-genclik-kitaplari","6":"product_cat-egitici-kitaplar","7":"pa_cilt-ciltsiz","8":"pa_tur-kitap","9":"pa_yayinevi-dogan-cocuk","10":"pa_yazar-senem-kale","12":"first","13":"instock","14":"sale","15":"shipping-taxable","16":"purchasable","17":"product-type-simple"},"_links":{"self":[{"href":"https:\/\/roveyayinevi.com.tr\/index.php\/wp-json\/wp\/v2\/product\/767201","targetHints":{"allow":["GET"]}}],"collection":[{"href":"https:\/\/roveyayinevi.com.tr\/index.php\/wp-json\/wp\/v2\/product"}],"about":[{"href":"https:\/\/roveyayinevi.com.tr\/index.php\/wp-json\/wp\/v2\/types\/product"}],"wp:attachment":[{"href":"https:\/\/roveyayinevi.com.tr\/index.php\/wp-json\/wp\/v2\/media?parent=767201"}],"wp:term":[{"taxonomy":"product_brand","embeddable":true,"href":"https:\/\/roveyayinevi.com.tr\/index.php\/wp-json\/wp\/v2\/product_brand?post=767201"},{"taxonomy":"product_cat","embeddable":true,"href":"https:\/\/roveyayinevi.com.tr\/index.php\/wp-json\/wp\/v2\/product_cat?post=767201"},{"taxonomy":"product_tag","embeddable":true,"href":"https:\/\/roveyayinevi.com.tr\/index.php\/wp-json\/wp\/v2\/product_tag?post=767201"}],"curies":[{"name":"wp","href":"https:\/\/api.w.org\/{rel}","templated":true}]}}