{"id":767200,"date":"2025-08-28T12:39:43","date_gmt":"2025-08-28T09:39:43","guid":{"rendered":"https:\/\/roveyayinevi.com.tr\/index.php\/urun\/ekrandaki-hayat\/"},"modified":"2026-04-15T03:32:49","modified_gmt":"2026-04-15T00:32:49","slug":"ekrandaki-hayat","status":"publish","type":"product","link":"https:\/\/roveyayinevi.com.tr\/index.php\/urun\/ekrandaki-hayat\/","title":{"rendered":"Ekrandaki Hayat"},"content":{"rendered":"<p>Teknoloji, hayat\u0131m\u0131z\u0131 kolayla\u015ft\u0131rd\u0131\u011f\u0131 kadar ayn\u0131 zamanda da d\u00f6n\u00fc\u015ft\u00fcr\u00fcyor. Bu d\u00f6n\u00fc\u015f\u00fcm, yaln\u0131zca g\u00fcndelik hayat pratiklerimizde ger\u00e7ekle\u015fmiyor, ger\u00e7eklik alg\u0131m\u0131z\u0131 da alt\u00fcst ediyor. Elinizdeki eser, bilgisayarlar\u0131n ve teknolojinin internet \u00e7a\u011f\u0131nda kimliklerimizi nas\u0131l yeniden de\u011ferlendirmemize sebep oldu\u011funu ortaya koymaktad\u0131r. \u0130nsanlar\u0131n dijital d\u00fcnya ile olan etkile\u015fimlerinin, kimlik, ili\u015fkiler, siyaset, cinsellik ve benlik gibi temel kavramlar \u00fczerinde nas\u0131l derin etkiler yaratt\u0131\u011f\u0131n\u0131 a\u00e7\u0131klamaktad\u0131r. Bilgisayar teknolojilerinin psikolojik hayatlar\u0131m\u0131za etkisini, insan zihinlerinin, bedenlerinin ve makinelerle olan ili\u015fkilerinin de\u011fi\u015fimini incelemektedir. Sherry Turkle, bu d\u00f6n\u00fc\u015f\u00fcm\u00fcn sonucunda ortaya \u00e7\u0131kan \u015feyin, merkez\u00ee olmayan, \u00e7oklu ve esnek bir kimlik alg\u0131s\u0131 oldu\u011funu iddia etmektedir. Bilgisayar tasar\u0131m\u0131ndan yapay zek\u00e2ya kadar geni\u015f bir yelpazede, insanlar\u0131n sanal ortamdaki farkl\u0131la\u015fmas\u0131n\u0131 analiz etmektedir. Yazara g\u00f6re bilgisayar, postmodernizmi hayat\u0131n somut bir par\u00e7as\u0131 h\u00e2line getiren bir ara\u00e7 olarak kar\u015f\u0131m\u0131za \u00e7\u0131kmaktad\u0131r. Bu eserde, teknoloji arac\u0131l\u0131\u011f\u0131yla nas\u0131l yeni bir kimlik duygusu edindi\u011fimizi ve geleneksel s\u0131n\u0131rlar\u0131n nas\u0131l belirsizle\u015fti\u011fini okuyacaks\u0131- n\u0131z. Turkle\u2019\u0131n usta kaleminden, insanlar\u0131n sanal d\u00fcnyadaki deneyimle- rinin sadece teknolojiyle ilgili olmad\u0131\u011f\u0131n\u0131, ayn\u0131 zamanda dijital etkile\u015fimlerimizin bizi nas\u0131l yeniden tan\u0131mlad\u0131\u011f\u0131n\u0131 g\u00f6receksiniz. <\/p>\n","protected":false},"excerpt":{"rendered":"<p>Teknoloji, hayat\u0131m\u0131z\u0131 kolayla\u015ft\u0131rd\u0131\u011f\u0131 kadar ayn\u0131 zamanda da d\u00f6n\u00fc\u015ft\u00fcr\u00fcyor. Bu d\u00f6n\u00fc\u015f\u00fcm, yaln\u0131zca g\u00fcndelik hayat pratiklerimizde ger\u00e7ekle\u015fmiyor, ger\u00e7eklik alg\u0131m\u0131z\u0131 da alt\u00fcst ediyor. Elinizdeki eser, bilgisayarlar\u0131n ve teknolojinin internet<span class=\"excerpt-hellip\"> [\u2026]<\/span><\/p>\n","protected":false},"featured_media":0,"template":"","meta":{"_monsterinsights_skip_tracking":false,"_monsterinsights_sitenote_active":false,"_monsterinsights_sitenote_note":"","_monsterinsights_sitenote_category":0},"product_brand":[],"product_cat":[15983,13488],"product_tag":[],"class_list":{"0":"post-767200","1":"product","2":"type-product","3":"status-publish","5":"product_cat-iletisim-ve-medya","6":"product_cat-toplum-ve-insan","7":"pa_cilt-ciltsiz","8":"pa_tur-kitap","9":"pa_yayinevi-anadolu-ajansi-yayinevi","10":"pa_yazar-sherry-turkle","12":"first","13":"instock","14":"sale","15":"shipping-taxable","16":"purchasable","17":"product-type-simple"},"_links":{"self":[{"href":"https:\/\/roveyayinevi.com.tr\/index.php\/wp-json\/wp\/v2\/product\/767200","targetHints":{"allow":["GET"]}}],"collection":[{"href":"https:\/\/roveyayinevi.com.tr\/index.php\/wp-json\/wp\/v2\/product"}],"about":[{"href":"https:\/\/roveyayinevi.com.tr\/index.php\/wp-json\/wp\/v2\/types\/product"}],"wp:attachment":[{"href":"https:\/\/roveyayinevi.com.tr\/index.php\/wp-json\/wp\/v2\/media?parent=767200"}],"wp:term":[{"taxonomy":"product_brand","embeddable":true,"href":"https:\/\/roveyayinevi.com.tr\/index.php\/wp-json\/wp\/v2\/product_brand?post=767200"},{"taxonomy":"product_cat","embeddable":true,"href":"https:\/\/roveyayinevi.com.tr\/index.php\/wp-json\/wp\/v2\/product_cat?post=767200"},{"taxonomy":"product_tag","embeddable":true,"href":"https:\/\/roveyayinevi.com.tr\/index.php\/wp-json\/wp\/v2\/product_tag?post=767200"}],"curies":[{"name":"wp","href":"https:\/\/api.w.org\/{rel}","templated":true}]}}