{"id":767199,"date":"2025-08-28T12:39:41","date_gmt":"2025-08-28T09:39:41","guid":{"rendered":"https:\/\/roveyayinevi.com.tr\/index.php\/urun\/iyi-ki-varsin-tilki-toni-1-arkadaslik-puding-gibidir\/"},"modified":"2026-04-15T03:32:49","modified_gmt":"2026-04-15T00:32:49","slug":"iyi-ki-varsin-tilki-toni-1-arkadaslik-puding-gibidir","status":"publish","type":"product","link":"https:\/\/roveyayinevi.com.tr\/index.php\/urun\/iyi-ki-varsin-tilki-toni-1-arkadaslik-puding-gibidir\/","title":{"rendered":"\u0130yi ki Vars\u0131n Tilki Toni 1 -Arkada\u015fl\u0131k Puding Gibidir"},"content":{"rendered":"<p>Deniz, tam uykuya dalmak \u00fczereyken dolab\u0131ndan gelen t\u0131k\u0131rt\u0131lar\u0131 duydu. T\u0131k\u2026 T\u0131k\u2026 T\u0131kt\u0131kt\u0131k\u2026 Dolapta kim var dersiniz? D\u00fcnyan\u0131n en s\u0131ra d\u0131\u015f\u0131, sevimli mi sevimli ve ola\u011fan\u00fcst\u00fc arkada\u015f\u0131 Tilki Toni! Deniz ile Tilki Toni\u2019nin macera, merak ve e\u011flence dolu arkada\u015fl\u0131k hik\u00e2yesi, t\u0131pk\u0131 bir puding gibi tatl\u0131 m\u0131 tatl\u0131! \u0130yi ki vars\u0131n Tilki Toni serisiyle \u00e7ocuklar hayat\u0131n inceliklerini fark ederken merak etmenin, sorgulaman\u0131n, sevginin ve sayg\u0131n\u0131n \u00f6nemini ke\u015ffedecekler\u2026 <\/p>\n","protected":false},"excerpt":{"rendered":"<p>Deniz, tam uykuya dalmak \u00fczereyken dolab\u0131ndan gelen t\u0131k\u0131rt\u0131lar\u0131 duydu. T\u0131k\u2026 T\u0131k\u2026 T\u0131kt\u0131kt\u0131k\u2026 Dolapta kim var dersiniz? D\u00fcnyan\u0131n en s\u0131ra d\u0131\u015f\u0131, sevimli mi sevimli ve ola\u011fan\u00fcst\u00fc arkada\u015f\u0131<span class=\"excerpt-hellip\"> [\u2026]<\/span><\/p>\n","protected":false},"featured_media":0,"template":"","meta":{"_monsterinsights_skip_tracking":false,"_monsterinsights_sitenote_active":false,"_monsterinsights_sitenote_note":"","_monsterinsights_sitenote_category":0},"product_brand":[],"product_cat":[12291,12711],"product_tag":[],"class_list":{"0":"post-767199","1":"product","2":"type-product","3":"status-publish","5":"product_cat-edebiyat","6":"product_cat-roman-oyku","7":"pa_cilt-ciltsiz","8":"pa_tur-kitap","9":"pa_yayinevi-dogan-cocuk","10":"pa_yazar-hafize-cinar-guner","12":"first","13":"instock","14":"sale","15":"shipping-taxable","16":"purchasable","17":"product-type-simple"},"_links":{"self":[{"href":"https:\/\/roveyayinevi.com.tr\/index.php\/wp-json\/wp\/v2\/product\/767199","targetHints":{"allow":["GET"]}}],"collection":[{"href":"https:\/\/roveyayinevi.com.tr\/index.php\/wp-json\/wp\/v2\/product"}],"about":[{"href":"https:\/\/roveyayinevi.com.tr\/index.php\/wp-json\/wp\/v2\/types\/product"}],"wp:attachment":[{"href":"https:\/\/roveyayinevi.com.tr\/index.php\/wp-json\/wp\/v2\/media?parent=767199"}],"wp:term":[{"taxonomy":"product_brand","embeddable":true,"href":"https:\/\/roveyayinevi.com.tr\/index.php\/wp-json\/wp\/v2\/product_brand?post=767199"},{"taxonomy":"product_cat","embeddable":true,"href":"https:\/\/roveyayinevi.com.tr\/index.php\/wp-json\/wp\/v2\/product_cat?post=767199"},{"taxonomy":"product_tag","embeddable":true,"href":"https:\/\/roveyayinevi.com.tr\/index.php\/wp-json\/wp\/v2\/product_tag?post=767199"}],"curies":[{"name":"wp","href":"https:\/\/api.w.org\/{rel}","templated":true}]}}