{"id":767197,"date":"2025-08-28T12:39:37","date_gmt":"2025-08-28T09:39:37","guid":{"rendered":"https:\/\/roveyayinevi.com.tr\/index.php\/urun\/yatirimci-iliskilerinin-gucu\/"},"modified":"2026-04-15T03:32:49","modified_gmt":"2026-04-15T00:32:49","slug":"yatirimci-iliskilerinin-gucu","status":"publish","type":"product","link":"https:\/\/roveyayinevi.com.tr\/index.php\/urun\/yatirimci-iliskilerinin-gucu\/","title":{"rendered":"Yat\u0131r\u0131mc\u0131 \u0130li\u015fkilerinin G\u00fcc\u00fc"},"content":{"rendered":"<p>Yat\u0131r\u0131mc\u0131 ili\u015fkilerinde yeni bir anlay\u0131\u015f\u0131 ke\u015ffetmek i\u00e7in\u2026 Bir \u015firketin hik\u00e2yesini anlatmak bir sanatt\u0131r. Bu sanat\u0131 ustal\u0131kla icra etmek, krizleri f\u0131rsata \u00e7evirmek, yat\u0131r\u0131mc\u0131 g\u00fcvenini in\u015fa etmek ve dijital d\u00f6n\u00fc\u015f\u00fcmle gelece\u011fe y\u00f6n vermek ise bir liderlik vizyonu gerektirir. Yat\u0131r\u0131mc\u0131 \u0130li\u015fkilerinin G\u00fcc\u00fc \u2013 S\u00fcrd\u00fcr\u00fclebilir Ba\u015far\u0131, sizi bu vizyonla bulu\u015fturuyor! Uluslararas\u0131 y\u00f6netim ve finans alan\u0131ndaki akademik ba\u015far\u0131lar\u0131n\u0131, k\u00fcresel i\u015f d\u00fcnyas\u0131ndaki deneyimleriyle birle\u015ftiren M\u00fcge Y\u00fccel, yat\u0131r\u0131mc\u0131 ili\u015fkilerini bir\u00e7ok boyutuyla ele al\u0131yor. Halka a\u00e7\u0131k \u015firketlerin hik\u00e2yesini do\u011fru anlatmaktan kriz y\u00f6netimine, hissedar ili\u015fkilerinden yapay zek\u00e2 ve dijital teknolojilerin yat\u0131r\u0131mc\u0131 ili\u015fkilerine entegrasyonuna kadar geni\u015f bir yelpazede bilgi sunuyor. Yat\u0131r\u0131mc\u0131 \u0130li\u015fkilerinin G\u00fcc\u00fc \u2013 S\u00fcrd\u00fcr\u00fclebilir Ba\u015far\u0131, sadece teoriye de\u011fil, uygulamaya y\u00f6nelik pratik ara\u00e7lara, kontrol listeleri ve \u015fablonlara da yer vererek sekt\u00f6rde fark yaratmak isteyen herkes i\u00e7in vazge\u00e7ilmez bir kaynak niteli\u011fi ta\u015f\u0131yor. E\u011fer sermaye piyasalar\u0131nda ses getiren ad\u0131mlar atmak, payda\u015flar\u0131n\u0131zla g\u00fc\u00e7l\u00fc ba\u011flar kurmak ve s\u00fcrd\u00fcr\u00fclebilir bir ba\u015far\u0131ya ula\u015fmak istiyorsan\u0131z, bu kitap tam size g\u00f6re.  \u015eimdi harekete ge\u00e7me zaman\u0131! Yat\u0131r\u0131mc\u0131 ili\u015fkilerinde proaktif, stratejik ve yenilik\u00e7i yakla\u015f\u0131mlar\u0131 benimseyerek kariyerinizde fark yarat\u0131n! <\/p>\n","protected":false},"excerpt":{"rendered":"<p>Yat\u0131r\u0131mc\u0131 ili\u015fkilerinde yeni bir anlay\u0131\u015f\u0131 ke\u015ffetmek i\u00e7in\u2026 Bir \u015firketin hik\u00e2yesini anlatmak bir sanatt\u0131r. Bu sanat\u0131 ustal\u0131kla icra etmek, krizleri f\u0131rsata \u00e7evirmek, yat\u0131r\u0131mc\u0131 g\u00fcvenini in\u015fa etmek ve<span class=\"excerpt-hellip\"> [\u2026]<\/span><\/p>\n","protected":false},"featured_media":0,"template":"","meta":{"_monsterinsights_skip_tracking":false,"_monsterinsights_sitenote_active":false,"_monsterinsights_sitenote_note":"","_monsterinsights_sitenote_category":0},"product_brand":[],"product_cat":[13043,17647],"product_tag":[],"class_list":{"0":"post-767197","1":"product","2":"type-product","3":"status-publish","5":"product_cat-ekonomi","6":"product_cat-is-dunyasi","7":"pa_cilt-ciltsiz","8":"pa_tur-kitap","9":"pa_yayinevi-dogan-solibri-yayinlari","10":"pa_yazar-muge-yucel","12":"first","13":"instock","14":"sale","15":"shipping-taxable","16":"purchasable","17":"product-type-simple"},"_links":{"self":[{"href":"https:\/\/roveyayinevi.com.tr\/index.php\/wp-json\/wp\/v2\/product\/767197","targetHints":{"allow":["GET"]}}],"collection":[{"href":"https:\/\/roveyayinevi.com.tr\/index.php\/wp-json\/wp\/v2\/product"}],"about":[{"href":"https:\/\/roveyayinevi.com.tr\/index.php\/wp-json\/wp\/v2\/types\/product"}],"wp:attachment":[{"href":"https:\/\/roveyayinevi.com.tr\/index.php\/wp-json\/wp\/v2\/media?parent=767197"}],"wp:term":[{"taxonomy":"product_brand","embeddable":true,"href":"https:\/\/roveyayinevi.com.tr\/index.php\/wp-json\/wp\/v2\/product_brand?post=767197"},{"taxonomy":"product_cat","embeddable":true,"href":"https:\/\/roveyayinevi.com.tr\/index.php\/wp-json\/wp\/v2\/product_cat?post=767197"},{"taxonomy":"product_tag","embeddable":true,"href":"https:\/\/roveyayinevi.com.tr\/index.php\/wp-json\/wp\/v2\/product_tag?post=767197"}],"curies":[{"name":"wp","href":"https:\/\/api.w.org\/{rel}","templated":true}]}}