{"id":767195,"date":"2025-08-28T12:39:34","date_gmt":"2025-08-28T09:39:34","guid":{"rendered":"https:\/\/roveyayinevi.com.tr\/index.php\/urun\/bay-hunerli\/"},"modified":"2026-04-15T03:32:49","modified_gmt":"2026-04-15T00:32:49","slug":"bay-hunerli","status":"publish","type":"product","link":"https:\/\/roveyayinevi.com.tr\/index.php\/urun\/bay-hunerli\/","title":{"rendered":"Bay H\u00fcnerli"},"content":{"rendered":"<p>Birbirinden farkl\u0131 \u00f6zelliklere sahip olmak bir toplumun renklerini olu\u015fturur elbette. Her birimiz farkl\u0131 fiziksel ve psikolojik \u00f6zelliklere sahibiz. Bunlar bazen avantajl\u0131 bazen de s\u0131k\u0131nt\u0131l\u0131 s\u00fcre\u00e7ler ya\u015famam\u0131za neden olabiliyor. \u00d6nemli olan, ya\u015fad\u0131\u011f\u0131m\u0131z her zorluk ya da olumsuzlu\u011fu olumluya \u00e7evirmek, hayat\u0131n her an\u0131n\u0131n fark\u0131na varmak ve ondan keyif almakt\u0131r. \u0130\u015fte Fark\u0131ndal\u0131k Serisi s\u0131cac\u0131k \u00f6yk\u00fclerle bize bunu anlat\u0131yor.<\/p>\n","protected":false},"excerpt":{"rendered":"<p>Birbirinden farkl\u0131 \u00f6zelliklere sahip olmak bir toplumun renklerini olu\u015fturur elbette. Her birimiz farkl\u0131 fiziksel ve psikolojik \u00f6zelliklere sahibiz. Bunlar bazen avantajl\u0131 bazen de s\u0131k\u0131nt\u0131l\u0131 s\u00fcre\u00e7ler ya\u015famam\u0131za<span class=\"excerpt-hellip\"> [\u2026]<\/span><\/p>\n","protected":false},"featured_media":0,"template":"","meta":{"_monsterinsights_skip_tracking":false,"_monsterinsights_sitenote_active":false,"_monsterinsights_sitenote_note":"","_monsterinsights_sitenote_category":0},"product_brand":[],"product_cat":[12274,12284],"product_tag":[],"class_list":{"0":"post-767195","1":"product","2":"type-product","3":"status-publish","5":"product_cat-cocuk-ve-genclik-kitaplari","6":"product_cat-hikayeler","7":"pa_cilt-ciltsiz","8":"pa_tur-kitap","9":"pa_yayinevi-altin-kitaplar-cocuk-kitaplari","10":"pa_yazar-sultan-serdar-doksoz-cemal-ozdemir","12":"first","13":"instock","14":"sale","15":"shipping-taxable","16":"purchasable","17":"product-type-simple"},"_links":{"self":[{"href":"https:\/\/roveyayinevi.com.tr\/index.php\/wp-json\/wp\/v2\/product\/767195","targetHints":{"allow":["GET"]}}],"collection":[{"href":"https:\/\/roveyayinevi.com.tr\/index.php\/wp-json\/wp\/v2\/product"}],"about":[{"href":"https:\/\/roveyayinevi.com.tr\/index.php\/wp-json\/wp\/v2\/types\/product"}],"wp:attachment":[{"href":"https:\/\/roveyayinevi.com.tr\/index.php\/wp-json\/wp\/v2\/media?parent=767195"}],"wp:term":[{"taxonomy":"product_brand","embeddable":true,"href":"https:\/\/roveyayinevi.com.tr\/index.php\/wp-json\/wp\/v2\/product_brand?post=767195"},{"taxonomy":"product_cat","embeddable":true,"href":"https:\/\/roveyayinevi.com.tr\/index.php\/wp-json\/wp\/v2\/product_cat?post=767195"},{"taxonomy":"product_tag","embeddable":true,"href":"https:\/\/roveyayinevi.com.tr\/index.php\/wp-json\/wp\/v2\/product_tag?post=767195"}],"curies":[{"name":"wp","href":"https:\/\/api.w.org\/{rel}","templated":true}]}}