{"id":767194,"date":"2025-08-28T12:39:31","date_gmt":"2025-08-28T09:39:31","guid":{"rendered":"https:\/\/roveyayinevi.com.tr\/index.php\/urun\/gunbatiminda\/"},"modified":"2026-04-15T03:32:49","modified_gmt":"2026-04-15T00:32:49","slug":"gunbatiminda","status":"publish","type":"product","link":"https:\/\/roveyayinevi.com.tr\/index.php\/urun\/gunbatiminda\/","title":{"rendered":"G\u00fcnbat\u0131m\u0131nda"},"content":{"rendered":"<p>Hwang Sok-yong, 1943\u2019te C\u0327in\u2019de dog\u0306du. Ailesi 1945\u2019te Kore\u2019ye geri do\u0308ndu\u0308. Dongguk U\u0308niversitesi\u2019nde felsefe o\u0308g\u0306renimi go\u0308ren ya- zar, Vietnam Savas\u0327\u0131\u2019na kat\u0131ld\u0131. Yazarl\u0131g\u0306\u0131n\u0131n yan\u0131nda, u\u0308lkesinde insan haklar\u0131 ve demokrasi savas\u0327\u0131 verdi. Go\u0308nu\u0308llu\u0308 su\u0308rgu\u0308nle New York\u2019ta ve Berlin\u2019de yas\u0327ad\u0131. 1993\u2019te Seul\u2019e do\u0308ndu\u0308g\u0306u\u0308nde hu\u0308ku\u0308m giydi ve 1998\u2019de o\u0308zel afla sal\u0131verilinceye dek cezaevinde kald\u0131. Aralar\u0131nda PEN ve Amnesty International\u2019\u0131n da oldug\u0306u pek c\u0327ok kurulus\u0327, serbest kalmas\u0131 ic\u0327in kampanyalar du\u0308zenledi. Eserlerinde s\u0131kl\u0131kla yurtsuzluk temas\u0131n\u0131 is\u0327leyen Hwang Sok-yong hem gu\u0308neyde hem de kuzeyde c\u0327ok sevil- mektedir. Seul\u2019de yas\u0327ayan yazar\u0131n kitaplar\u0131 pek c\u0327ok ulusal edebiyat o\u0308du\u0308lu\u0308ne deg\u0306er go\u0308ru\u0308lmu\u0308s\u0327tu\u0308r. <\/p>\n","protected":false},"excerpt":{"rendered":"<p>Hwang Sok-yong, 1943\u2019te C\u0327in\u2019de dog\u0306du. Ailesi 1945\u2019te Kore\u2019ye geri do\u0308ndu\u0308. Dongguk U\u0308niversitesi\u2019nde felsefe o\u0308g\u0306renimi go\u0308ren ya- zar, Vietnam Savas\u0327\u0131\u2019na kat\u0131ld\u0131. Yazarl\u0131g\u0306\u0131n\u0131n yan\u0131nda, u\u0308lkesinde insan haklar\u0131 ve<span class=\"excerpt-hellip\"> [\u2026]<\/span><\/p>\n","protected":false},"featured_media":0,"template":"","meta":{"_monsterinsights_skip_tracking":false,"_monsterinsights_sitenote_active":false,"_monsterinsights_sitenote_note":"","_monsterinsights_sitenote_category":0},"product_brand":[],"product_cat":[12291,12711],"product_tag":[],"class_list":{"0":"post-767194","1":"product","2":"type-product","3":"status-publish","5":"product_cat-edebiyat","6":"product_cat-roman-oyku","7":"pa_cilt-ciltsiz","8":"pa_tur-kitap","9":"pa_yayinevi-dogan-kitap","10":"pa_yazar-hwang-sok-yong","12":"first","13":"instock","14":"sale","15":"shipping-taxable","16":"purchasable","17":"product-type-simple"},"_links":{"self":[{"href":"https:\/\/roveyayinevi.com.tr\/index.php\/wp-json\/wp\/v2\/product\/767194","targetHints":{"allow":["GET"]}}],"collection":[{"href":"https:\/\/roveyayinevi.com.tr\/index.php\/wp-json\/wp\/v2\/product"}],"about":[{"href":"https:\/\/roveyayinevi.com.tr\/index.php\/wp-json\/wp\/v2\/types\/product"}],"wp:attachment":[{"href":"https:\/\/roveyayinevi.com.tr\/index.php\/wp-json\/wp\/v2\/media?parent=767194"}],"wp:term":[{"taxonomy":"product_brand","embeddable":true,"href":"https:\/\/roveyayinevi.com.tr\/index.php\/wp-json\/wp\/v2\/product_brand?post=767194"},{"taxonomy":"product_cat","embeddable":true,"href":"https:\/\/roveyayinevi.com.tr\/index.php\/wp-json\/wp\/v2\/product_cat?post=767194"},{"taxonomy":"product_tag","embeddable":true,"href":"https:\/\/roveyayinevi.com.tr\/index.php\/wp-json\/wp\/v2\/product_tag?post=767194"}],"curies":[{"name":"wp","href":"https:\/\/api.w.org\/{rel}","templated":true}]}}