{"id":767186,"date":"2025-08-28T12:39:18","date_gmt":"2025-08-28T09:39:18","guid":{"rendered":"https:\/\/roveyayinevi.com.tr\/index.php\/urun\/turkiyede-genc-olmak\/"},"modified":"2026-04-15T03:32:48","modified_gmt":"2026-04-15T00:32:48","slug":"turkiyede-genc-olmak","status":"publish","type":"product","link":"https:\/\/roveyayinevi.com.tr\/index.php\/urun\/turkiyede-genc-olmak\/","title":{"rendered":"T\u00fcrkiye\u2019de Gen\u00e7 Olmak"},"content":{"rendered":"<p>2018 y\u0131l\u0131nda yay\u0131mlanan A\u00e7\u0131l\u0131n Gen\u00e7ler Geliyor: Y ve Z Nesilleri Nas\u0131l Bir Du\u0308nya Kuracak? kitab\u0131n\u0131n devam\u0131 niteli\u011finde olan bu \u00e7al\u0131\u015fma, 2024 y\u0131l\u0131 Sia Insight T\u00fcrkiye Gen\u00e7lik Ara\u015ft\u0131rmas\u0131\u2019n\u0131n sonu\u00e7lar\u0131n\u0131 temel al\u0131yor.     \u00dc\u00e7 b\u00f6l\u00fcmden olu\u015fan kitapta gen\u00e7lerin toplumsal de\u011ferleri, bug\u00fcne ve gelece\u011fe bak\u0131\u015flar\u0131, ba\u015fta aile ve evlilik olmak \u00fczere, e\u011fitim, i\u015f hayat\u0131, din ve medyayla ili\u015fkileri analiz edilirken, 2017\u2019den bu yana ekonomik ve sosyal ko\u015fullar\u0131n gen\u00e7ler \u00fczerindeki etkilerine de dikkat \u00e7ekiliyor.      Kitapta ayr\u0131ca gen\u00e7lik \u00e7al\u0131\u015fmalar\u0131 i\u00e7in rol modeller sunmak ve bir ar\u015fiv olu\u015fturmak amac\u0131yla, gen\u00e7lere y\u00f6nelik \u00e7al\u0131\u015fmalar yapan sivil toplum kurulu\u015flar\u0131na da yer veriliyor. Bunun yan\u0131 s\u0131ra gen\u00e7lere umut vermek ve yeti\u015fkinlere ilham kayna\u011f\u0131 olmak i\u00e7in \u00f6zel sekt\u00f6r kurulu\u015flar\u0131n\u0131n gen\u00e7ler i\u00e7in geli\u015ftirdi\u011fi sosyal sorumluluk projeleri de payla\u015f\u0131l\u0131yor.    T\u00fcrkiye\u2019de Gen\u00e7 Olmak, gen\u00e7lerin d\u00fcnyas\u0131n\u0131 anlamay\u0131 ve onlar i\u00e7in daha iyi bir gelecek in\u015fa etmeyi ama\u00e7layan ola\u011fan\u00fcst\u00fc bir \u00e7al\u0131\u015fma. <\/p>\n","protected":false},"excerpt":{"rendered":"<p>2018 y\u0131l\u0131nda yay\u0131mlanan A\u00e7\u0131l\u0131n Gen\u00e7ler Geliyor: Y ve Z Nesilleri Nas\u0131l Bir Du\u0308nya Kuracak? kitab\u0131n\u0131n devam\u0131 niteli\u011finde olan bu \u00e7al\u0131\u015fma, 2024 y\u0131l\u0131 Sia Insight T\u00fcrkiye Gen\u00e7lik<span class=\"excerpt-hellip\"> [\u2026]<\/span><\/p>\n","protected":false},"featured_media":0,"template":"","meta":{"_monsterinsights_skip_tracking":false,"_monsterinsights_sitenote_active":false,"_monsterinsights_sitenote_note":"","_monsterinsights_sitenote_category":0},"product_brand":[],"product_cat":[14787,13488],"product_tag":[],"class_list":{"0":"post-767186","1":"product","2":"type-product","3":"status-publish","5":"product_cat-diger-toplum-ve-insan","6":"product_cat-toplum-ve-insan","7":"pa_cilt-ciltsiz","8":"pa_tur-kitap","9":"pa_yayinevi-ceo-plus","10":"pa_yazar-fatos-karahasan","12":"first","13":"instock","14":"sale","15":"shipping-taxable","16":"purchasable","17":"product-type-simple"},"_links":{"self":[{"href":"https:\/\/roveyayinevi.com.tr\/index.php\/wp-json\/wp\/v2\/product\/767186","targetHints":{"allow":["GET"]}}],"collection":[{"href":"https:\/\/roveyayinevi.com.tr\/index.php\/wp-json\/wp\/v2\/product"}],"about":[{"href":"https:\/\/roveyayinevi.com.tr\/index.php\/wp-json\/wp\/v2\/types\/product"}],"wp:attachment":[{"href":"https:\/\/roveyayinevi.com.tr\/index.php\/wp-json\/wp\/v2\/media?parent=767186"}],"wp:term":[{"taxonomy":"product_brand","embeddable":true,"href":"https:\/\/roveyayinevi.com.tr\/index.php\/wp-json\/wp\/v2\/product_brand?post=767186"},{"taxonomy":"product_cat","embeddable":true,"href":"https:\/\/roveyayinevi.com.tr\/index.php\/wp-json\/wp\/v2\/product_cat?post=767186"},{"taxonomy":"product_tag","embeddable":true,"href":"https:\/\/roveyayinevi.com.tr\/index.php\/wp-json\/wp\/v2\/product_tag?post=767186"}],"curies":[{"name":"wp","href":"https:\/\/api.w.org\/{rel}","templated":true}]}}