{"id":767185,"date":"2025-08-28T12:39:16","date_gmt":"2025-08-28T09:39:16","guid":{"rendered":"https:\/\/roveyayinevi.com.tr\/index.php\/urun\/incirlik-yazi\/"},"modified":"2026-04-15T03:32:48","modified_gmt":"2026-04-15T00:32:48","slug":"incirlik-yazi","status":"publish","type":"product","link":"https:\/\/roveyayinevi.com.tr\/index.php\/urun\/incirlik-yazi\/","title":{"rendered":"\u0130ncirlik Yaz\u0131"},"content":{"rendered":"<p>Belki sonra olanlar olmasa ge\u00e7ip gidecek, unutulacakt\u0131 bu olay.   Sadece Alin\u2019in m\u0131z\u0131rdanmalar\u0131 kalacakt\u0131 ya da babam\u0131n ona so\u011fuk davranmalar\u0131. Mum\u00e7i\u00e7e\u011fi olamam\u0131\u015f, ne kadar verimli olursa olsun \u00c7ukurova topra\u011f\u0131na ekildi\u011finde bitememi\u015f, kendini iyi bir \u00f6\u011fretmen olmaya ve bizi yeti\u015ftirmeye, kendince bir hayat yaratmaya adayan annemin yine araya girmeleri, sonra t\u0131pk\u0131 babam gibi kendi kabu\u011funa \u00e7ekilmeleri&#8230;   Onlar sadece iki k\u0131r\u0131lgan s\u00fcm\u00fckl\u00fcb\u00f6cekti, de\u011fi\u015fir g\u00f6r\u00fcnseler de hep ayn\u0131 kalan evlerinde. Yel olup kavuran, dalga olup \u00e7arpan Adana\u2019n\u0131n s\u0131ca\u011f\u0131nda, 1995 y\u0131l\u0131nda gen\u00e7 bir avukat\u0131n m\u00fcvekkiliyle bulu\u015fmas\u0131yla ba\u015flar hik\u00e2ye. \u0130ncirlik \u00dcss\u00fc\u2019n\u00fcn g\u00f6lgesinde, d\u00f6n\u00fc\u015fen \u015fehrin 1966\u2019s\u0131na savruluruz sonra, bitmi\u015f gitmi\u015f bir ac\u0131 olaya \u015fahit yazar bizi Ta\u00e7l\u0131 Yaz\u0131c\u0131o\u011flu. 1983 Haziran\u2019\u0131na geldi\u011fimizde kahraman\u0131m\u0131z Belgi al\u0131r s\u00f6z\u00fc, on bir ya\u015f\u0131n\u0131n safl\u0131\u011f\u0131, zek\u00e2s\u0131 ve hevesk\u00e2r g\u00f6zlem g\u00fcc\u00fcyle. Annesi, babas\u0131 ve ablas\u0131 Alin ile ya\u015fad\u0131klar\u0131 Eser Apartman\u0131\u2019na ta\u015f\u0131nan bir Amerikal\u0131n\u0131n ve o siyah Converse\u2019li gencin b\u00fct\u00fcn ya\u015famlar\u0131n\u0131 ba\u015ftan sona de\u011fi\u015ftirece\u011finin hen\u00fcz ne kendisi ne de di\u011ferleri fark\u0131ndad\u0131r.   Ta\u00e7l\u0131 Yaz\u0131c\u0131o\u011flu ikinci roman\u0131yla, y\u0131ld\u0131z sarma\u015f\u0131\u011f\u0131 gecelerde, incir g\u00f6lgelerinde, dam serinliklerinde saklanan kederli s\u0131rlar\u0131, bilinmeyen ya da g\u00f6rmezden gelinen Adana\u2019y\u0131 cesur bir naiflikle, hi\u00e7 yaz\u0131lmad\u0131\u011f\u0131 gibi yaz\u0131yor. Bamba\u015fka bir Adana roman\u0131 arma\u011fan ediyor edebiyat\u0131m\u0131za. <\/p>\n","protected":false},"excerpt":{"rendered":"<p>Belki sonra olanlar olmasa ge\u00e7ip gidecek, unutulacakt\u0131 bu olay. Sadece Alin\u2019in m\u0131z\u0131rdanmalar\u0131 kalacakt\u0131 ya da babam\u0131n ona so\u011fuk davranmalar\u0131. Mum\u00e7i\u00e7e\u011fi olamam\u0131\u015f, ne kadar verimli olursa olsun<span class=\"excerpt-hellip\"> [\u2026]<\/span><\/p>\n","protected":false},"featured_media":0,"template":"","meta":{"_monsterinsights_skip_tracking":false,"_monsterinsights_sitenote_active":false,"_monsterinsights_sitenote_note":"","_monsterinsights_sitenote_category":0},"product_brand":[],"product_cat":[12291,12711],"product_tag":[],"class_list":{"0":"post-767185","1":"product","2":"type-product","3":"status-publish","5":"product_cat-edebiyat","6":"product_cat-roman-oyku","7":"pa_cilt-ciltsiz","8":"pa_tur-kitap","9":"pa_yayinevi-dogan-kitap","10":"pa_yazar-tacli-yazicioglu","12":"first","13":"instock","14":"sale","15":"shipping-taxable","16":"purchasable","17":"product-type-simple"},"_links":{"self":[{"href":"https:\/\/roveyayinevi.com.tr\/index.php\/wp-json\/wp\/v2\/product\/767185","targetHints":{"allow":["GET"]}}],"collection":[{"href":"https:\/\/roveyayinevi.com.tr\/index.php\/wp-json\/wp\/v2\/product"}],"about":[{"href":"https:\/\/roveyayinevi.com.tr\/index.php\/wp-json\/wp\/v2\/types\/product"}],"wp:attachment":[{"href":"https:\/\/roveyayinevi.com.tr\/index.php\/wp-json\/wp\/v2\/media?parent=767185"}],"wp:term":[{"taxonomy":"product_brand","embeddable":true,"href":"https:\/\/roveyayinevi.com.tr\/index.php\/wp-json\/wp\/v2\/product_brand?post=767185"},{"taxonomy":"product_cat","embeddable":true,"href":"https:\/\/roveyayinevi.com.tr\/index.php\/wp-json\/wp\/v2\/product_cat?post=767185"},{"taxonomy":"product_tag","embeddable":true,"href":"https:\/\/roveyayinevi.com.tr\/index.php\/wp-json\/wp\/v2\/product_tag?post=767185"}],"curies":[{"name":"wp","href":"https:\/\/api.w.org\/{rel}","templated":true}]}}