{"id":767184,"date":"2025-08-28T12:39:15","date_gmt":"2025-08-28T09:39:15","guid":{"rendered":"https:\/\/roveyayinevi.com.tr\/index.php\/urun\/stratejik-aklin-el-kitabi\/"},"modified":"2026-04-15T03:32:48","modified_gmt":"2026-04-15T00:32:48","slug":"stratejik-aklin-el-kitabi","status":"publish","type":"product","link":"https:\/\/roveyayinevi.com.tr\/index.php\/urun\/stratejik-aklin-el-kitabi\/","title":{"rendered":"Stratejik Akl\u0131n El Kitab\u0131"},"content":{"rendered":"<p>Bu kitab\u0131n herhangi bir strateji kitab\u0131 de\u011fil de &#8220;el kitab\u0131\u201d olmas\u0131n\u0131n bir nedeni var.Stratejiyi bir d\u00fc\u015f\u00fcnme y\u00f6ntemi olarak g\u00f6rmesi. G\u00fcn\u00fcm\u00fcz\u00fcn karma\u015f\u0131k d\u00fcnyas\u0131nda, yo\u011fun bilgi ak\u0131\u015f\u0131i\u00e7erisinde ve s\u00fcrekli de\u011fi\u015fen \u015fartlar alt\u0131nda bizi bekleyenbir\u00e7ok karar var. Etkili d\u00fc\u015f\u00fcnmek ve do\u011fru karar vermekbug\u00fcn her zamankinden daha \u00f6nemli. Neyse ki bu do\u011fu\u015ftangelen bir yetenek de\u011fil, \u00f6\u011frenilebilir bir beceri. Nas\u0131l kararverdi\u011fimizin fark\u0131na var\u0131p, nas\u0131l karar vermemiz gerekti\u011fini \u00f6\u011frenmemiz m\u00fcmk\u00fcn. Dr. Ceyhun Emre Do\u011fru uzun y\u0131llar boyunca karar vericilerleyapt\u0131\u011f\u0131 \u00e7al\u0131\u015fmalar, inceledi\u011fi bilimsel ara\u015ft\u0131rmalar, verdi\u011fie\u011fitimler ve g\u00f6zlemledi\u011fi olaylardan yola \u00e7\u0131karak bir yolharitas\u0131 sunuyor. \u0130\u015f d\u00fcnyas\u0131nda ve \u00f6zel hayatta do\u011frukararlar vermek i\u00e7in uygulanabilir y\u00f6ntemler \u00f6neriyor. Stratejik Akl\u0131n El Kitab\u0131, sadece stratejik kararlar vereny\u00f6neticiler i\u00e7in de\u011fil; kendi hayat\u0131nda stratejik d\u00fc\u015f\u00fcnmening\u00fcc\u00fcn\u00fc ke\u015ffetmek isteyen herkes i\u00e7in bir rehber.<\/p>\n","protected":false},"excerpt":{"rendered":"<p>Bu kitab\u0131n herhangi bir strateji kitab\u0131 de\u011fil de &#8220;el kitab\u0131\u201d olmas\u0131n\u0131n bir nedeni var.Stratejiyi bir d\u00fc\u015f\u00fcnme y\u00f6ntemi olarak g\u00f6rmesi. G\u00fcn\u00fcm\u00fcz\u00fcn karma\u015f\u0131k d\u00fcnyas\u0131nda, yo\u011fun bilgi ak\u0131\u015f\u0131i\u00e7erisinde ve<span class=\"excerpt-hellip\"> [\u2026]<\/span><\/p>\n","protected":false},"featured_media":0,"template":"","meta":{"_monsterinsights_skip_tracking":false,"_monsterinsights_sitenote_active":false,"_monsterinsights_sitenote_note":"","_monsterinsights_sitenote_category":0},"product_brand":[],"product_cat":[12364,12376],"product_tag":[],"class_list":{"0":"post-767184","1":"product","2":"type-product","3":"status-publish","5":"product_cat-genel-konular","6":"product_cat-kisisel-gelisim","7":"pa_cilt-ciltsiz","8":"pa_tur-kitap","9":"pa_yayinevi-epsilon-yayinlari","10":"pa_yazar-ceyhun-emre-dogru","12":"first","13":"instock","14":"sale","15":"shipping-taxable","16":"purchasable","17":"product-type-simple"},"_links":{"self":[{"href":"https:\/\/roveyayinevi.com.tr\/index.php\/wp-json\/wp\/v2\/product\/767184","targetHints":{"allow":["GET"]}}],"collection":[{"href":"https:\/\/roveyayinevi.com.tr\/index.php\/wp-json\/wp\/v2\/product"}],"about":[{"href":"https:\/\/roveyayinevi.com.tr\/index.php\/wp-json\/wp\/v2\/types\/product"}],"wp:attachment":[{"href":"https:\/\/roveyayinevi.com.tr\/index.php\/wp-json\/wp\/v2\/media?parent=767184"}],"wp:term":[{"taxonomy":"product_brand","embeddable":true,"href":"https:\/\/roveyayinevi.com.tr\/index.php\/wp-json\/wp\/v2\/product_brand?post=767184"},{"taxonomy":"product_cat","embeddable":true,"href":"https:\/\/roveyayinevi.com.tr\/index.php\/wp-json\/wp\/v2\/product_cat?post=767184"},{"taxonomy":"product_tag","embeddable":true,"href":"https:\/\/roveyayinevi.com.tr\/index.php\/wp-json\/wp\/v2\/product_tag?post=767184"}],"curies":[{"name":"wp","href":"https:\/\/api.w.org\/{rel}","templated":true}]}}