{"id":767181,"date":"2025-08-28T12:39:10","date_gmt":"2025-08-28T09:39:10","guid":{"rendered":"https:\/\/roveyayinevi.com.tr\/index.php\/urun\/gokkusagi-perileri-4-yesil-peri-zumrut\/"},"modified":"2026-04-15T03:32:48","modified_gmt":"2026-04-15T00:32:48","slug":"gokkusagi-perileri-4-yesil-peri-zumrut","status":"publish","type":"product","link":"https:\/\/roveyayinevi.com.tr\/index.php\/urun\/gokkusagi-perileri-4-yesil-peri-zumrut\/","title":{"rendered":"G\u00f6kku\u015fa\u011f\u0131 Perileri 4 &#8211; Ye\u015fil Peri Z\u00fcmr\u00fct"},"content":{"rendered":"<p>R\u00fcya ve K\u0131v\u0131lc\u0131m&#8217;\u0131n G\u00f6kku\u015fa\u011f\u0131 Perilerini bulmalar\u0131na yard\u0131m eder misiniz?R\u00fcya ve K\u0131v\u0131lc\u0131m, labirentte Ye\u015fil Peri Z\u00fcmr\u00fct\u2019e ait peri tozlar\u0131n\u0131 takip ederler fakat bu izleritakip eden sadece onlar de\u011fildir. Acaba Ye\u015fil Peri Z\u00fcmr\u00fct\u2019\u00fcn kurtar\u0131lmas\u0131nahangi sevimli dostlar yard\u0131m edecektir?G\u00f6kku\u015fa\u011f\u0131 Perileri&#8230;Ne\u015feli, heyecanl\u0131, sihirli bir dizi.<\/p>\n","protected":false},"excerpt":{"rendered":"<p>R\u00fcya ve K\u0131v\u0131lc\u0131m&#8217;\u0131n G\u00f6kku\u015fa\u011f\u0131 Perilerini bulmalar\u0131na yard\u0131m eder misiniz?R\u00fcya ve K\u0131v\u0131lc\u0131m, labirentte Ye\u015fil Peri Z\u00fcmr\u00fct\u2019e ait peri tozlar\u0131n\u0131 takip ederler fakat bu izleritakip eden sadece onlar<span class=\"excerpt-hellip\"> [\u2026]<\/span><\/p>\n","protected":false},"featured_media":0,"template":"","meta":{"_monsterinsights_skip_tracking":false,"_monsterinsights_sitenote_active":false,"_monsterinsights_sitenote_note":"","_monsterinsights_sitenote_category":0},"product_brand":[],"product_cat":[12274,12284],"product_tag":[],"class_list":{"0":"post-767181","1":"product","2":"type-product","3":"status-publish","5":"product_cat-cocuk-ve-genclik-kitaplari","6":"product_cat-hikayeler","7":"pa_cilt-ciltsiz","8":"pa_tur-kitap","9":"pa_yayinevi-beyaz-balina-yayinlari","10":"pa_yazar-daisy-meadows","12":"first","13":"instock","14":"sale","15":"shipping-taxable","16":"purchasable","17":"product-type-simple"},"_links":{"self":[{"href":"https:\/\/roveyayinevi.com.tr\/index.php\/wp-json\/wp\/v2\/product\/767181","targetHints":{"allow":["GET"]}}],"collection":[{"href":"https:\/\/roveyayinevi.com.tr\/index.php\/wp-json\/wp\/v2\/product"}],"about":[{"href":"https:\/\/roveyayinevi.com.tr\/index.php\/wp-json\/wp\/v2\/types\/product"}],"wp:attachment":[{"href":"https:\/\/roveyayinevi.com.tr\/index.php\/wp-json\/wp\/v2\/media?parent=767181"}],"wp:term":[{"taxonomy":"product_brand","embeddable":true,"href":"https:\/\/roveyayinevi.com.tr\/index.php\/wp-json\/wp\/v2\/product_brand?post=767181"},{"taxonomy":"product_cat","embeddable":true,"href":"https:\/\/roveyayinevi.com.tr\/index.php\/wp-json\/wp\/v2\/product_cat?post=767181"},{"taxonomy":"product_tag","embeddable":true,"href":"https:\/\/roveyayinevi.com.tr\/index.php\/wp-json\/wp\/v2\/product_tag?post=767181"}],"curies":[{"name":"wp","href":"https:\/\/api.w.org\/{rel}","templated":true}]}}