{"id":767178,"date":"2025-08-28T12:39:05","date_gmt":"2025-08-28T09:39:05","guid":{"rendered":"https:\/\/roveyayinevi.com.tr\/index.php\/urun\/dur-canavar-ciltli\/"},"modified":"2026-04-15T03:32:48","modified_gmt":"2026-04-15T00:32:48","slug":"dur-canavar-ciltli","status":"publish","type":"product","link":"https:\/\/roveyayinevi.com.tr\/index.php\/urun\/dur-canavar-ciltli\/","title":{"rendered":"Dur! Canavar! (Ciltli)"},"content":{"rendered":"<p>Resimli kitap ustas\u0131 Mark Janssen\u2019den muzip, e\u011flenceli ve heyecan verici bir hik\u00e2ye: Dur! Canavar! \u0130ki k\u0131z karde\u015f, hurdayla dolu bir arabadan kurtulmak i\u00e7in yola \u00e7\u0131karlar. Ancak yolda b\u00fcy\u00fck ve korkun\u00e7 canavarlar onlar\u0131 durdurmaya \u00e7al\u0131\u015f\u0131r. Peki bu korkun\u00e7 yarat\u0131klar neyin pe\u015findedir dersiniz? K\u0131zlar onlara kafa tutmay\u0131 ba\u015farabilecek midir? Hepsinin cevab\u0131 bu kitapta! <\/p>\n","protected":false},"excerpt":{"rendered":"<p>Resimli kitap ustas\u0131 Mark Janssen\u2019den muzip, e\u011flenceli ve heyecan verici bir hik\u00e2ye: Dur! Canavar! \u0130ki k\u0131z karde\u015f, hurdayla dolu bir arabadan kurtulmak i\u00e7in yola \u00e7\u0131karlar. Ancak<span class=\"excerpt-hellip\"> [\u2026]<\/span><\/p>\n","protected":false},"featured_media":0,"template":"","meta":{"_monsterinsights_skip_tracking":false,"_monsterinsights_sitenote_active":false,"_monsterinsights_sitenote_note":"","_monsterinsights_sitenote_category":0},"product_brand":[],"product_cat":[12274,12518],"product_tag":[],"class_list":{"0":"post-767178","1":"product","2":"type-product","3":"status-publish","5":"product_cat-cocuk-ve-genclik-kitaplari","6":"product_cat-okul-oncesi-kitaplar","7":"pa_cilt-ciltli","8":"pa_tur-kitap","9":"pa_yayinevi-can-cocuk-yayinlari","10":"pa_yazar-mark-janssen","12":"first","13":"instock","14":"sale","15":"shipping-taxable","16":"purchasable","17":"product-type-simple"},"_links":{"self":[{"href":"https:\/\/roveyayinevi.com.tr\/index.php\/wp-json\/wp\/v2\/product\/767178","targetHints":{"allow":["GET"]}}],"collection":[{"href":"https:\/\/roveyayinevi.com.tr\/index.php\/wp-json\/wp\/v2\/product"}],"about":[{"href":"https:\/\/roveyayinevi.com.tr\/index.php\/wp-json\/wp\/v2\/types\/product"}],"wp:attachment":[{"href":"https:\/\/roveyayinevi.com.tr\/index.php\/wp-json\/wp\/v2\/media?parent=767178"}],"wp:term":[{"taxonomy":"product_brand","embeddable":true,"href":"https:\/\/roveyayinevi.com.tr\/index.php\/wp-json\/wp\/v2\/product_brand?post=767178"},{"taxonomy":"product_cat","embeddable":true,"href":"https:\/\/roveyayinevi.com.tr\/index.php\/wp-json\/wp\/v2\/product_cat?post=767178"},{"taxonomy":"product_tag","embeddable":true,"href":"https:\/\/roveyayinevi.com.tr\/index.php\/wp-json\/wp\/v2\/product_tag?post=767178"}],"curies":[{"name":"wp","href":"https:\/\/api.w.org\/{rel}","templated":true}]}}