{"id":767177,"date":"2025-08-28T12:39:03","date_gmt":"2025-08-28T09:39:03","guid":{"rendered":"https:\/\/roveyayinevi.com.tr\/index.php\/urun\/tarihi-ve-kulturel-yasamiyla-karadurmuslu-koyu\/"},"modified":"2026-04-15T03:32:48","modified_gmt":"2026-04-15T00:32:48","slug":"tarihi-ve-kulturel-yasamiyla-karadurmuslu-koyu","status":"publish","type":"product","link":"https:\/\/roveyayinevi.com.tr\/index.php\/urun\/tarihi-ve-kulturel-yasamiyla-karadurmuslu-koyu\/","title":{"rendered":"Tarihi ve K\u00fclt\u00fcrel Ya\u015fam\u0131yla Karadurmu\u015flu  K\u00f6y\u00fc"},"content":{"rendered":"<p>K\u00f6y\u00fcm\u00fcz B\u00fcy\u00fck\u015fehir Kanunu gere\u011fince 2014\u2019te K\u0131r\u0131khan\u2019\u0131n Karadurmu\u015flu Mahallesi olmu\u015ftur. Yeni a\u00e7\u0131lan i\u015f yerleriyle, ula\u015f\u0131m\u0131n daha da kolayla\u015fmas\u0131yla; televizyon, telefon ve internetin kullan\u0131m\u0131n\u0131n yayg\u0131nla\u015fmas\u0131yla, medya ara\u00e7lar\u0131n\u0131n kullan\u0131m\u0131n\u0131n artmas\u0131yla h\u0131zla \u015fehirle\u015fmektedir. Art\u0131k hik\u00e2yeler, masallar, destanlar vs. anlat\u0131lm\u0131yor, \u00e7ocuk oyunlar\u0131 oynanm\u0131yor. Derlemeleri zaman\u0131nda yapt\u0131\u011f\u0131m, zaman\u0131m\u0131z gen\u00e7li\u011fine ve gelecek nesillere k\u00f6y\u00fcm\u00fc, k\u00f6y\u00fcm\u00fcn insan\u0131n\u0131 b\u00fct\u00fcn y\u00f6nleriyle aktard\u0131\u011f\u0131m i\u00e7in kendimi \u015fansl\u0131 kabul ediyorum. Cemil EK\u0130YOR<\/p>\n","protected":false},"excerpt":{"rendered":"<p>K\u00f6y\u00fcm\u00fcz B\u00fcy\u00fck\u015fehir Kanunu gere\u011fince 2014\u2019te K\u0131r\u0131khan\u2019\u0131n Karadurmu\u015flu Mahallesi olmu\u015ftur. Yeni a\u00e7\u0131lan i\u015f yerleriyle, ula\u015f\u0131m\u0131n daha da kolayla\u015fmas\u0131yla; televizyon, telefon ve internetin kullan\u0131m\u0131n\u0131n yayg\u0131nla\u015fmas\u0131yla, medya ara\u00e7lar\u0131n\u0131n kullan\u0131m\u0131n\u0131n<span class=\"excerpt-hellip\"> [\u2026]<\/span><\/p>\n","protected":false},"featured_media":0,"template":"","meta":{"_monsterinsights_skip_tracking":false,"_monsterinsights_sitenote_active":false,"_monsterinsights_sitenote_note":"","_monsterinsights_sitenote_category":0},"product_brand":[],"product_cat":[12325,12324],"product_tag":[],"class_list":{"0":"post-767177","1":"product","2":"type-product","3":"status-publish","5":"product_cat-diger-sosyoloji","6":"product_cat-sosyoloji","7":"pa_cilt-ciltsiz","8":"pa_tur-kitap","9":"pa_yayinevi-alfa-yayinlari","10":"pa_yazar-cemil-ekiyor","12":"first","13":"instock","14":"sale","15":"shipping-taxable","16":"purchasable","17":"product-type-simple"},"_links":{"self":[{"href":"https:\/\/roveyayinevi.com.tr\/index.php\/wp-json\/wp\/v2\/product\/767177","targetHints":{"allow":["GET"]}}],"collection":[{"href":"https:\/\/roveyayinevi.com.tr\/index.php\/wp-json\/wp\/v2\/product"}],"about":[{"href":"https:\/\/roveyayinevi.com.tr\/index.php\/wp-json\/wp\/v2\/types\/product"}],"wp:attachment":[{"href":"https:\/\/roveyayinevi.com.tr\/index.php\/wp-json\/wp\/v2\/media?parent=767177"}],"wp:term":[{"taxonomy":"product_brand","embeddable":true,"href":"https:\/\/roveyayinevi.com.tr\/index.php\/wp-json\/wp\/v2\/product_brand?post=767177"},{"taxonomy":"product_cat","embeddable":true,"href":"https:\/\/roveyayinevi.com.tr\/index.php\/wp-json\/wp\/v2\/product_cat?post=767177"},{"taxonomy":"product_tag","embeddable":true,"href":"https:\/\/roveyayinevi.com.tr\/index.php\/wp-json\/wp\/v2\/product_tag?post=767177"}],"curies":[{"name":"wp","href":"https:\/\/api.w.org\/{rel}","templated":true}]}}