{"id":767176,"date":"2025-08-28T12:39:01","date_gmt":"2025-08-28T09:39:01","guid":{"rendered":"https:\/\/roveyayinevi.com.tr\/index.php\/urun\/komitaci\/"},"modified":"2026-04-15T03:32:48","modified_gmt":"2026-04-15T00:32:48","slug":"komitaci","status":"publish","type":"product","link":"https:\/\/roveyayinevi.com.tr\/index.php\/urun\/komitaci\/","title":{"rendered":"Komitac\u0131"},"content":{"rendered":"<p>\u201cBurada pi\u015fman olmak da anlams\u0131z.\u201d   Reha \u00c7amuro\u011flu, \u201cSon Yeni\u00e7eri\u201d serisinin \u00fc\u00e7\u00fcnc\u00fc kitab\u0131 Komitac\u0131\u2019da \u00e2deta bir tarih sahnesi kurup spot \u0131\u015f\u0131\u011f\u0131n\u0131 1911-1991 aras\u0131na tutuyor. Romanda, Osmanl\u0131\u2019dan Cumhuriyet\u2019e uzanan yolda suikastlar\u0131n, idamlar\u0131n, devrim ve ihtilallerin \u015fekil verdi\u011fi siyaset, 70\u2019lerin gen\u00e7 militan\u0131 \u201cKomitac\u0131\u201d lakapl\u0131 Cengiz\u2019in g\u00f6z\u00fcnden aktar\u0131l\u0131yor. Tarih tekerr\u00fcrden ibaret midir? Cengiz, \u00f6rg\u00fct i\u00e7inde ve d\u0131\u015f\u0131nda sordu\u011fu sorularla bizi bu tekerr\u00fcr ve \u00fcmit hakk\u0131nda d\u00fc\u015f\u00fcnmeye \u00e7a\u011f\u0131r\u0131yor. Reha \u00c7amuro\u011flu, Son Yeni\u00e7eri ve Kalem Efendisi\u2019nin ard\u0131ndan Komitac\u0131\u2019yla tarih sayfalar\u0131na yeniden bakmam\u0131z\u0131 sa\u011fl\u0131yor.   Fa\u015fizm \u00f6ld\u00fcrmeyi biliyor ancak \u00f6ld\u00fcr\u00fclmekten korkuyor,\u201d diye d\u00fc\u015f\u00fcnd\u00fc Cengiz. \u201cOnlar kadar ac\u0131mas\u0131z ve vah\u015fi olmam\u0131z\u0131 istiyorlar sadece.<\/p>\n","protected":false},"excerpt":{"rendered":"<p>\u201cBurada pi\u015fman olmak da anlams\u0131z.\u201d Reha \u00c7amuro\u011flu, \u201cSon Yeni\u00e7eri\u201d serisinin \u00fc\u00e7\u00fcnc\u00fc kitab\u0131 Komitac\u0131\u2019da \u00e2deta bir tarih sahnesi kurup spot \u0131\u015f\u0131\u011f\u0131n\u0131 1911-1991 aras\u0131na tutuyor. Romanda, Osmanl\u0131\u2019dan Cumhuriyet\u2019e<span class=\"excerpt-hellip\"> [\u2026]<\/span><\/p>\n","protected":false},"featured_media":0,"template":"","meta":{"_monsterinsights_skip_tracking":false,"_monsterinsights_sitenote_active":false,"_monsterinsights_sitenote_note":"","_monsterinsights_sitenote_category":0},"product_brand":[],"product_cat":[12291,12711],"product_tag":[],"class_list":{"0":"post-767176","1":"product","2":"type-product","3":"status-publish","5":"product_cat-edebiyat","6":"product_cat-roman-oyku","7":"pa_cilt-ciltsiz","8":"pa_tur-kitap","9":"pa_yayinevi-everest-yayinlari","10":"pa_yazar-reha-camuroglu","12":"first","13":"instock","14":"sale","15":"shipping-taxable","16":"purchasable","17":"product-type-simple"},"_links":{"self":[{"href":"https:\/\/roveyayinevi.com.tr\/index.php\/wp-json\/wp\/v2\/product\/767176","targetHints":{"allow":["GET"]}}],"collection":[{"href":"https:\/\/roveyayinevi.com.tr\/index.php\/wp-json\/wp\/v2\/product"}],"about":[{"href":"https:\/\/roveyayinevi.com.tr\/index.php\/wp-json\/wp\/v2\/types\/product"}],"wp:attachment":[{"href":"https:\/\/roveyayinevi.com.tr\/index.php\/wp-json\/wp\/v2\/media?parent=767176"}],"wp:term":[{"taxonomy":"product_brand","embeddable":true,"href":"https:\/\/roveyayinevi.com.tr\/index.php\/wp-json\/wp\/v2\/product_brand?post=767176"},{"taxonomy":"product_cat","embeddable":true,"href":"https:\/\/roveyayinevi.com.tr\/index.php\/wp-json\/wp\/v2\/product_cat?post=767176"},{"taxonomy":"product_tag","embeddable":true,"href":"https:\/\/roveyayinevi.com.tr\/index.php\/wp-json\/wp\/v2\/product_tag?post=767176"}],"curies":[{"name":"wp","href":"https:\/\/api.w.org\/{rel}","templated":true}]}}